{"id":38,"date":"2025-07-04T07:39:04","date_gmt":"2025-07-04T07:39:04","guid":{"rendered":"https:\/\/a1magic.cool\/?page_id=38"},"modified":"2025-07-13T18:40:27","modified_gmt":"2025-07-13T18:40:27","slug":"%d0%be-%d0%bd%d0%b0%d0%bc%d0%b0","status":"publish","type":"page","link":"https:\/\/a1magic.cool\/sr\/o-nas\/","title":{"rendered":"\u041e \u043d\u0430\u043c\u0430"},"content":{"rendered":"<section class=\"bde-section-38-100 bde-section\">\n  \n  \n\t\n\n\n\n<div class=\"section-container\"><div class=\"bde-columns-38-101 bde-columns\"><div class=\"bde-column-38-102 bde-column\">\n  \n  \n\t\n\n\n\n<h2 class=\"bde-heading-38-105 bde-heading\">\n\u041f\u0438\u043e\u043d\u0438\u0440\u0438 \u0443 \u0432\u0435\u043d\u0442\u0438\u043b\u0430\u0446\u0438\u0458\u0438 \u0441\u0442\u0430\u043c\u0431\u0435\u043d\u0438\u0445 \u043e\u0431\u0458\u0435\u043a\u0430\u0442\u0430 \u043e\u0434 2007. \u0433\u043e\u0434\u0438\u043d\u0435\n<\/h2>\n<\/div><div class=\"bde-column-38-104 bde-column\">\n  \n  \n\t\n\n\n\n<div class=\"bde-rich-text-38-106 bde-rich-text breakdance-rich-text-styles\">\n<p>\u041c\u0438 \u0441\u043c\u043e \u0442\u0438\u043c \u0435\u043d\u0442\u0443\u0437\u0438\u0458\u0430\u0441\u0442\u0430 \u0437\u0430 \u043d\u0438\u0441\u043a\u043e\u0435\u043d\u0435\u0440\u0433\u0435\u0442\u0441\u043a\u0435 \u043a\u0443\u045b\u0435 \u0441\u0430 \u0434\u0443\u0433\u043e\u0433\u043e\u0434\u0438\u0448\u045a\u0438\u043c \u0438\u0441\u043a\u0443\u0441\u0442\u0432\u043e\u043c \u0443 \u043a\u043b\u0438\u043c\u0430\u0442\u0438\u0437\u0430\u0446\u0438\u0458\u0438, \u0445\u043b\u0430\u0452\u0435\u045a\u0443 \u0438 \u0433\u0440\u0435\u0458\u0430\u045a\u0443.<\/p>\n<p>\u041d\u0435\u043a\u0438 \u043e\u0434 \u043d\u0430\u0441 \u0441\u0443 \u0443 \u0438\u043d\u0434\u0443\u0441\u0442\u0440\u0438\u0458\u0438 \u0441\u043a\u043e\u0440\u043e \u0434\u0432\u0430\u0434\u0435\u0441\u0435\u0442 \u0433\u043e\u0434\u0438\u043d\u0430.<\/p>\n<p>\u041f\u0440\u043e\u0447\u0438\u0442\u0430\u0458\u0442\u0435 \u0432\u0438\u0448\u0435 \u043e \u0442\u043e\u043c\u0435 \u0448\u0442\u0430 \u0441\u0443 \u043d\u0430\u0448\u0438 \u0441\u0430\u0440\u0430\u0434\u043d\u0438\u0446\u0438 \u043f\u043e\u0441\u0442\u0438\u0433\u043b\u0438 \u0443 \u043f\u0440\u043e\u0448\u043b\u043e\u0441\u0442\u0438.<\/p>\n<\/div>\n<\/div><\/div><\/div>\n<\/section><section class=\"bde-section-38-108 bde-section\">\n  \n  \n\t\n\n\n\n<div class=\"section-container\"><div class=\"de-timeline-38-110 de-timeline\">\n\n\n\n\n\n\t\t<div class=\"de-cols\">\n  \t\t <div class=\"de-col de-date\">\n            \t    <\/div>\n \t\t <div class=\"de-line\">\n          \t<div class=\"de-dot\">\n                       \t<div class=\"de-timeline-icon\">\n            \t<svg xmlns=\"http:\/\/www.w3.org\/2000\/svg\" viewbox=\"0 0 512 512\"><!--! Font Awesome Free 6.5.1 by @fontawesome - https:\/\/fontawesome.com License - https:\/\/fontawesome.com\/license\/free (Icons: CC BY 4.0, Fonts: SIL OFL 1.1, Code: MIT License) Copyright 2023 Fonticons, Inc. --><path d=\"M464 256A208 208 0 1 0 48 256a208 208 0 1 0 416 0zM0 256a256 256 0 1 1 512 0A256 256 0 1 1 0 256zm256-96a96 96 0 1 1 0 192 96 96 0 1 1 0-192z\"\/><\/svg>\n            <\/div>\n                       <\/div>\n          <\/div>\n       <div class=\"de-col de-content\">\n                     <img loading=\"lazy\" decoding=\"async\" class=\"breakdance-image-object\" src=\"https:\/\/a1magic.cool\/wp-content\/uploads\/2025\/07\/rozhovor_roman.jpg\" width=\"690\" height=\"434\" srcset=\"https:\/\/a1magic.cool\/wp-content\/uploads\/2025\/07\/rozhovor_roman.jpg 690w, https:\/\/a1magic.cool\/wp-content\/uploads\/2025\/07\/rozhovor_roman-300x189.jpg 300w, https:\/\/a1magic.cool\/wp-content\/uploads\/2025\/07\/rozhovor_roman-18x12.jpg 18w\" sizes=\"auto, (max-width: 690px) 100vw, 690px\">\n                            <div class=\"de-text-content\">\n                       <h4 class=\"de-heading\">2007<\/h4>\n                                 <p>\u0408\u0435\u0437\u0433\u0440\u043e \u043d\u0430\u0448\u0435\u0433 \u0442\u0438\u043c\u0430 \u0458\u0435 \u043f\u043e\u043a\u0440\u0435\u0442\u0430\u045a\u0435 \u043f\u043e\u0441\u043b\u043e\u0432\u0430\u045a\u0430 \u0443 \u043e\u0431\u043b\u0430\u0441\u0442\u0438 \u043a\u043b\u0438\u043c\u0430\u0442\u0438\u0437\u0430\u0446\u0438\u0458\u0435 \u0438 \u0432\u0435\u043d\u0442\u0438\u043b\u0430\u0446\u0438\u0458\u0435, \u0441\u0430 \u043d\u0430\u0433\u043b\u0430\u0441\u043a\u043e\u043c \u043d\u0430 \u0441\u043d\u0430\u0431\u0434\u0435\u0432\u0430\u045a\u0443 \u0441\u0430\u043c\u043e \u0432\u0438\u0441\u043e\u043a\u043e\u043a\u0432\u0430\u043b\u0438\u0442\u0435\u0442\u043d\u0438\u043c \u043a\u043b\u0438\u043c\u0430 \u0443\u0440\u0435\u0452\u0430\u0458\u0438\u043c\u0430.\u00a0<\/p>\n                    <\/div>\n          \t    <\/div>\n         <\/div>\n\t\t<div class=\"de-cols\">\n  \t\t <div class=\"de-col de-date\">\n            \t    <\/div>\n \t\t <div class=\"de-line\">\n          \t<div class=\"de-dot\">\n                       \t<div class=\"de-timeline-icon\">\n            \t<svg xmlns=\"http:\/\/www.w3.org\/2000\/svg\" viewbox=\"0 0 512 512\"><!--! Font Awesome Free 6.5.1 by @fontawesome - https:\/\/fontawesome.com License - https:\/\/fontawesome.com\/license\/free (Icons: CC BY 4.0, Fonts: SIL OFL 1.1, Code: MIT License) Copyright 2023 Fonticons, Inc. --><path d=\"M464 256A208 208 0 1 0 48 256a208 208 0 1 0 416 0zM0 256a256 256 0 1 1 512 0A256 256 0 1 1 0 256zm256-96a96 96 0 1 1 0 192 96 96 0 1 1 0-192z\"\/><\/svg>\n            <\/div>\n                       <\/div>\n          <\/div>\n       <div class=\"de-col de-content\">\n                           <div class=\"de-text-content\">\n                       <h4 class=\"de-heading\">2008<\/h4>\n                                 <p>\u0424\u043e\u043a\u0443\u0441 \u0441\u0435 \u043f\u0440\u0432\u0435\u043d\u0441\u0442\u0432\u0435\u043d\u043e \u043f\u043e\u043c\u0435\u0440\u0430 \u043d\u0430 \u0441\u0435\u043a\u0442\u043e\u0440 \u0432\u0435\u043d\u0442\u0438\u043b\u0430\u0446\u0438\u0458\u0435 \u0441\u0430 \u0440\u0435\u043a\u0443\u043f\u0435\u0440\u0430\u0446\u0438\u0458\u043e\u043c \u0442\u043e\u043f\u043b\u043e\u0442\u0435 \u2014 \u0443\u0433\u0440\u0430\u0434\u045a\u0443 \u043a\u0430\u043d\u0430\u0434\u0441\u043a\u0438\u0445 \u0432\u0435\u043d\u0442\u0438\u043b\u0430\u0446\u0438\u043e\u043d\u0438\u0445 \u0458\u0435\u0434\u0438\u043d\u0438\u0446\u0430 \u0441\u0430 \u0440\u0435\u043a\u0443\u043f\u0435\u0440\u0430\u0446\u0438\u0458\u043e\u043c \u0442\u043e\u043f\u043b\u043e\u0442\u0435 Lifebreath. \u0423 \u0432\u0440\u0435\u043c\u0435 \u043a\u0430\u0434\u0430 \u0458\u0435 \u043e\u0432\u0430 \u0442\u0435\u0445\u043d\u043e\u043b\u043e\u0433\u0438\u0458\u0430 \u0458\u043e\u0448 \u0443\u0432\u0435\u043a \u0433\u043e\u0442\u043e\u0432\u043e \u043d\u0435\u043f\u043e\u0437\u043d\u0430\u0442\u0430, \u043d\u0430\u0448\u0435 \u043a\u043e\u043b\u0435\u0433\u0435 \u0435\u0434\u0443\u043a\u0443\u0458\u0443 \u0442\u0440\u0436\u0438\u0448\u0442\u0435 \u0438 \u0441\u0442\u043e\u0433\u0430 \u0441\u0443 \u043c\u0435\u0452\u0443 \u043f\u0438\u043e\u043d\u0438\u0440\u0438\u043c\u0430 \u0443 \u043e\u0432\u043e\u0458 \u043e\u0431\u043b\u0430\u0441\u0442\u0438 \u0443 \u0427\u0435\u0448\u043a\u043e\u0458 \u0420\u0435\u043f\u0443\u0431\u043b\u0438\u0446\u0438.<\/p>\n                    <\/div>\n          \t    <\/div>\n         <\/div>\n\t\t<div class=\"de-cols\">\n  \t\t <div class=\"de-col de-date\">\n            \t    <\/div>\n \t\t <div class=\"de-line\">\n          \t<div class=\"de-dot\">\n                       \t<div class=\"de-timeline-icon\">\n            \t<svg xmlns=\"http:\/\/www.w3.org\/2000\/svg\" viewbox=\"0 0 512 512\"><!--! Font Awesome Free 6.5.1 by @fontawesome - https:\/\/fontawesome.com License - https:\/\/fontawesome.com\/license\/free (Icons: CC BY 4.0, Fonts: SIL OFL 1.1, Code: MIT License) Copyright 2023 Fonticons, Inc. --><path d=\"M464 256A208 208 0 1 0 48 256a208 208 0 1 0 416 0zM0 256a256 256 0 1 1 512 0A256 256 0 1 1 0 256zm256-96a96 96 0 1 1 0 192 96 96 0 1 1 0-192z\"\/><\/svg>\n            <\/div>\n                       <\/div>\n          <\/div>\n       <div class=\"de-col de-content\">\n                     <img loading=\"lazy\" decoding=\"async\" class=\"breakdance-image-object\" src=\"https:\/\/a1magic.cool\/wp-content\/uploads\/2025\/07\/ultima_komplet.jpg\" width=\"580\" height=\"562\" srcset=\"https:\/\/a1magic.cool\/wp-content\/uploads\/2025\/07\/ultima_komplet.jpg 580w, https:\/\/a1magic.cool\/wp-content\/uploads\/2025\/07\/ultima_komplet-300x291.jpg 300w, https:\/\/a1magic.cool\/wp-content\/uploads\/2025\/07\/ultima_komplet-12x12.jpg 12w\" sizes=\"auto, (max-width: 580px) 100vw, 580px\">\n                            <div class=\"de-text-content\">\n                       <h4 class=\"de-heading\">2009<\/h4>\n                                 <p>\u041f\u0440\u0432\u0438 \u043f\u0440\u043e\u0442\u043e\u0442\u0438\u043f \u043d\u043e\u0432\u043e\u0433 \u0423\u043b\u0442\u0438\u043c\u0430 \u0443\u0440\u0435\u0452\u0430\u0458\u0430 \u0441\u0435 \u0441\u0442\u0432\u0430\u0440\u0430 \u0443 \u0440\u0430\u0434\u0438\u043e\u043d\u0438\u0446\u0438 \u0443 \u0412\u0438\u0437\u043e\u0432\u0438\u0446\u0430\u043c\u0430. \u041c\u0435\u0445\u0430\u043d\u0438\u0447\u043a\u0438 \u0434\u0438\u0437\u0430\u0458\u043d \u0458\u0435 \u043a\u0440\u0435\u0438\u0440\u0430\u043e \u043a\u043e\u043d\u0441\u0442\u0440\u0443\u043a\u0442\u043e\u0440 \u043a\u043e\u0458\u0438 \u0438 \u0434\u0430\u043d\u0430\u0441 \u0440\u0430\u0434\u0438 \u0441\u0430 \u043d\u0430\u043c\u0430.<\/p>\n                    <\/div>\n          \t    <\/div>\n         <\/div>\n\t\t<div class=\"de-cols\">\n  \t\t <div class=\"de-col de-date\">\n            \t    <\/div>\n \t\t <div class=\"de-line\">\n          \t<div class=\"de-dot\">\n                       \t<div class=\"de-timeline-icon\">\n            \t<svg xmlns=\"http:\/\/www.w3.org\/2000\/svg\" viewbox=\"0 0 512 512\"><!--! Font Awesome Free 6.5.1 by @fontawesome - https:\/\/fontawesome.com License - https:\/\/fontawesome.com\/license\/free (Icons: CC BY 4.0, Fonts: SIL OFL 1.1, Code: MIT License) Copyright 2023 Fonticons, Inc. --><path d=\"M464 256A208 208 0 1 0 48 256a208 208 0 1 0 416 0zM0 256a256 256 0 1 1 512 0A256 256 0 1 1 0 256zm256-96a96 96 0 1 1 0 192 96 96 0 1 1 0-192z\"\/><\/svg>\n            <\/div>\n                       <\/div>\n          <\/div>\n       <div class=\"de-col de-content\">\n                     <img loading=\"lazy\" decoding=\"async\" class=\"breakdance-image-object\" src=\"https:\/\/a1magic.cool\/wp-content\/uploads\/2025\/07\/ultima_front_1-1.jpg\" width=\"981\" height=\"442\" srcset=\"https:\/\/a1magic.cool\/wp-content\/uploads\/2025\/07\/ultima_front_1-1.jpg 981w, https:\/\/a1magic.cool\/wp-content\/uploads\/2025\/07\/ultima_front_1-1-300x135.jpg 300w, https:\/\/a1magic.cool\/wp-content\/uploads\/2025\/07\/ultima_front_1-1-768x346.jpg 768w, https:\/\/a1magic.cool\/wp-content\/uploads\/2025\/07\/ultima_front_1-1-18x8.jpg 18w\" sizes=\"auto, (max-width: 981px) 100vw, 981px\">\n                            <div class=\"de-text-content\">\n                       <h4 class=\"de-heading\">2010<\/h4>\n                                 <p>\u0412\u0435\u043d\u0442\u0438\u043b\u0430\u0446\u0438\u043e\u043d\u0430 \u0458\u0435\u0434\u0438\u043d\u0438\u0446\u0430 Ultima \u0441\u0435 \u0443\u0441\u043f\u0435\u0448\u043d\u043e \u043f\u0440\u043e\u0438\u0437\u0432\u043e\u0434\u0438 \u043e\u0434 2010. \u0433\u043e\u0434\u0438\u043d\u0435. \u041f\u0440\u043e\u0438\u0437\u0432\u043e\u0434 \u043a\u043e\u0440\u0438\u0441\u0442\u0438 \u0438\u0437\u043c\u0435\u045a\u0438\u0432\u0430\u0447 Recair \u0432\u0438\u0441\u0438\u043d\u0435 50 \u0446\u043c \u0438 \u0442\u0435\u0440\u043c\u0438\u0447\u043a\u0435 \u0435\u0444\u0438\u043a\u0430\u0441\u043d\u043e\u0441\u0442\u0438 \u043f\u0440\u0435\u043a\u043e 90 % \u0438 \u043c\u043e\u0442\u043e\u0440\u0435 \u0441\u0430 \u043a\u043e\u043d\u0441\u0442\u0430\u043d\u0442\u043d\u0438\u043c \u043f\u0440\u043e\u0442\u043e\u043a\u043e\u043c \u0432\u0430\u0437\u0434\u0443\u0445\u0430. \u0421\u0432\u0435 \u043a\u043e\u043d\u0442\u0440\u043e\u043b\u0438\u0448\u0435 \u0441\u043e\u043f\u0441\u0442\u0432\u0435\u043d\u0430 \u0435\u043b\u0435\u043a\u0442\u0440\u043e\u043d\u0438\u043a\u0430 \u0441\u0430 \u0432\u0435\u043e\u043c\u0430 \u043d\u0430\u043f\u0440\u0435\u0434\u043d\u0438\u043c \u0444\u0443\u043d\u043a\u0446\u0438\u0458\u0430\u043c\u0430 \u0437\u0430 \u0441\u0432\u043e\u0458\u0435 \u0432\u0440\u0435\u043c\u0435.<\/p>\n                    <\/div>\n          \t    <\/div>\n         <\/div>\n\t\t<div class=\"de-cols\">\n  \t\t <div class=\"de-col de-date\">\n            \t    <\/div>\n \t\t <div class=\"de-line\">\n          \t<div class=\"de-dot\">\n                       \t<div class=\"de-timeline-icon\">\n            \t<svg xmlns=\"http:\/\/www.w3.org\/2000\/svg\" viewbox=\"0 0 512 512\"><!--! Font Awesome Free 6.5.1 by @fontawesome - https:\/\/fontawesome.com License - https:\/\/fontawesome.com\/license\/free (Icons: CC BY 4.0, Fonts: SIL OFL 1.1, Code: MIT License) Copyright 2023 Fonticons, Inc. --><path d=\"M464 256A208 208 0 1 0 48 256a208 208 0 1 0 416 0zM0 256a256 256 0 1 1 512 0A256 256 0 1 1 0 256zm256-96a96 96 0 1 1 0 192 96 96 0 1 1 0-192z\"\/><\/svg>\n            <\/div>\n                       <\/div>\n          <\/div>\n       <div class=\"de-col de-content\">\n                     <img loading=\"lazy\" decoding=\"async\" class=\"breakdance-image-object\" src=\"https:\/\/a1magic.cool\/wp-content\/uploads\/2025\/07\/ultima_ierv_1.jpg\" width=\"1076\" height=\"562\" srcset=\"https:\/\/a1magic.cool\/wp-content\/uploads\/2025\/07\/ultima_ierv_1.jpg 1076w, https:\/\/a1magic.cool\/wp-content\/uploads\/2025\/07\/ultima_ierv_1-300x157.jpg 300w, https:\/\/a1magic.cool\/wp-content\/uploads\/2025\/07\/ultima_ierv_1-1024x535.jpg 1024w, https:\/\/a1magic.cool\/wp-content\/uploads\/2025\/07\/ultima_ierv_1-768x401.jpg 768w, https:\/\/a1magic.cool\/wp-content\/uploads\/2025\/07\/ultima_ierv_1-18x9.jpg 18w\" sizes=\"auto, (max-width: 1076px) 100vw, 1076px\">\n                            <div class=\"de-text-content\">\n                       <h4 class=\"de-heading\">2013<\/h4>\n                                 <p>\u041d\u0430 \u0442\u0440\u0436\u0438\u0448\u0442\u0435 \u0458\u0435 \u043b\u0430\u043d\u0441\u0438\u0440\u0430\u043d \u043f\u0440\u043e\u0438\u0437\u0432\u043e\u0434 Ultima i-ERV \u0438\u0441\u0442\u0438\u0445 \u0434\u0438\u0437\u0430\u0458\u043d\u0435\u0440\u0430. \u0423\u0440\u0435\u0452\u0430\u0458 \u043a\u043e\u0440\u0438\u0441\u0442\u0438 \u043f\u043e\u0442\u043f\u0443\u043d\u043e \u0440\u0435\u0432\u043e\u043b\u0443\u0446\u0438\u043e\u043d\u0430\u0440\u043d\u0438 \u043a\u043e\u043d\u0446\u0435\u043f\u0442 \u0435\u043d\u0442\u0430\u043b\u043f\u0438\u0458\u0441\u043a\u043e\u0433 \u0438\u0437\u043c\u0435\u045a\u0438\u0432\u0430\u0447\u0430 \u0438 \u0432\u0435\u043e\u043c\u0430 \u043d\u0430\u043f\u0440\u0435\u0434\u0430\u043d \u043f\u0430\u0442\u0435\u043d\u0442\u0438\u0440\u0430\u043d\u0438 \u0441\u0438\u0441\u0442\u0435\u043c \u0443\u043f\u0440\u0430\u0432\u0459\u0430\u045a\u0430.<\/p>\n                    <\/div>\n          \t    <\/div>\n         <\/div>\n\t\t<div class=\"de-cols\">\n  \t\t <div class=\"de-col de-date\">\n            \t    <\/div>\n \t\t <div class=\"de-line\">\n          \t<div class=\"de-dot\">\n                       \t<div class=\"de-timeline-icon\">\n            \t<svg xmlns=\"http:\/\/www.w3.org\/2000\/svg\" viewbox=\"0 0 512 512\"><!--! Font Awesome Free 6.5.1 by @fontawesome - https:\/\/fontawesome.com License - https:\/\/fontawesome.com\/license\/free (Icons: CC BY 4.0, Fonts: SIL OFL 1.1, Code: MIT License) Copyright 2023 Fonticons, Inc. --><path d=\"M464 256A208 208 0 1 0 48 256a208 208 0 1 0 416 0zM0 256a256 256 0 1 1 512 0A256 256 0 1 1 0 256zm256-96a96 96 0 1 1 0 192 96 96 0 1 1 0-192z\"\/><\/svg>\n            <\/div>\n                       <\/div>\n          <\/div>\n       <div class=\"de-col de-content\">\n                     <img loading=\"lazy\" decoding=\"async\" class=\"breakdance-image-object\" src=\"https:\/\/a1magic.cool\/wp-content\/uploads\/2025\/07\/Rectangle-137.jpg\" width=\"536\" height=\"492\" srcset=\"https:\/\/a1magic.cool\/wp-content\/uploads\/2025\/07\/Rectangle-137.jpg 536w, https:\/\/a1magic.cool\/wp-content\/uploads\/2025\/07\/Rectangle-137-300x275.jpg 300w, https:\/\/a1magic.cool\/wp-content\/uploads\/2025\/07\/Rectangle-137-13x12.jpg 13w\" sizes=\"auto, (max-width: 536px) 100vw, 536px\">\n                            <div class=\"de-text-content\">\n                       <h4 class=\"de-heading\">2015<\/h4>\n                                 <p>\u041f\u043e\u0434 \u0437\u0430\u0441\u0442\u0430\u0432\u043e\u043c \u0432\u0435\u043b\u0438\u043a\u0435 \u0447\u0435\u0448\u043a\u0435 \u043a\u043e\u043c\u043f\u0430\u043d\u0438\u0458\u0435, \u043d\u0430\u0448\u0438 \u0459\u0443\u0434\u0438 \u0443\u0447\u0435\u0441\u0442\u0432\u0443\u0458\u0443 \u0443 \u0441\u0442\u0432\u0430\u0440\u0430\u045a\u0443 \u043f\u043e\u0442\u043f\u0443\u043d\u043e \u043d\u043e\u0432\u043e\u0433 \u043f\u043e\u0440\u0442\u0444\u043e\u043b\u0438\u0458\u0430 \u043f\u0440\u043e\u0438\u0437\u0432\u043e\u0434\u0430, \u043f\u0440\u0435\u0434\u0432\u043e\u0452\u0435\u043d\u043e\u0433 \u0431\u0435\u0437\u0432\u0440\u0435\u043c\u0435\u043d\u0441\u043a\u043e\u043c \u0458\u0435\u0434\u0438\u043d\u0438\u0446\u043e\u043c \u0437\u0430 \u0440\u0435\u043a\u0443\u043f\u0435\u0440\u0430\u0446\u0438\u0458\u0443. \u041e\u0432\u0430 \u0441\u0430\u0440\u0430\u0434\u045a\u0430 \u0441\u0435 \u0437\u0430\u0432\u0440\u0448\u0430\u0432\u0430 \u0443 \u0458\u0435\u0441\u0435\u043d 2023. \u0433\u043e\u0434\u0438\u043d\u0435.<\/p>\n                    <\/div>\n          \t    <\/div>\n         <\/div>\n\t\t<div class=\"de-cols\">\n  \t\t <div class=\"de-col de-date\">\n            \t    <\/div>\n \t\t <div class=\"de-line\">\n          \t<div class=\"de-dot\">\n                       \t<div class=\"de-timeline-icon\">\n            \t<svg xmlns=\"http:\/\/www.w3.org\/2000\/svg\" viewbox=\"0 0 512 512\"><!--! Font Awesome Free 6.5.1 by @fontawesome - https:\/\/fontawesome.com License - https:\/\/fontawesome.com\/license\/free (Icons: CC BY 4.0, Fonts: SIL OFL 1.1, Code: MIT License) Copyright 2023 Fonticons, Inc. --><path d=\"M464 256A208 208 0 1 0 48 256a208 208 0 1 0 416 0zM0 256a256 256 0 1 1 512 0A256 256 0 1 1 0 256zm256-96a96 96 0 1 1 0 192 96 96 0 1 1 0-192z\"\/><\/svg>\n            <\/div>\n                       <\/div>\n          <\/div>\n       <div class=\"de-col de-content\">\n                           <div class=\"de-text-content\">\n                       <h4 class=\"de-heading\">2024<\/h4>\n                                 <p>\u041e\u0441\u043d\u043e\u0432\u0430\u043d \u0458\u0435 BIG MAGIC \u0438 \u043d\u043e\u0432\u0430 \u0433\u0435\u043d\u0435\u0440\u0430\u0446\u0438\u0458\u0430 \u0432\u0435\u043d\u0442\u0438\u043b\u0430\u0446\u0438\u043e\u043d\u0438\u0445 \u0458\u0435\u0434\u0438\u043d\u0438\u0446\u0430 \u0441\u0430 \u0438\u043d\u0442\u0435\u0433\u0440\u0438\u0441\u0430\u043d\u0438\u043c \u0445\u043b\u0430\u0452\u0435\u045a\u0435\u043c, \u0433\u0440\u0435\u0458\u0430\u045a\u0435\u043c \u0438 \u043a\u043e\u043d\u0442\u0440\u043e\u043b\u043e\u043c \u0437\u043e\u043d\u0441\u043a\u0435 \u0432\u0435\u043d\u0442\u0438\u043b\u0430\u0446\u0438\u0458\u0435. \u041f\u0440\u0435\u0434\u0441\u0442\u0430\u0432\u0459\u0430\u043c\u043e \u0444\u0443\u043d\u043a\u0446\u0438\u043e\u043d\u0430\u043b\u043d\u0438 \u043f\u0440\u043e\u0442\u043e\u0442\u0438\u043f \u043d\u0430 \u0441\u0430\u0458\u043c\u0443 For Arch \u0443 \u041f\u0440\u0430\u0433\u0443.\u00a0<\/p>\n                    <\/div>\n          \t    <\/div>\n         <\/div>\n\t\t<div class=\"de-cols\">\n  \t\t <div class=\"de-col de-date\">\n            \t    <\/div>\n \t\t <div class=\"de-line\">\n          \t<div class=\"de-dot\">\n                       \t<div class=\"de-timeline-icon\">\n            \t<svg xmlns=\"http:\/\/www.w3.org\/2000\/svg\" viewbox=\"0 0 512 512\"><!--! Font Awesome Free 6.5.1 by @fontawesome - https:\/\/fontawesome.com License - https:\/\/fontawesome.com\/license\/free (Icons: CC BY 4.0, Fonts: SIL OFL 1.1, Code: MIT License) Copyright 2023 Fonticons, Inc. --><path d=\"M464 256A208 208 0 1 0 48 256a208 208 0 1 0 416 0zM0 256a256 256 0 1 1 512 0A256 256 0 1 1 0 256zm256-96a96 96 0 1 1 0 192 96 96 0 1 1 0-192z\"\/><\/svg>\n            <\/div>\n                       <\/div>\n          <\/div>\n       <div class=\"de-col de-content\">\n                     <img loading=\"lazy\" decoding=\"async\" class=\"breakdance-image-object\" src=\"https:\/\/a1magic.cool\/wp-content\/uploads\/2025\/07\/2025.jpg\" width=\"884\" height=\"442\" srcset=\"https:\/\/a1magic.cool\/wp-content\/uploads\/2025\/07\/2025.jpg 884w, https:\/\/a1magic.cool\/wp-content\/uploads\/2025\/07\/2025-300x150.jpg 300w, https:\/\/a1magic.cool\/wp-content\/uploads\/2025\/07\/2025-768x384.jpg 768w, https:\/\/a1magic.cool\/wp-content\/uploads\/2025\/07\/2025-18x9.jpg 18w\" sizes=\"auto, (max-width: 884px) 100vw, 884px\">\n                            <div class=\"de-text-content\">\n                       <h4 class=\"de-heading\">2025<\/h4>\n                                 <p>\u0423\u0447\u0435\u0441\u0442\u0432\u0443\u0458\u0435\u043c\u043e \u043d\u0430 \u0432\u0430\u0436\u043d\u043e\u043c \u043c\u0435\u0452\u0443\u043d\u0430\u0440\u043e\u0434\u043d\u043e\u043c \u0441\u0430\u0458\u043c\u0443 ISH \u0424\u0440\u0430\u043d\u043a\u0444\u0443\u0440\u0442. \u041d\u0430\u0448 \u0448\u0442\u0430\u043d\u0434 \u043f\u0440\u0438\u0432\u043b\u0430\u0447\u0438 \u0438\u043d\u0442\u0435\u0440\u0435\u0441\u043e\u0432\u0430\u045a\u0435 \u043f\u0430\u0440\u0442\u043d\u0435\u0440\u0430 \u0438\u0437 \u043c\u043d\u043e\u0433\u0438\u0445 \u0437\u0435\u043c\u0430\u0459\u0430 \u0415\u0432\u0440\u043e\u043f\u0435 \u0438 \u0448\u0438\u0440\u0435.<\/p>\n                    <\/div>\n          \t    <\/div>\n         <\/div>\n<\/div><div class=\"bde-video-38-112 bde-video\">\n<div class=\"ee-video-container\">\n                                                                        \n                <lite-youtube\n                        videoid=\"dNMX_o6BjAk\"\n                                                style=\"background-image: url(https:\/\/i.ytimg.com\/vi\/dNMX_o6BjAk\/maxresdefault.jpg); \"\n                        class=\"ee-video\"\n                        title=\"\"\n                        params=\"&playsinline=0&rel=0&enablejsapi=1\"\n                >\n                <\/lite-youtube>\n                    \n        \n            \n    <\/div>\n\n<\/div><\/div>\n<\/section>","protected":false},"excerpt":{"rendered":"<p>Pr\u016fkopn\u00edci reziden\u010dn\u00edho v\u011btr\u00e1n\u00ed u\u017e od roku 2007 Jsme t\u00fdm nad\u0161enc\u016f do n\u00edzkoenergetick\u00e9ho bydlen\u00ed, s mnohalet\u00fdmi zku\u0161enostmi se vzduchotechnikou, chlazen\u00edm a vyt\u00e1p\u011bn\u00edm. N\u011bkte\u0159\u00ed z n\u00e1s p\u016fsob\u00ed v oboru u\u017e t\u00e9m\u011b\u0159 dvacet let. P\u0159e\u010dt\u011bte si v\u00edce o tom, \u010deho na\u0161i spolupracovn\u00edci v minulosti dos\u00e1hli. 2007 J\u00e1dro na\u0161eho t\u00fdmu za\u010d\u00edn\u00e1 podnikat v oboru klimatizace a vzduchotechnika. Klade p\u0159i [&hellip;]<\/p>\n","protected":false},"author":1,"featured_media":0,"parent":0,"menu_order":0,"comment_status":"closed","ping_status":"closed","template":"","meta":{"_acf_changed":false,"_breakdance_hide_in_design_set":false,"_breakdance_tags":"","footnotes":""},"class_list":["post-38","page","type-page","status-publish","hentry"],"acf":[],"_links":{"self":[{"href":"https:\/\/a1magic.cool\/sr\/wp-json\/wp\/v2\/pages\/38","targetHints":{"allow":["GET"]}}],"collection":[{"href":"https:\/\/a1magic.cool\/sr\/wp-json\/wp\/v2\/pages"}],"about":[{"href":"https:\/\/a1magic.cool\/sr\/wp-json\/wp\/v2\/types\/page"}],"author":[{"embeddable":true,"href":"https:\/\/a1magic.cool\/sr\/wp-json\/wp\/v2\/users\/1"}],"replies":[{"embeddable":true,"href":"https:\/\/a1magic.cool\/sr\/wp-json\/wp\/v2\/comments?post=38"}],"version-history":[{"count":6,"href":"https:\/\/a1magic.cool\/sr\/wp-json\/wp\/v2\/pages\/38\/revisions"}],"predecessor-version":[{"id":369,"href":"https:\/\/a1magic.cool\/sr\/wp-json\/wp\/v2\/pages\/38\/revisions\/369"}],"wp:attachment":[{"href":"https:\/\/a1magic.cool\/sr\/wp-json\/wp\/v2\/media?parent=38"}],"curies":[{"name":"\u0412\u041f","href":"https:\/\/api.w.org\/{rel}","templated":true}]}}