{"id":38,"date":"2025-07-04T07:39:04","date_gmt":"2025-07-04T07:39:04","guid":{"rendered":"https:\/\/a1magic.cool\/?page_id=38"},"modified":"2025-07-13T18:40:27","modified_gmt":"2025-07-13T18:40:27","slug":"o-nas","status":"publish","type":"page","link":"https:\/\/a1magic.cool\/sk\/o-nas\/","title":{"rendered":"O n\u00e1s"},"content":{"rendered":"<section class=\"bde-section-38-100 bde-section\">\n  \n  \n\t\n\n\n\n<div class=\"section-container\"><div class=\"bde-columns-38-101 bde-columns\"><div class=\"bde-column-38-102 bde-column\">\n  \n  \n\t\n\n\n\n<h2 class=\"bde-heading-38-105 bde-heading\">\nPriekopn\u00edci vetrania obytn\u00fdch priestorov od roku 2007\n<\/h2>\n<\/div><div class=\"bde-column-38-104 bde-column\">\n  \n  \n\t\n\n\n\n<div class=\"bde-rich-text-38-106 bde-rich-text breakdance-rich-text-styles\">\n<p>Sme t\u00edm nad\u0161encov n\u00edzkoenergetick\u00e9ho b\u00fdvania s dlhoro\u010dn\u00fdmi sk\u00fasenos\u0165ami v oblasti vykurovania, chladenia a klimatiz\u00e1cie.<\/p>\n<p>Niektor\u00ed z n\u00e1s pracuj\u00fa v tomto odvetv\u00ed u\u017e takmer dvadsa\u0165 rokov.<\/p>\n<p>Pre\u010d\u00edtajte si viac o tom, \u010do na\u0161i spolupracovn\u00edci dosiahli v minulosti.<\/p>\n<\/div>\n<\/div><\/div><\/div>\n<\/section><section class=\"bde-section-38-108 bde-section\">\n  \n  \n\t\n\n\n\n<div class=\"section-container\"><div class=\"de-timeline-38-110 de-timeline\">\n\n\n\n\n\n\t\t<div class=\"de-cols\">\n  \t\t <div class=\"de-col de-date\">\n            \t    <\/div>\n \t\t <div class=\"de-line\">\n          \t<div class=\"de-dot\">\n                       \t<div class=\"de-timeline-icon\">\n            \t<svg xmlns=\"http:\/\/www.w3.org\/2000\/svg\" viewbox=\"0 0 512 512\"><!--! Font Awesome Free 6.5.1 by @fontawesome - https:\/\/fontawesome.com License - https:\/\/fontawesome.com\/license\/free (Icons: CC BY 4.0, Fonts: SIL OFL 1.1, Code: MIT License) Copyright 2023 Fonticons, Inc. --><path d=\"M464 256A208 208 0 1 0 48 256a208 208 0 1 0 416 0zM0 256a256 256 0 1 1 512 0A256 256 0 1 1 0 256zm256-96a96 96 0 1 1 0 192 96 96 0 1 1 0-192z\"\/><\/svg>\n            <\/div>\n                       <\/div>\n          <\/div>\n       <div class=\"de-col de-content\">\n                     <img loading=\"lazy\" decoding=\"async\" class=\"breakdance-image-object\" src=\"https:\/\/a1magic.cool\/wp-content\/uploads\/2025\/07\/rozhovor_roman.jpg\" width=\"690\" height=\"434\" srcset=\"https:\/\/a1magic.cool\/wp-content\/uploads\/2025\/07\/rozhovor_roman.jpg 690w, https:\/\/a1magic.cool\/wp-content\/uploads\/2025\/07\/rozhovor_roman-300x189.jpg 300w, https:\/\/a1magic.cool\/wp-content\/uploads\/2025\/07\/rozhovor_roman-18x12.jpg 18w\" sizes=\"auto, (max-width: 690px) 100vw, 690px\">\n                            <div class=\"de-text-content\">\n                       <h4 class=\"de-heading\">2007<\/h4>\n                                 <p>Jadro n\u00e1\u0161ho t\u00edmu za\u010d\u00edna podnika\u0165 v oblasti HVAC. Pritom kladie d\u00f4raz na dod\u00e1vanie len vysokokvalitn\u00fdch klimatiza\u010dn\u00fdch jednotiek.\u00a0<\/p>\n                    <\/div>\n          \t    <\/div>\n         <\/div>\n\t\t<div class=\"de-cols\">\n  \t\t <div class=\"de-col de-date\">\n            \t    <\/div>\n \t\t <div class=\"de-line\">\n          \t<div class=\"de-dot\">\n                       \t<div class=\"de-timeline-icon\">\n            \t<svg xmlns=\"http:\/\/www.w3.org\/2000\/svg\" viewbox=\"0 0 512 512\"><!--! Font Awesome Free 6.5.1 by @fontawesome - https:\/\/fontawesome.com License - https:\/\/fontawesome.com\/license\/free (Icons: CC BY 4.0, Fonts: SIL OFL 1.1, Code: MIT License) Copyright 2023 Fonticons, Inc. --><path d=\"M464 256A208 208 0 1 0 48 256a208 208 0 1 0 416 0zM0 256a256 256 0 1 1 512 0A256 256 0 1 1 0 256zm256-96a96 96 0 1 1 0 192 96 96 0 1 1 0-192z\"\/><\/svg>\n            <\/div>\n                       <\/div>\n          <\/div>\n       <div class=\"de-col de-content\">\n                           <div class=\"de-text-content\">\n                       <h4 class=\"de-heading\">2008<\/h4>\n                                 <p>Pozornos\u0165 sa pres\u00fava predov\u0161etk\u00fdm na odvetvie vetrania s rekuper\u00e1ciou tepla - in\u0161tal\u00e1ciu kanadsk\u00fdch vetrac\u00edch jednotiek Lifebreath s rekuper\u00e1ciou tepla.V \u010dase, ke\u010f je t\u00e1to technol\u00f3gia e\u0161te takmer nezn\u00e1ma, vzdel\u00e1vaj\u00fa svojich kolegov o trhu a patria tak medzi priekopn\u00edkov v tejto oblasti v krajine.<\/p>\n                    <\/div>\n          \t    <\/div>\n         <\/div>\n\t\t<div class=\"de-cols\">\n  \t\t <div class=\"de-col de-date\">\n            \t    <\/div>\n \t\t <div class=\"de-line\">\n          \t<div class=\"de-dot\">\n                       \t<div class=\"de-timeline-icon\">\n            \t<svg xmlns=\"http:\/\/www.w3.org\/2000\/svg\" viewbox=\"0 0 512 512\"><!--! Font Awesome Free 6.5.1 by @fontawesome - https:\/\/fontawesome.com License - https:\/\/fontawesome.com\/license\/free (Icons: CC BY 4.0, Fonts: SIL OFL 1.1, Code: MIT License) Copyright 2023 Fonticons, Inc. --><path d=\"M464 256A208 208 0 1 0 48 256a208 208 0 1 0 416 0zM0 256a256 256 0 1 1 512 0A256 256 0 1 1 0 256zm256-96a96 96 0 1 1 0 192 96 96 0 1 1 0-192z\"\/><\/svg>\n            <\/div>\n                       <\/div>\n          <\/div>\n       <div class=\"de-col de-content\">\n                     <img loading=\"lazy\" decoding=\"async\" class=\"breakdance-image-object\" src=\"https:\/\/a1magic.cool\/wp-content\/uploads\/2025\/07\/ultima_komplet.jpg\" width=\"580\" height=\"562\" srcset=\"https:\/\/a1magic.cool\/wp-content\/uploads\/2025\/07\/ultima_komplet.jpg 580w, https:\/\/a1magic.cool\/wp-content\/uploads\/2025\/07\/ultima_komplet-300x291.jpg 300w, https:\/\/a1magic.cool\/wp-content\/uploads\/2025\/07\/ultima_komplet-12x12.jpg 12w\" sizes=\"auto, (max-width: 580px) 100vw, 580px\">\n                            <div class=\"de-text-content\">\n                       <h4 class=\"de-heading\">2009<\/h4>\n                                 <p>Prv\u00fd prototyp novej jednotky Ultima sa vyr\u00e1ba v dielni vo Vizoviciach. Na tvorbe aktu\u00e1lnej mechanickej kon\u0161trukcie sa podie\u013eal kon\u0161trukt\u00e9r, ktor\u00fd u n\u00e1s pracuje dodnes.<\/p>\n                    <\/div>\n          \t    <\/div>\n         <\/div>\n\t\t<div class=\"de-cols\">\n  \t\t <div class=\"de-col de-date\">\n            \t    <\/div>\n \t\t <div class=\"de-line\">\n          \t<div class=\"de-dot\">\n                       \t<div class=\"de-timeline-icon\">\n            \t<svg xmlns=\"http:\/\/www.w3.org\/2000\/svg\" viewbox=\"0 0 512 512\"><!--! Font Awesome Free 6.5.1 by @fontawesome - https:\/\/fontawesome.com License - https:\/\/fontawesome.com\/license\/free (Icons: CC BY 4.0, Fonts: SIL OFL 1.1, Code: MIT License) Copyright 2023 Fonticons, Inc. --><path d=\"M464 256A208 208 0 1 0 48 256a208 208 0 1 0 416 0zM0 256a256 256 0 1 1 512 0A256 256 0 1 1 0 256zm256-96a96 96 0 1 1 0 192 96 96 0 1 1 0-192z\"\/><\/svg>\n            <\/div>\n                       <\/div>\n          <\/div>\n       <div class=\"de-col de-content\">\n                     <img loading=\"lazy\" decoding=\"async\" class=\"breakdance-image-object\" src=\"https:\/\/a1magic.cool\/wp-content\/uploads\/2025\/07\/ultima_front_1-1.jpg\" width=\"981\" height=\"442\" srcset=\"https:\/\/a1magic.cool\/wp-content\/uploads\/2025\/07\/ultima_front_1-1.jpg 981w, https:\/\/a1magic.cool\/wp-content\/uploads\/2025\/07\/ultima_front_1-1-300x135.jpg 300w, https:\/\/a1magic.cool\/wp-content\/uploads\/2025\/07\/ultima_front_1-1-768x346.jpg 768w, https:\/\/a1magic.cool\/wp-content\/uploads\/2025\/07\/ultima_front_1-1-18x8.jpg 18w\" sizes=\"auto, (max-width: 981px) 100vw, 981px\">\n                            <div class=\"de-text-content\">\n                       <h4 class=\"de-heading\">2010<\/h4>\n                                 <p>Ventila\u010dn\u00e1 jednotka Ultima sa \u00faspe\u0161ne vyr\u00e1ba od roku 2010.V\u00fdrobok vyu\u017e\u00edva 50 cm vysok\u00fd v\u00fdmenn\u00edk tepla Recair s tepelnou \u00fa\u010dinnos\u0165ou viac ako 90 % a motory s kon\u0161tantn\u00fdm prietokom vzduchu. V\u0161etko riadi vlastn\u00e1 elektronika s na svoju dobu ve\u013emi pokro\u010dil\u00fdmi funkciami.<\/p>\n                    <\/div>\n          \t    <\/div>\n         <\/div>\n\t\t<div class=\"de-cols\">\n  \t\t <div class=\"de-col de-date\">\n            \t    <\/div>\n \t\t <div class=\"de-line\">\n          \t<div class=\"de-dot\">\n                       \t<div class=\"de-timeline-icon\">\n            \t<svg xmlns=\"http:\/\/www.w3.org\/2000\/svg\" viewbox=\"0 0 512 512\"><!--! Font Awesome Free 6.5.1 by @fontawesome - https:\/\/fontawesome.com License - https:\/\/fontawesome.com\/license\/free (Icons: CC BY 4.0, Fonts: SIL OFL 1.1, Code: MIT License) Copyright 2023 Fonticons, Inc. --><path d=\"M464 256A208 208 0 1 0 48 256a208 208 0 1 0 416 0zM0 256a256 256 0 1 1 512 0A256 256 0 1 1 0 256zm256-96a96 96 0 1 1 0 192 96 96 0 1 1 0-192z\"\/><\/svg>\n            <\/div>\n                       <\/div>\n          <\/div>\n       <div class=\"de-col de-content\">\n                     <img loading=\"lazy\" decoding=\"async\" class=\"breakdance-image-object\" src=\"https:\/\/a1magic.cool\/wp-content\/uploads\/2025\/07\/ultima_ierv_1.jpg\" width=\"1076\" height=\"562\" srcset=\"https:\/\/a1magic.cool\/wp-content\/uploads\/2025\/07\/ultima_ierv_1.jpg 1076w, https:\/\/a1magic.cool\/wp-content\/uploads\/2025\/07\/ultima_ierv_1-300x157.jpg 300w, https:\/\/a1magic.cool\/wp-content\/uploads\/2025\/07\/ultima_ierv_1-1024x535.jpg 1024w, https:\/\/a1magic.cool\/wp-content\/uploads\/2025\/07\/ultima_ierv_1-768x401.jpg 768w, https:\/\/a1magic.cool\/wp-content\/uploads\/2025\/07\/ultima_ierv_1-18x9.jpg 18w\" sizes=\"auto, (max-width: 1076px) 100vw, 1076px\">\n                            <div class=\"de-text-content\">\n                       <h4 class=\"de-heading\">2013<\/h4>\n                                 <p>Model Ultima i-ERV uv\u00e1dzaj\u00fa na trh t\u00ed ist\u00ed dizajn\u00e9ri. Zariadenie vyu\u017e\u00edva \u00faplne revolu\u010dn\u00fa koncepciu entalpick\u00e9ho v\u00fdmenn\u00edka a ve\u013emi pokro\u010dil\u00fd patentovan\u00fd riadiaci syst\u00e9m.<\/p>\n                    <\/div>\n          \t    <\/div>\n         <\/div>\n\t\t<div class=\"de-cols\">\n  \t\t <div class=\"de-col de-date\">\n            \t    <\/div>\n \t\t <div class=\"de-line\">\n          \t<div class=\"de-dot\">\n                       \t<div class=\"de-timeline-icon\">\n            \t<svg xmlns=\"http:\/\/www.w3.org\/2000\/svg\" viewbox=\"0 0 512 512\"><!--! Font Awesome Free 6.5.1 by @fontawesome - https:\/\/fontawesome.com License - https:\/\/fontawesome.com\/license\/free (Icons: CC BY 4.0, Fonts: SIL OFL 1.1, Code: MIT License) Copyright 2023 Fonticons, Inc. --><path d=\"M464 256A208 208 0 1 0 48 256a208 208 0 1 0 416 0zM0 256a256 256 0 1 1 512 0A256 256 0 1 1 0 256zm256-96a96 96 0 1 1 0 192 96 96 0 1 1 0-192z\"\/><\/svg>\n            <\/div>\n                       <\/div>\n          <\/div>\n       <div class=\"de-col de-content\">\n                     <img loading=\"lazy\" decoding=\"async\" class=\"breakdance-image-object\" src=\"https:\/\/a1magic.cool\/wp-content\/uploads\/2025\/07\/Rectangle-137.jpg\" width=\"536\" height=\"492\" srcset=\"https:\/\/a1magic.cool\/wp-content\/uploads\/2025\/07\/Rectangle-137.jpg 536w, https:\/\/a1magic.cool\/wp-content\/uploads\/2025\/07\/Rectangle-137-300x275.jpg 300w, https:\/\/a1magic.cool\/wp-content\/uploads\/2025\/07\/Rectangle-137-13x12.jpg 13w\" sizes=\"auto, (max-width: 536px) 100vw, 536px\">\n                            <div class=\"de-text-content\">\n                       <h4 class=\"de-heading\">2015<\/h4>\n                                 <p>Pod z\u00e1\u0161titou v\u00fdznamnej \u010deskej spolo\u010dnosti sa na\u0161i \u013eudia podie\u013eaj\u00fa na tvorbe \u00faplne nov\u00e9ho portf\u00f3lia v\u00fdrobkov na \u010dele s nad\u010dasovou jednotkou na rekuper\u00e1ciu tepla.T\u00e1to spolupr\u00e1ca sa skon\u010d\u00ed na jese\u0148 2023.<\/p>\n                    <\/div>\n          \t    <\/div>\n         <\/div>\n\t\t<div class=\"de-cols\">\n  \t\t <div class=\"de-col de-date\">\n            \t    <\/div>\n \t\t <div class=\"de-line\">\n          \t<div class=\"de-dot\">\n                       \t<div class=\"de-timeline-icon\">\n            \t<svg xmlns=\"http:\/\/www.w3.org\/2000\/svg\" viewbox=\"0 0 512 512\"><!--! Font Awesome Free 6.5.1 by @fontawesome - https:\/\/fontawesome.com License - https:\/\/fontawesome.com\/license\/free (Icons: CC BY 4.0, Fonts: SIL OFL 1.1, Code: MIT License) Copyright 2023 Fonticons, Inc. --><path d=\"M464 256A208 208 0 1 0 48 256a208 208 0 1 0 416 0zM0 256a256 256 0 1 1 512 0A256 256 0 1 1 0 256zm256-96a96 96 0 1 1 0 192 96 96 0 1 1 0-192z\"\/><\/svg>\n            <\/div>\n                       <\/div>\n          <\/div>\n       <div class=\"de-col de-content\">\n                           <div class=\"de-text-content\">\n                       <h4 class=\"de-heading\">2024<\/h4>\n                                 <p>BIG MAGIC a vznik\u00e1 nov\u00e1 gener\u00e1cia vetrac\u00edch jednotiek s integrovan\u00fdm chladen\u00edm, vykurovan\u00edm a z\u00f3nov\u00fdm riaden\u00edm vetrania. Na ve\u013etrhu For Arch v Prahe predstavujeme funk\u010dn\u00fd prototyp.\u00a0<\/p>\n                    <\/div>\n          \t    <\/div>\n         <\/div>\n\t\t<div class=\"de-cols\">\n  \t\t <div class=\"de-col de-date\">\n            \t    <\/div>\n \t\t <div class=\"de-line\">\n          \t<div class=\"de-dot\">\n                       \t<div class=\"de-timeline-icon\">\n            \t<svg xmlns=\"http:\/\/www.w3.org\/2000\/svg\" viewbox=\"0 0 512 512\"><!--! Font Awesome Free 6.5.1 by @fontawesome - https:\/\/fontawesome.com License - https:\/\/fontawesome.com\/license\/free (Icons: CC BY 4.0, Fonts: SIL OFL 1.1, Code: MIT License) Copyright 2023 Fonticons, Inc. --><path d=\"M464 256A208 208 0 1 0 48 256a208 208 0 1 0 416 0zM0 256a256 256 0 1 1 512 0A256 256 0 1 1 0 256zm256-96a96 96 0 1 1 0 192 96 96 0 1 1 0-192z\"\/><\/svg>\n            <\/div>\n                       <\/div>\n          <\/div>\n       <div class=\"de-col de-content\">\n                     <img loading=\"lazy\" decoding=\"async\" class=\"breakdance-image-object\" src=\"https:\/\/a1magic.cool\/wp-content\/uploads\/2025\/07\/2025.jpg\" width=\"884\" height=\"442\" srcset=\"https:\/\/a1magic.cool\/wp-content\/uploads\/2025\/07\/2025.jpg 884w, https:\/\/a1magic.cool\/wp-content\/uploads\/2025\/07\/2025-300x150.jpg 300w, https:\/\/a1magic.cool\/wp-content\/uploads\/2025\/07\/2025-768x384.jpg 768w, https:\/\/a1magic.cool\/wp-content\/uploads\/2025\/07\/2025-18x9.jpg 18w\" sizes=\"auto, (max-width: 884px) 100vw, 884px\">\n                            <div class=\"de-text-content\">\n                       <h4 class=\"de-heading\">2025<\/h4>\n                                 <p>Z\u00fa\u010dast\u0148ujeme sa v\u00fdznamn\u00e9ho medzin\u00e1rodn\u00e9ho ve\u013etrhu ISH Frankfurt. N\u00e1\u0161 st\u00e1nok pri\u0165ahuje z\u00e1ujem partnerov z mnoh\u00fdch kraj\u00edn Eur\u00f3py i mimo nej.<\/p>\n                    <\/div>\n          \t    <\/div>\n         <\/div>\n<\/div><div class=\"bde-video-38-112 bde-video\">\n<div class=\"ee-video-container\">\n                                                                        \n                <lite-youtube\n                        videoid=\"dNMX_o6BjAk\"\n                                                style=\"background-image: url(https:\/\/i.ytimg.com\/vi\/dNMX_o6BjAk\/maxresdefault.jpg); \"\n                        class=\"ee-video\"\n                        title=\"\"\n                        params=\"&playsinline=0&rel=0&enablejsapi=1\"\n                >\n                <\/lite-youtube>\n                    \n        \n            \n    <\/div>\n\n<\/div><\/div>\n<\/section>","protected":false},"excerpt":{"rendered":"<p>Pr\u016fkopn\u00edci reziden\u010dn\u00edho v\u011btr\u00e1n\u00ed u\u017e od roku 2007 Jsme t\u00fdm nad\u0161enc\u016f do n\u00edzkoenergetick\u00e9ho bydlen\u00ed, s mnohalet\u00fdmi zku\u0161enostmi se vzduchotechnikou, chlazen\u00edm a vyt\u00e1p\u011bn\u00edm. N\u011bkte\u0159\u00ed z n\u00e1s p\u016fsob\u00ed v oboru u\u017e t\u00e9m\u011b\u0159 dvacet let. P\u0159e\u010dt\u011bte si v\u00edce o tom, \u010deho na\u0161i spolupracovn\u00edci v minulosti dos\u00e1hli. 2007 J\u00e1dro na\u0161eho t\u00fdmu za\u010d\u00edn\u00e1 podnikat v oboru klimatizace a vzduchotechnika. Klade p\u0159i [&hellip;]<\/p>\n","protected":false},"author":1,"featured_media":0,"parent":0,"menu_order":0,"comment_status":"closed","ping_status":"closed","template":"","meta":{"_acf_changed":false,"_breakdance_hide_in_design_set":false,"_breakdance_tags":"","footnotes":""},"class_list":["post-38","page","type-page","status-publish","hentry"],"acf":[],"_links":{"self":[{"href":"https:\/\/a1magic.cool\/sk\/wp-json\/wp\/v2\/pages\/38","targetHints":{"allow":["GET"]}}],"collection":[{"href":"https:\/\/a1magic.cool\/sk\/wp-json\/wp\/v2\/pages"}],"about":[{"href":"https:\/\/a1magic.cool\/sk\/wp-json\/wp\/v2\/types\/page"}],"author":[{"embeddable":true,"href":"https:\/\/a1magic.cool\/sk\/wp-json\/wp\/v2\/users\/1"}],"replies":[{"embeddable":true,"href":"https:\/\/a1magic.cool\/sk\/wp-json\/wp\/v2\/comments?post=38"}],"version-history":[{"count":6,"href":"https:\/\/a1magic.cool\/sk\/wp-json\/wp\/v2\/pages\/38\/revisions"}],"predecessor-version":[{"id":369,"href":"https:\/\/a1magic.cool\/sk\/wp-json\/wp\/v2\/pages\/38\/revisions\/369"}],"wp:attachment":[{"href":"https:\/\/a1magic.cool\/sk\/wp-json\/wp\/v2\/media?parent=38"}],"curies":[{"name":"wp","href":"https:\/\/api.w.org\/{rel}","templated":true}]}}