{"id":23,"date":"2025-07-04T07:34:40","date_gmt":"2025-07-04T07:34:40","guid":{"rendered":"https:\/\/a1magic.cool\/?page_id=23"},"modified":"2026-04-24T06:48:20","modified_gmt":"2026-04-24T06:48:20","slug":"produse","status":"publish","type":"page","link":"https:\/\/a1magic.cool\/ro\/produkty\/","title":{"rendered":"Produse"},"content":{"rendered":"<section class=\"bde-section-23-100 bde-section\">\n  \n  \n\t\n\n\n\n<div class=\"section-container\"><div class=\"bde-columns-23-101 bde-columns\"><div class=\"bde-column-23-102 bde-column\">\n  \n  \n\t\n\n\n\n<img decoding=\"async\" class=\"bde-image2-23-103 bde-image2\" src=\"https:\/\/a1magic.cool\/wp-content\/uploads\/2025\/07\/a1.png\" loading=\"lazy\" data-entrance=\"zoomIn\">\n<\/div><div class=\"bde-column-23-104 bde-column\">\n  \n  \n\t\n\n\n\n<h2 class=\"bde-heading-23-105 bde-heading\">\nUnitate de ventila\u021bie<br>Big Magic\n<\/h2><div class=\"bde-button-23-107 bde-button\">\n        \n    \n    \n    \n    \n            \n                    \n            \n            \n\n    \n    \n    \n    \n    \n    <a class=\"breakdance-link button-atom button-atom--secondary bde-button__button\" href=\"\/ro\/bigmagic\/\" target=\"_self\" data-type=\"url\"  >\n\n    \n        <span class=\"button-atom__text\">Cite\u0219te mai mult<\/span>\n\n        \n        \n                <\/a>\n\n    \n\n\n<\/div>\n<\/div><\/div><\/div>\n<\/section><section class=\"bde-section-23-108 bde-section\">\n  \n  \n\t\n\n\n\n<div class=\"section-container\"><div class=\"bde-columns-23-109 bde-columns\"><div class=\"bde-column-23-112 bde-column\">\n  \n  \n\t\n\n\n\n<h2 class=\"bde-heading-23-113 bde-heading\">\nIntegrate<br>Performan\u021b\u0103 ridicat\u0103<br>r\u0103cire \u0219i \u00eenc\u0103lzire<br>Cool Magic\n<\/h2><div class=\"bde-button-23-114 bde-button\">\n        \n    \n    \n    \n    \n            \n                    \n            \n            \n\n    \n    \n    \n    \n    \n    <a class=\"breakdance-link button-atom button-atom--secondary bde-button__button\" href=\"\/ro\/coolmagic\/\" target=\"_self\" data-type=\"url\"  >\n\n    \n        <span class=\"button-atom__text\">Cite\u0219te mai mult<\/span>\n\n        \n        \n                <\/a>\n\n    \n\n\n<\/div>\n<\/div><div class=\"bde-column-23-110 bde-column\">\n  \n  \n\t\n\n\n\n<img decoding=\"async\" class=\"bde-image2-23-111 bde-image2\" src=\"https:\/\/a1magic.cool\/wp-content\/uploads\/2025\/07\/a2.png\" loading=\"lazy\" data-entrance=\"zoomIn\">\n<\/div><\/div><\/div>\n<\/section><section class=\"bde-section-23-115 bde-section\">\n  \n  \n\t\n\n\n\n<div class=\"section-container\"><div class=\"bde-columns-23-116 bde-columns\"><div class=\"bde-column-23-117 bde-column\">\n  \n  \n\t\n\n\n\n<img decoding=\"async\" class=\"bde-image2-23-118 bde-image2\" src=\"https:\/\/a1magic.cool\/wp-content\/uploads\/2025\/07\/a3.png\" loading=\"lazy\" data-entrance=\"zoomIn\">\n<\/div><div class=\"bde-column-23-119 bde-column\">\n  \n  \n\t\n\n\n\n<h2 class=\"bde-heading-23-120 bde-heading\">\nVentila\u021bie zonal\u0103<br>Total Magic\n<\/h2><div class=\"bde-button-23-121 bde-button\">\n        \n    \n    \n    \n    \n            \n                    \n            \n            \n\n    \n    \n    \n    \n    \n    <a class=\"breakdance-link button-atom button-atom--secondary bde-button__button\" href=\"\/ro\/totalmagic\/\" target=\"_self\" data-type=\"url\"  >\n\n    \n        <span class=\"button-atom__text\">Cite\u0219te mai mult<\/span>\n\n        \n        \n                <\/a>\n\n    \n\n\n<\/div>\n<\/div><\/div><\/div>\n<\/section>","protected":false},"excerpt":{"rendered":"<p>Unitate de ventila\u021bieBig Magic Cite\u0219te mai mult R\u0103cire \u0219i \u00eenc\u0103lzire integrate de \u00eenalt\u0103 performan\u021b\u0103Cool Magic Cite\u0219te mai mult Ventilare zonal\u0103Total Magic Cite\u0219te mai mult<\/p>","protected":false},"author":1,"featured_media":0,"parent":0,"menu_order":0,"comment_status":"closed","ping_status":"closed","template":"","meta":{"_acf_changed":false,"_breakdance_hide_in_design_set":false,"_breakdance_tags":"","footnotes":""},"class_list":["post-23","page","type-page","status-publish","hentry"],"acf":[],"_links":{"self":[{"href":"https:\/\/a1magic.cool\/ro\/wp-json\/wp\/v2\/pages\/23","targetHints":{"allow":["GET"]}}],"collection":[{"href":"https:\/\/a1magic.cool\/ro\/wp-json\/wp\/v2\/pages"}],"about":[{"href":"https:\/\/a1magic.cool\/ro\/wp-json\/wp\/v2\/types\/page"}],"author":[{"embeddable":true,"href":"https:\/\/a1magic.cool\/ro\/wp-json\/wp\/v2\/users\/1"}],"replies":[{"embeddable":true,"href":"https:\/\/a1magic.cool\/ro\/wp-json\/wp\/v2\/comments?post=23"}],"version-history":[{"count":10,"href":"https:\/\/a1magic.cool\/ro\/wp-json\/wp\/v2\/pages\/23\/revisions"}],"predecessor-version":[{"id":1557,"href":"https:\/\/a1magic.cool\/ro\/wp-json\/wp\/v2\/pages\/23\/revisions\/1557"}],"wp:attachment":[{"href":"https:\/\/a1magic.cool\/ro\/wp-json\/wp\/v2\/media?parent=23"}],"curies":[{"name":"wp","href":"https:\/\/api.w.org\/{rel}","templated":true}]}}