{"id":27,"date":"2025-07-04T07:36:37","date_gmt":"2025-07-04T07:36:37","guid":{"rendered":"https:\/\/a1magic.cool\/?page_id=27"},"modified":"2025-07-13T19:36:47","modified_gmt":"2025-07-13T19:36:47","slug":"coolmagic","status":"publish","type":"page","link":"https:\/\/a1magic.cool\/pl\/coolmagic\/","title":{"rendered":"Cool Magic"},"content":{"rendered":"<section class=\"bde-section-27-100 bde-section\">\n  \n  \n\t\n\n\n\n<div class=\"section-container\"><div class=\"bde-columns-27-101 bde-columns\"><div class=\"bde-column-27-102 bde-column\">\n  \n  \n\t\n\n\n\n<img decoding=\"async\" class=\"bde-image2-27-103 bde-image2\" src=\"https:\/\/a1magic.cool\/wp-content\/uploads\/2025\/07\/06-web-1-e1752159168345.png\" loading=\"lazy\" srcset=\"https:\/\/a1magic.cool\/wp-content\/uploads\/2025\/07\/06-web-1-e1752159168345.png 430w, https:\/\/a1magic.cool\/wp-content\/uploads\/2025\/07\/06-web-1-e1752159168345-229x300.png 229w\" sizes=\"(max-width: 430px) 100vw, 430px\" data-entrance=\"zoomIn\">\n<\/div><div class=\"bde-column-27-104 bde-column\">\n  \n  \n\t\n\n\n\n<h2 class=\"bde-heading-27-105 bde-heading\">\nCool Magic\n<\/h2><div class=\"bde-grid-27-106 bde-grid\">\n  \n  \n\t\n\n\n\n<div class=\"bde-icon-box-27-107 bde-icon-box\" data-entrance=\"zoomIn\">\n\n    \n            <div class=\"ee-iconbox-icon breakdance-icon-atom\" >\n    \n                    <svg xmlns=\"http:\/\/www.w3.org\/2000\/svg\" width=\"59\" height=\"66\" viewbox=\"0 0 59 66\" fill=\"none\"><g clip-path=\"url(#clip0_4493_77)\"><path d=\"M58.4428 28.0215C58.4232 27.9434 58.4024 27.8718 58.3725 27.8003C58.2162 27.4073 57.836 27.1535 57.4076 27.1535C57.3086 27.1535 57.2122 27.1665 57.1185 27.1938L47.696 29.8694C47.5697 29.8694 47.4486 29.8017 47.3822 29.6898L47.3197 29.4231L51.1142 22.6131C51.3981 22.1081 51.3238 21.6969 50.8772 21.313C50.8082 21.2518 50.7262 21.1972 50.6337 21.1516C50.3837 21.0254 50.1571 20.9616 49.9566 20.9616C49.5841 20.9616 49.2781 21.1842 49.0255 21.6449L44.2791 30.239C44.02 30.7153 43.5694 31.0745 43.0447 31.2254L31.4619 34.4788C31.3434 34.4788 31.234 34.4255 31.1624 34.3318L31.0713 34.1079L31.122 33.9049L49.6323 15.4062C50.1154 14.9234 50.1154 14.1425 49.6323 13.6597C49.1492 13.1769 48.3692 13.1769 47.8861 13.6597L5.98244 55.54C5.49934 56.0228 5.49934 56.8049 5.98244 57.2851C6.22335 57.5258 6.53977 57.6468 6.8549 57.6468C7.17002 57.6468 7.48645 57.5258 7.72735 57.2851L26.8314 38.1916L27.2559 38.0719C27.3679 38.0719 27.4734 38.1226 27.5437 38.2137L27.6322 38.4349L24.6542 50.2903C24.5461 50.7119 24.2779 51.0698 23.9002 51.2949L15.3867 56.3325C14.7148 56.7281 14.5181 57.2773 14.7812 58.0073C14.8333 58.1466 14.9114 58.252 15.0247 58.3314C15.2955 58.524 15.5573 58.6164 15.8268 58.6164C16.0625 58.6164 16.3099 58.5396 16.5573 58.3912L22.8103 54.6303C22.951 54.5483 23.0616 54.508 23.158 54.508L23.339 54.5418L23.4015 54.6225C23.5044 54.7591 23.4718 54.9478 23.4315 55.0975L21.098 64.1549C20.9456 64.7392 21.1136 65.2025 21.6123 65.5682C21.723 65.6489 21.8415 65.6892 21.9848 65.6892H22.0655C22.7921 65.6892 23.2283 65.3379 23.4054 64.6117L25.636 55.631C25.7024 55.3682 25.8235 55.2328 25.9941 55.2328C26.1777 55.2328 26.2962 55.402 26.3678 55.5269L30.066 61.7799C30.3499 62.2588 30.7379 62.4918 31.2549 62.4918C31.3278 62.4918 31.402 62.4879 31.4736 62.4801C31.5999 62.4619 31.7093 62.4176 31.7992 62.3473C32.4568 61.8528 32.5648 61.2919 32.1416 60.5827L26.9707 52.0328C26.7819 51.714 26.7272 51.3431 26.8184 50.9891L29.7782 39.2574C29.8603 38.9334 30.0334 38.8657 30.165 38.8657C30.2835 38.8657 30.402 38.9255 30.5309 39.0492L39.1694 47.4195C39.4572 47.7045 39.6226 48.0858 39.6304 48.4944L39.7424 58.4693C39.7502 59.2371 40.1083 59.6405 40.9768 59.7433C41.0576 59.7433 41.1292 59.7329 41.2021 59.7095C41.7894 59.5325 42.0694 59.1486 42.055 58.5331L41.9001 51.0438C41.8962 50.8408 41.93 50.7132 42.0121 50.6299L42.1332 50.544H42.2191C42.3337 50.544 42.4483 50.6065 42.5889 50.7445L49.3185 57.2955C49.6206 57.587 49.9123 57.7275 50.2118 57.7275C50.4709 57.7275 50.747 57.6195 51.0322 57.4035C51.1142 57.3436 51.1754 57.2668 51.2249 57.1705C51.4905 56.6136 51.4033 56.1334 50.9618 55.7039L44.3586 49.3143C44.1997 49.1581 43.9966 48.9213 44.0929 48.6831C44.188 48.4476 44.4966 48.4163 44.7206 48.415L51.9554 48.3291C52.557 48.32 52.9125 48.0493 53.0779 47.4807C53.1182 47.3401 53.1221 47.2035 53.0922 47.0642C52.9437 46.3745 52.5492 46.0544 51.8109 46.0544L41.5954 46.2209C41.3115 46.2209 41.0745 46.1259 40.8714 45.9294L31.9698 37.2819C31.8747 37.1856 31.8395 37.0464 31.8747 36.9176L32.0192 36.6924L43.9132 33.3154C44.0382 33.2803 44.1671 33.2621 44.2974 33.2621C44.5409 33.2621 44.7779 33.3245 44.9875 33.4429L53.8162 38.3829C54.0662 38.5221 54.2993 38.5937 54.5037 38.5937C54.8475 38.5937 55.1418 38.4011 55.4022 38.0094C55.4725 37.9001 55.5129 37.8064 55.5324 37.6984C55.6718 37.1271 55.4882 36.7106 54.9712 36.423L48.5007 32.8248C48.3927 32.7649 48.1049 32.6075 48.1348 32.3511C48.1674 32.0947 48.4825 32.0101 48.5971 31.9789L57.5729 29.4608C58.3334 29.2461 58.6069 28.7893 58.4376 28.0293L58.4428 28.0215Z\" fill=\"#7186A3\"\/><path d=\"M5.40444 48.5907C5.12317 48.5907 4.85232 48.5061 4.62183 48.3461C4.08664 47.9752 3.88611 47.2724 4.14264 46.6764L12.9518 26.1488H1.74014C1.27006 26.1488 0.837743 25.9133 0.583821 25.5177C0.331201 25.1208 0.296042 24.6302 0.491367 24.2046L11.0155 1.29167C11.2394 0.80496 11.7291 0.491333 12.2642 0.491333H28.3317C28.8096 0.491333 29.2601 0.745097 29.5075 1.15502C29.7536 1.56235 29.7705 2.07899 29.5492 2.50193L20.7387 19.2712H33.2174C33.7825 19.2712 34.2839 19.6095 34.4922 20.134C34.7032 20.6558 34.5755 21.2453 34.1667 21.6357L6.35371 48.2107C6.09589 48.4567 5.75862 48.5907 5.40444 48.5907ZM15.0339 23.4043C15.4962 23.4043 15.9246 23.6346 16.1799 24.0211C16.4364 24.4076 16.4793 24.893 16.2957 25.3186L9.31744 41.579L29.7901 22.0183H18.4639C17.986 22.0183 17.5354 21.7646 17.288 21.3547C17.0419 20.9473 17.025 20.4307 17.2463 20.0078L26.0581 3.23719H13.1445L3.8809 23.4043H15.0339Z\" fill=\"#7186A3\"\/><\/g><defs><clippath id=\"clip0_4493_77\"><rect width=\"58.1247\" height=\"65.194\" fill=\"white\" transform=\"translate(0.366211 0.491333)\"\/><\/clippath><\/defs><\/svg>\n        \n        \n        \n            <\/div>\n    \n\n<div class=\"ee-iconbox-content\">\n      <h5 class=\"ee-iconbox-title bde-h3\" >Zintegrowana wysoka wydajno\u015b\u0107\nch\u0142odzenia i ogrzewania<\/h5>\n      <\/div>\n\n<\/div>\n<\/div>\n<\/div><\/div><\/div>\n<\/section><section class=\"bde-section-27-108 bde-section\">\n  \n  \n\t\n\n\n\n<div class=\"section-container\"><div class=\"bde-columns-27-110 bde-columns\"><div class=\"bde-column-27-111 bde-column\">\n  \n  \n\t\n\n\n\n<h2 class=\"bde-heading-27-113 bde-heading\">\nCool Magic<br>to pe\u0142nowymiarowy system ch\u0142odzenia\n<\/h2><div class=\"bde-text-27-114 bde-text\">\nCz\u0119sto s\u0142yszymy, \u017ce niemo\u017cliwe jest skuteczne ch\u0142odzenie za pomoc\u0105 jednostki wentylacyjnej, poniewa\u017c takie ch\u0142odzenie nie ma wystarczaj\u0105cej mocy.<br><br>Albo \u017ce w przewodach musi wyst\u0119powa\u0107 kondensacja.\n<\/div>\n<\/div><div class=\"bde-column-27-112 bde-column\">\n  \n  \n\t\n\n\n\n<div class=\"bde-text-27-115 bde-text\">\nW naszym przypadku nie jest to prawd\u0105 i wyja\u015bnimy dlaczego:<br><br>1. Cool Magic ch\u0142odzi powietrze wywiewane z domu, zanim trafi ono do wentylacyjnego wymiennika ciep\u0142a. Oznacza to, \u017ce ch\u0142odzimy powietrze o temperaturze np. 24 \u00b0C.<br><br>2. Powietrze to jest sch\u0142adzane do oko\u0142o 2\u00b0C, gdy trafia do ch\u0142odnicy Cool Magic.<br><br>3. To sch\u0142odzone powietrze wywiewane napotyka nast\u0119pnie w wymienniku ciep\u0142a \u015bwie\u017ce powietrze pochodz\u0105ce z zewn\u0105trz, kt\u00f3re ma temperatur\u0119 np. 32 \u00b0C. Opr\u00f3cz ch\u0142odzenia, \u015bwie\u017ce powietrze podlega kondensacji i znacznemu osuszaniu.<br><br>4. Po prze\u0142\u0105czeniu przep\u0142ywu w poszczeg\u00f3lnych warstwach wymiennika ciep\u0142a, skroplona wilgo\u0107 odparowuje do suchego powietrza wylotowego. Wykorzystanie efektu ch\u0142odzenia adiabatycznego zwielokrotnia wydajno\u015b\u0107.<br><br><b>W rezultacie temperatura powietrza nawiewanego wynosi oko\u0142o 15\u00b0C przy wilgotno\u015bci wzgl\u0119dnej 50 % = idealnie zdrowe \u015brodowisko.<\/b>\n<\/div>\n<\/div><\/div><\/div>\n<\/section><section class=\"bde-section-27-116 bde-section\">\n  \n  \n\t\n\n\n\n<div class=\"section-container\"><div class=\"bde-columns-27-117 bde-columns\"><div class=\"bde-column-27-118 bde-column\">\n  \n  \n\t\n\n\n\n<h2 class=\"bde-heading-27-119 bde-heading\">\nSolidne \u017ar\u00f3d\u0142o zimna i ciep\u0142a\n<\/h2><div class=\"bde-text-27-120 bde-text\">\nPompa ciep\u0142a Cool Magic, podobnie jak klimatyzator, sk\u0142ada si\u0119 z dw\u00f3ch cz\u0119\u015bci:<br><br><b>1.<\/b> wymiennika ciep\u0142a, kt\u00f3ry jest zintegrowany bezpo\u015brednio z korpusem jednostki Big Magic,<br><br><b>2.<\/b> oraz zewn\u0119trznej pompy ciep\u0142a.<br><br>Nie musisz martwi\u0107 si\u0119 o rozmiar jednostki zewn\u0119trznej lub jej poziom ha\u0142asu. Jest to standardowy produkt sprawdzonej marki Fujistu.<br><br>Wewn\u0119trzny wymiennik ciep\u0142a jest wykonany na zam\u00f3wienie. Ze wzgl\u0119du na jego rozmiar i g\u0119ste \u017cebra, jeste\u015bmy w stanie przenie\u015b\u0107 do 4 kW mocy.\n<\/div>\n<\/div><div class=\"bde-column-27-122 bde-column\">\n  \n  \n\t\n\n\n\n<img decoding=\"async\" class=\"bde-image2-27-123 bde-image2\" src=\"https:\/\/a1magic.cool\/wp-content\/uploads\/2025\/07\/07-chlazeni\u2560u-vyparni\u2560uk-velikost-1.webp\" loading=\"lazy\" srcset=\"https:\/\/a1magic.cool\/wp-content\/uploads\/2025\/07\/07-chlazeni\u2560u-vyparni\u2560uk-velikost-1.webp 504w, https:\/\/a1magic.cool\/wp-content\/uploads\/2025\/07\/07-chlazeni\u2560u-vyparni\u2560uk-velikost-1-300x300.webp 300w, https:\/\/a1magic.cool\/wp-content\/uploads\/2025\/07\/07-chlazeni\u2560u-vyparni\u2560uk-velikost-1-150x150.webp 150w\" sizes=\"(max-width: 504px) 100vw, 504px\" data-entrance=\"zoomIn\">\n<\/div><\/div><\/div>\n<\/section><section class=\"bde-section-27-124 bde-section\">\n  \n  \n\t\n\n\n\n<div class=\"section-container\"><div class=\"bde-columns-27-125 bde-columns\"><div class=\"bde-column-27-129 bde-column\">\n  \n  \n\t\n\n\n\n<img decoding=\"async\" class=\"bde-image2-27-130 bde-image2\" src=\"https:\/\/a1magic.cool\/wp-content\/uploads\/2025\/07\/komfortni-prostredi.webp\" loading=\"lazy\" srcset=\"https:\/\/a1magic.cool\/wp-content\/uploads\/2025\/07\/komfortni-prostredi.webp 1029w, https:\/\/a1magic.cool\/wp-content\/uploads\/2025\/07\/komfortni-prostredi-300x139.webp 300w, https:\/\/a1magic.cool\/wp-content\/uploads\/2025\/07\/komfortni-prostredi-1024x474.webp 1024w, https:\/\/a1magic.cool\/wp-content\/uploads\/2025\/07\/komfortni-prostredi-768x355.webp 768w\" sizes=\"(max-width: 1029px) 100vw, 1029px\" data-entrance=\"zoomIn\">\n<\/div><div class=\"bde-column-27-126 bde-column\">\n  \n  \n\t\n\n\n\n<h2 class=\"bde-heading-27-127 bde-heading\">\nKomfortowe \u015brodowisko w ca\u0142ym domu\n<\/h2><div class=\"bde-text-27-128 bde-text\">\nCool Magic mo\u017ce modulowa\u0107 ilo\u015b\u0107 nawiewanego powietrza w zale\u017cno\u015bci od aktualnych potrzeb, utrzymuj\u0105c przy tym stabiln\u0105 temperatur\u0119. W praktyce oznacza to, \u017ce po osi\u0105gni\u0119ciu \u017c\u0105danej temperatury mo\u017cemy dostarczy\u0107 do domu powietrze o temperaturze 15\u00b0C przy nat\u0119\u017ceniu przep\u0142ywu wynosz\u0105cym zaledwie 120 m3\/h. Ca\u0142kowita eliminacja ha\u0142asu i pierwszorz\u0119dny komfort.<br><br>Ch\u0142odzenie lub ogrzewanie powietrzem wymaga odpowiedniej liczby dr\u00f3g nawiewnych i wywiewnych. Zasilanie i przesy\u0142anie energii s\u0105 jak naczynia po\u0142\u0105czone: energia musi najpierw zosta\u0107 wytworzona, a nast\u0119pnie przes\u0142ana do domu. Skonsultujemy si\u0119 z Tob\u0105 lub od razu przygotujemy dla Ciebie funkcjonalny projekt kana\u0142\u00f3w HVAC.\n<\/div>\n<\/div><\/div><\/div>\n<\/section>","protected":false},"excerpt":{"rendered":"<p>Cool Magic Integrovan\u00e9 vysoce v\u00fdkonn\u00e9 chlazen\u00ed &#038; vyt\u00e1p\u011bn\u00ed Cool Magicje plnohodnotn\u00e9 chlazen\u00ed \u010casto sly\u0161\u00edme, \u017ee se v\u011btrac\u00ed jednotkou ned\u00e1 efektivn\u011b chladit, proto\u017ee takov\u00e9 chlazen\u00ed nem\u00e1 dostate\u010dn\u00fd v\u00fdkon.Nebo \u017ee ve vzduchotechnick\u00e9m potrub\u00ed mus\u00ed doch\u00e1zet ke kondenzaci. S n\u00e1mi ani jedno neplat\u00ed a my v\u00e1m vysv\u011btl\u00edme pro\u010d:1. Cool Magic chlad\u00ed odtahovan\u00fd vzduch z domu p\u0159ed vstupem do [&hellip;]<\/p>\n","protected":false},"author":1,"featured_media":0,"parent":0,"menu_order":0,"comment_status":"closed","ping_status":"closed","template":"","meta":{"_acf_changed":false,"_breakdance_hide_in_design_set":false,"_breakdance_tags":"","footnotes":""},"class_list":["post-27","page","type-page","status-publish","hentry"],"acf":[],"_links":{"self":[{"href":"https:\/\/a1magic.cool\/pl\/wp-json\/wp\/v2\/pages\/27","targetHints":{"allow":["GET"]}}],"collection":[{"href":"https:\/\/a1magic.cool\/pl\/wp-json\/wp\/v2\/pages"}],"about":[{"href":"https:\/\/a1magic.cool\/pl\/wp-json\/wp\/v2\/types\/page"}],"author":[{"embeddable":true,"href":"https:\/\/a1magic.cool\/pl\/wp-json\/wp\/v2\/users\/1"}],"replies":[{"embeddable":true,"href":"https:\/\/a1magic.cool\/pl\/wp-json\/wp\/v2\/comments?post=27"}],"version-history":[{"count":4,"href":"https:\/\/a1magic.cool\/pl\/wp-json\/wp\/v2\/pages\/27\/revisions"}],"predecessor-version":[{"id":398,"href":"https:\/\/a1magic.cool\/pl\/wp-json\/wp\/v2\/pages\/27\/revisions\/398"}],"wp:attachment":[{"href":"https:\/\/a1magic.cool\/pl\/wp-json\/wp\/v2\/media?parent=27"}],"curies":[{"name":"wp","href":"https:\/\/api.w.org\/{rel}","templated":true}]}}