{"id":492,"date":"2025-07-30T15:10:08","date_gmt":"2025-07-30T15:10:08","guid":{"rendered":"https:\/\/a1magic.cool\/?page_id=492"},"modified":"2025-08-13T19:17:54","modified_gmt":"2025-08-13T19:17:54","slug":"publiskais-kb","status":"publish","type":"page","link":"https:\/\/a1magic.cool\/lv\/publiskais-kb\/","title":{"rendered":"Publisk\u0101 KB"},"content":{"rendered":"<div class='breakdance'><section class=\"bde-section-492-100 bde-section\">\n  \n  \n\t\n\n\n\n<div class=\"section-container\"><h2 class=\"bde-heading-492-101 bde-heading\">\nDokument\u0101cija lietot\u0101jiem\n<\/h2><div class=\"bde-text-492-102 bde-text\">\n\u0160eit atrad\u012bsiet lietot\u0101ja rokasgr\u0101matas un citu publisko dokument\u0101ciju.\n<\/div><div class=\"de-advanced-search-492-108 de-advanced-search\">\n<script type=\"text\/javascript\">\n     const deAjaxQuerySearch = {\"post_type\":[\"verejna-kb\"],\"post_status\":\"publish\",\"ignore_sticky_posts\":false,\"date_query\":null,\"meta_query\":[],\"post__not_in\":null,\"posts_per_page\":8,\"paged\":1,\"offset\":0,\"orderby\":\"date\",\"order\":\"DESC\"};\n     const deAjaxAddionalData = {\n        featuredImage: 1,\n        showResults: 0,\n        noResultMessage: 'Nenalezeno nic.',\n        showPrices: 0,\n        allResultsBtn:  0,\n        resultsCountName:  'V\u00fdsledky:',\n        showAllResultsText: 'Zobrazit v\u0161echny v\u00fdsledky',\n        searchURL: 'https:\/\/a1magic.cool\/lv\/?s={{search-term}}', \n        taxonomyTerm : 'kategorie', \n        excerptDisable : '1',\n        excerptLength : '300',\n        sku : 1,\n        skuAndS : 1, \n        skuHeading :  '0'\n     }\n<\/script>\n\n<div class=\"de-search-form-wrapper\" role='form'>\n    <div class=\"de-search-wrapper\">\n        <label for=\"de-search-108\" class=\"de-visually-hidden\">Mekl\u0113\u0161ana<\/label>\n        <input id=\"de-search-108\" class=\"de-search-input\" type=\"text\" placeholder=\"Mekl\u0113t...\" autocomplete=\"off\">\n        <div class=\"de-ajax-spinner\"><\/div>\n    <\/div>\n                <div class=\"de-search-wrapper\">\n            <button role=\"button\" type=\"submit\" class=\"de-advanced-search-button\" aria-label=\"Mekl\u0113\u0161ana\">\n                Mekl\u0113\u0161ana            <\/button>\n        <\/div>\n        <div class=\"de-search-results-wrapper\">\n            <\/div>\n<\/div><\/div><\/div>\n<\/section><section class=\"bde-section-492-104 bde-section\">\n  \n  \n\t\n\n\n\n<div class=\"section-container\"><div class=\"bde-post-list-492-105 bde-post-list\">    <div class=\"bde-isotope-filter-bar\">\n        <div class=\"bde-tabs\">\n            \n\n        \n      <select aria-label=\"Satura cilnes\" class=\"bde-tabs__select js-tab-select\">\n              <option value=\"all\" data-value=\"all\">Visi<\/option>\n      \n              <option value=\"tab-isotope-1\" data-value=\"4\">\n          Big Magic\n        <\/option>\n              <option value=\"tab-isotope-2\" data-value=\"5\">\n          Cool Magic\n        <\/option>\n          <\/select>\n  \n  \n  <div class=\"bde-tabs__tabslist-container bde-tabs__tabslist-container--dropdown is-horizontal js-tabs-container\">\n    <div class=\"bde-tabs__tabslist bde-tabs__tabslist--tabs js-tablist\" role=\"tablist\" aria-label=\"Satura cilnes\" aria-orientation=\"horizontal\" data-tabs-id=\"isotope\">\n              <button role=\"tab\" aria-selected=\"false\" class=\"bde-tabs__tab js-tab\" aria-controls=\"tab-panel-isotope-all\" id=\"tab-isotope-all\" data-value=\"all\">\n          <span class=\"bde-tabs__tab-title\">Visi<\/span>\n        <\/button>\n      \n              <button role=\"tab\" aria-selected=\"false\" class=\"bde-tabs__tab js-tab\" aria-controls=\"tab-panel-isotope-1\" id=\"tab-isotope-1\" data-value=\"4\">\n                    <span class=\"bde-tabs__tab-title\">Big Magic<\/span>\n        <\/button>\n              <button role=\"tab\" aria-selected=\"false\" class=\"bde-tabs__tab js-tab\" aria-controls=\"tab-panel-isotope-2\" id=\"tab-isotope-2\" data-value=\"5\">\n                    <span class=\"bde-tabs__tab-title\">Cool Magic<\/span>\n        <\/button>\n          <\/div>\n  <\/div>\n\n\n        <\/div>\n    <\/div>\n<div class=\"bde-loop bde-loop-grid ee-posts ee-posts-grid bde-loop-isotope ee-posts-isotope\">    <article class=\"bde-loop-item ee-post\" data-filters=\"4\">\n                                <a class=\"bde-loop-item__image-link ee-post-image-link\" href=\"https:\/\/a1magic.cool\/lv\/emuars\/publiskais-kb\/big-magic-tehniska-specifikacija\/\" aria-label=\"Big Magic: Tehnisk\u0101s specifik\u0101cijas\">\n                <div class=\"bde-loop-item__image ee-post-image\">\n                    <img loading=\"lazy\" decoding=\"async\" width=\"570\" height=\"531\" src=\"https:\/\/a1magic.cool\/wp-content\/uploads\/2025\/07\/01.2882-1.png\" class=\"attachment-full size-full wp-post-image\" alt=\"\" srcset=\"https:\/\/a1magic.cool\/wp-content\/uploads\/2025\/07\/01.2882-1.png 570w, https:\/\/a1magic.cool\/wp-content\/uploads\/2025\/07\/01.2882-1-300x279.png 300w\" sizes=\"auto, (max-width: 570px) 100vw, 570px\" \/>                <\/div>\n            <\/a>\n        \n        \n        <div class=\"bde-loop-item__wrap ee-post-wrap\">\n            \n                            <h3 class=\"ee-post-title\">\n                    <a class=\"bde-loop-item__title-link ee-post-title-link\" href=\"https:\/\/a1magic.cool\/lv\/emuars\/publiskais-kb\/big-magic-tehniska-specifikacija\/\" >\n                        Big Magic: Tehnisk\u0101s specifik\u0101cijas                    <\/a>\n                <\/h3>\n                            <div class=\"bde-loop-item__post-meta ee-post-meta\">\n                    \n                <\/div>\n            \n    \n                        \n                        \n    \n    \n    \n    \n            \n                    \n            \n            \n\n    \n    \n    \n    \n    \n    <a class=\"breakdance-link button-atom button-atom--custom bde-loop-item__button ee-post-button\" href=\"https:\/\/a1magic.cool\/lv\/emuars\/publiskais-kb\/big-magic-tehniska-specifikacija\/\" target=\"_self\" data-type=\"\"  >\n\n    \n        <span class=\"button-atom__text\">Izlasiet nor\u0101d\u012bjumus<\/span>\n\n        \n        \n                <\/a>\n\n    \n\n\n\n\n            \n        <\/div>\n\n    <\/article>\n\n    <article class=\"bde-loop-item ee-post\" data-filters=\"5\">\n                                <a class=\"bde-loop-item__image-link ee-post-image-link\" href=\"https:\/\/a1magic.cool\/lv\/emuars\/publiskais-kb\/atdzist-burvju-lietosanas-pamaciba\/\" aria-label=\"Cool Magic: lieto\u0161anas instrukcija\">\n                <div class=\"bde-loop-item__image ee-post-image\">\n                    <img loading=\"lazy\" decoding=\"async\" width=\"504\" height=\"504\" src=\"https:\/\/a1magic.cool\/wp-content\/uploads\/2025\/09\/chlazeni.webp\" class=\"attachment-full size-full wp-post-image\" alt=\"\" srcset=\"https:\/\/a1magic.cool\/wp-content\/uploads\/2025\/09\/chlazeni.webp 504w, https:\/\/a1magic.cool\/wp-content\/uploads\/2025\/09\/chlazeni-400x400.webp 400w, https:\/\/a1magic.cool\/wp-content\/uploads\/2025\/09\/chlazeni-150x150.webp 150w, https:\/\/a1magic.cool\/wp-content\/uploads\/2025\/09\/chlazeni-12x12.webp 12w\" sizes=\"auto, (max-width: 504px) 100vw, 504px\" \/>                <\/div>\n            <\/a>\n        \n        \n        <div class=\"bde-loop-item__wrap ee-post-wrap\">\n            \n                            <h3 class=\"ee-post-title\">\n                    <a class=\"bde-loop-item__title-link ee-post-title-link\" href=\"https:\/\/a1magic.cool\/lv\/emuars\/publiskais-kb\/atdzist-burvju-lietosanas-pamaciba\/\" >\n                        Cool Magic: lieto\u0161anas instrukcija                    <\/a>\n                <\/h3>\n                            <div class=\"bde-loop-item__post-meta ee-post-meta\">\n                    \n                <\/div>\n            \n    \n                        \n                        \n    \n    \n    \n    \n            \n                    \n            \n            \n\n    \n    \n    \n    \n    \n    <a class=\"breakdance-link button-atom button-atom--custom bde-loop-item__button ee-post-button\" href=\"https:\/\/a1magic.cool\/lv\/emuars\/publiskais-kb\/atdzist-burvju-lietosanas-pamaciba\/\" target=\"_self\" data-type=\"\"  >\n\n    \n        <span class=\"button-atom__text\">Izlasiet nor\u0101d\u012bjumus<\/span>\n\n        \n        \n                <\/a>\n\n    \n\n\n\n\n            \n        <\/div>\n\n    <\/article>\n\n    <article class=\"bde-loop-item ee-post\" data-filters=\"4\">\n                                <a class=\"bde-loop-item__image-link ee-post-image-link\" href=\"https:\/\/a1magic.cool\/lv\/emuars\/publiskais-kb\/liela-burvju-lietosanas-pamaciba\/\" aria-label=\"Big Magic: lieto\u0161anas instrukcija\">\n                <div class=\"bde-loop-item__image ee-post-image\">\n                    <img loading=\"lazy\" decoding=\"async\" width=\"570\" height=\"531\" src=\"https:\/\/a1magic.cool\/wp-content\/uploads\/2025\/07\/01.2882-1.png\" class=\"attachment-full size-full wp-post-image\" alt=\"\" srcset=\"https:\/\/a1magic.cool\/wp-content\/uploads\/2025\/07\/01.2882-1.png 570w, https:\/\/a1magic.cool\/wp-content\/uploads\/2025\/07\/01.2882-1-300x279.png 300w\" sizes=\"auto, (max-width: 570px) 100vw, 570px\" \/>                <\/div>\n            <\/a>\n        \n        \n        <div class=\"bde-loop-item__wrap ee-post-wrap\">\n            \n                            <h3 class=\"ee-post-title\">\n                    <a class=\"bde-loop-item__title-link ee-post-title-link\" href=\"https:\/\/a1magic.cool\/lv\/emuars\/publiskais-kb\/liela-burvju-lietosanas-pamaciba\/\" >\n                        Big Magic: lieto\u0161anas instrukcija                    <\/a>\n                <\/h3>\n                            <div class=\"bde-loop-item__post-meta ee-post-meta\">\n                    \n                <\/div>\n            \n    \n                        \n                        \n    \n    \n    \n    \n            \n                    \n            \n            \n\n    \n    \n    \n    \n    \n    <a class=\"breakdance-link button-atom button-atom--custom bde-loop-item__button ee-post-button\" href=\"https:\/\/a1magic.cool\/lv\/emuars\/publiskais-kb\/liela-burvju-lietosanas-pamaciba\/\" target=\"_self\" data-type=\"\"  >\n\n    \n        <span class=\"button-atom__text\">Izlasiet nor\u0101d\u012bjumus<\/span>\n\n        \n        \n                <\/a>\n\n    \n\n\n\n\n            \n        <\/div>\n\n    <\/article>\n\n<div class=\"bde-loop-item-gutter ee-post-gutter\"><\/div><div class=\"bde-loop-item-sizer ee-post-sizer\"><\/div><\/div><\/div><\/div>\n<\/section><\/div><div id=\"ez-toc-container\" class=\"ez-toc-v2_0_80 ez-toc-wrap-left-text counter-hierarchy ez-toc-counter ez-toc-grey ez-toc-container-direction\">\n<div class=\"ez-toc-title-container\">\n<span class=\"ez-toc-title-toggle\"><\/span><\/div>\n<nav><ul class='ez-toc-list ez-toc-list-level-1' ><li class='ez-toc-page-1 ez-toc-heading-level-2'><a class=\"ez-toc-link ez-toc-heading-1\" href=\"https:\/\/a1magic.cool\/lv\/emuars\/publiskais-kb\/liela-burvju-lietosanas-pamaciba\/#id\" >1. Ievads<\/a><\/li><li class='ez-toc-page-1 ez-toc-heading-level-2'><a class=\"ez-toc-link ez-toc-heading-2\" href=\"https:\/\/a1magic.cool\/lv\/emuars\/publiskais-kb\/liela-burvju-lietosanas-pamaciba\/#id-2\" >2. Apz\u012bm\u0113jums un izmanto\u0161ana<\/a><\/li><li class='ez-toc-page-1 ez-toc-heading-level-2'><a class=\"ez-toc-link ez-toc-heading-3\" href=\"https:\/\/a1magic.cool\/lv\/emuars\/publiskais-kb\/liela-burvju-lietosanas-pamaciba\/#id-3\" >3. Dro\u0161\u012bbas instrukcijas<\/a><\/li><li class='ez-toc-page-1 ez-toc-heading-level-2'><a class=\"ez-toc-link ez-toc-heading-4\" href=\"https:\/\/a1magic.cool\/lv\/emuars\/publiskais-kb\/liela-burvju-lietosanas-pamaciba\/#id-4\" >4. Vien\u012bbas apraksts<\/a><ul class='ez-toc-list-level-3' ><li class='ez-toc-heading-level-3'><a class=\"ez-toc-link ez-toc-heading-5\" href=\"https:\/\/a1magic.cool\/lv\/emuars\/publiskais-kb\/liela-burvju-lietosanas-pamaciba\/#id-5\" >4.1 Darb\u012bbas princips<\/a><\/li><li class='ez-toc-page-1 ez-toc-heading-level-3'><a class=\"ez-toc-link ez-toc-heading-6\" href=\"https:\/\/a1magic.cool\/lv\/emuars\/publiskais-kb\/liela-burvju-lietosanas-pamaciba\/#id-6\" >4.2 Vien\u012bbas korpuss<\/a><\/li><li class='ez-toc-page-1 ez-toc-heading-level-3'><a class=\"ez-toc-link ez-toc-heading-7\" href=\"https:\/\/a1magic.cool\/lv\/emuars\/publiskais-kb\/liela-burvju-lietosanas-pamaciba\/#id-7\" >4.3 LED apgaismojums<\/a><\/li><li class='ez-toc-page-1 ez-toc-heading-level-3'><a class=\"ez-toc-link ez-toc-heading-8\" href=\"https:\/\/a1magic.cool\/lv\/emuars\/publiskais-kb\/liela-burvju-lietosanas-pamaciba\/#id-8\" >4.4 Entalpijas siltummainis<\/a><\/li><li class='ez-toc-page-1 ez-toc-heading-level-3'><a class=\"ez-toc-link ez-toc-heading-9\" href=\"https:\/\/a1magic.cool\/lv\/emuars\/publiskais-kb\/liela-burvju-lietosanas-pamaciba\/#id-9\" >4,5 ventilatori<\/a><\/li><\/ul><\/li><li class='ez-toc-page-1 ez-toc-heading-level-2'><a class=\"ez-toc-link ez-toc-heading-10\" href=\"https:\/\/a1magic.cool\/lv\/emuars\/publiskais-kb\/liela-burvju-lietosanas-pamaciba\/#id-10\" >5. Filtri un filtru mai\u0146a<\/a><ul class='ez-toc-list-level-3' ><li class='ez-toc-heading-level-3'><a class=\"ez-toc-link ez-toc-heading-11\" href=\"https:\/\/a1magic.cool\/lv\/emuars\/publiskais-kb\/liela-burvju-lietosanas-pamaciba\/#id-11\" >5.1 Filtra parametri<\/a><\/li><li class='ez-toc-page-1 ez-toc-heading-level-3'><a class=\"ez-toc-link ez-toc-heading-12\" href=\"https:\/\/a1magic.cool\/lv\/emuars\/publiskais-kb\/liela-burvju-lietosanas-pamaciba\/#id-12\" >5.2 Nor\u0101de par nepiecie\u0161am\u012bbu main\u012bt filtrus<\/a><\/li><li class='ez-toc-page-1 ez-toc-heading-level-3'><a class=\"ez-toc-link ez-toc-heading-13\" href=\"https:\/\/a1magic.cool\/lv\/emuars\/publiskais-kb\/liela-burvju-lietosanas-pamaciba\/#id-13\" >5.3 Filtra nomai\u0146a<\/a><\/li><li class='ez-toc-page-1 ez-toc-heading-level-3'><a class=\"ez-toc-link ez-toc-heading-14\" href=\"https:\/\/a1magic.cool\/lv\/emuars\/publiskais-kb\/liela-burvju-lietosanas-pamaciba\/#id-14\" >5.4 Regul\u0101ras filtru nomai\u0146as noz\u012bme<\/a><\/li><\/ul><\/li><li class='ez-toc-page-1 ez-toc-heading-level-2'><a class=\"ez-toc-link ez-toc-heading-15\" href=\"https:\/\/a1magic.cool\/lv\/emuars\/publiskais-kb\/liela-burvju-lietosanas-pamaciba\/#id-15\" >6. Darb\u012bbas re\u017e\u012bmi<\/a><ul class='ez-toc-list-level-3' ><li class='ez-toc-heading-level-3'><a class=\"ez-toc-link ez-toc-heading-16\" href=\"https:\/\/a1magic.cool\/lv\/emuars\/publiskais-kb\/liela-burvju-lietosanas-pamaciba\/#id-16\" >6.1 Autom\u0101tiskais re\u017e\u012bms - Auto<\/a><\/li><li class='ez-toc-page-1 ez-toc-heading-level-3'><a class=\"ez-toc-link ez-toc-heading-17\" href=\"https:\/\/a1magic.cool\/lv\/emuars\/publiskais-kb\/liela-burvju-lietosanas-pamaciba\/#id-17\" >6.2 Nemain\u012bga jauda<\/a><\/li><li class='ez-toc-page-1 ez-toc-heading-level-3'><a class=\"ez-toc-link ez-toc-heading-18\" href=\"https:\/\/a1magic.cool\/lv\/emuars\/publiskais-kb\/liela-burvju-lietosanas-pamaciba\/#id-18\" >6.3 Gaid\u012b\u0161anas re\u017e\u012bms<\/a><\/li><\/ul><\/li><li class='ez-toc-page-1 ez-toc-heading-level-2'><a class=\"ez-toc-link ez-toc-heading-19\" href=\"https:\/\/a1magic.cool\/lv\/emuars\/publiskais-kb\/liela-burvju-lietosanas-pamaciba\/#id-19\" >7. Funkcijas<\/a><ul class='ez-toc-list-level-3' ><li class='ez-toc-heading-level-3'><a class=\"ez-toc-link ez-toc-heading-20\" href=\"https:\/\/a1magic.cool\/lv\/emuars\/publiskais-kb\/liela-burvju-lietosanas-pamaciba\/#id-20\" >7.1 Pastiprin\u0101\u0161ana (trieciena ventil\u0101cija)<\/a><\/li><li class='ez-toc-page-1 ez-toc-heading-level-3'><a class=\"ez-toc-link ez-toc-heading-21\" href=\"https:\/\/a1magic.cool\/lv\/emuars\/publiskais-kb\/liela-burvju-lietosanas-pamaciba\/#id-21\" >7.2 Vasaras apvedce\u013c\u0161 \/ p\u0101rspiediens (elektroniskais apvedce\u013c\u0161)<\/a><\/li><li class='ez-toc-page-1 ez-toc-heading-level-3'><a class=\"ez-toc-link ez-toc-heading-22\" href=\"https:\/\/a1magic.cool\/lv\/emuars\/publiskais-kb\/liela-burvju-lietosanas-pamaciba\/#id-22\" >7.3 Cirkul\u0101cija<\/a><\/li><\/ul><\/li><li class='ez-toc-page-1 ez-toc-heading-level-2'><a class=\"ez-toc-link ez-toc-heading-23\" href=\"https:\/\/a1magic.cool\/lv\/emuars\/publiskais-kb\/liela-burvju-lietosanas-pamaciba\/#id-23\" >8. A1MCP draiveris<\/a><ul class='ez-toc-list-level-3' ><li class='ez-toc-heading-level-3'><a class=\"ez-toc-link ez-toc-heading-24\" href=\"https:\/\/a1magic.cool\/lv\/emuars\/publiskais-kb\/liela-burvju-lietosanas-pamaciba\/#id-24\" >8.1 S\u0101kuma ekr\u0101ns<\/a><\/li><li class='ez-toc-page-1 ez-toc-heading-level-3'><a class=\"ez-toc-link ez-toc-heading-25\" href=\"https:\/\/a1magic.cool\/lv\/emuars\/publiskais-kb\/liela-burvju-lietosanas-pamaciba\/#id-25\" >8.2 Ventil\u0101cijas vad\u012bbas ekr\u0101ns<\/a><\/li><li class='ez-toc-page-1 ez-toc-heading-level-3'><a class=\"ez-toc-link ez-toc-heading-26\" href=\"https:\/\/a1magic.cool\/lv\/emuars\/publiskais-kb\/liela-burvju-lietosanas-pamaciba\/#id-26\" >8.3 Funkciju aktiviz\u0113\u0161anas ekr\u0101ns<\/a><\/li><li class='ez-toc-page-1 ez-toc-heading-level-3'><a class=\"ez-toc-link ez-toc-heading-27\" href=\"https:\/\/a1magic.cool\/lv\/emuars\/publiskais-kb\/liela-burvju-lietosanas-pamaciba\/#id-27\" >8.3 Draivera iestat\u012b\u0161anas ekr\u0101ns<\/a><\/li><\/ul><\/li><li class='ez-toc-page-1 ez-toc-heading-level-2'><a class=\"ez-toc-link ez-toc-heading-28\" href=\"https:\/\/a1magic.cool\/lv\/emuars\/publiskais-kb\/liela-burvju-lietosanas-pamaciba\/#id-28\" >9. Vien\u012bbas apkalpo\u0161ana un izn\u012bcin\u0101\u0161ana<\/a><\/li><li class='ez-toc-page-1 ez-toc-heading-level-2'><a class=\"ez-toc-link ez-toc-heading-29\" href=\"https:\/\/a1magic.cool\/lv\/emuars\/publiskais-kb\/liela-burvju-lietosanas-pamaciba\/#id-29\" >10. Garantija<\/a><ul class='ez-toc-list-level-3' ><li class='ez-toc-heading-level-3'><a class=\"ez-toc-link ez-toc-heading-30\" href=\"https:\/\/a1magic.cool\/lv\/emuars\/publiskais-kb\/liela-burvju-lietosanas-pamaciba\/#id-30\" >10.1 Sniegt\u0101s garantijas darb\u012bbas joma<\/a><\/li><li class='ez-toc-page-1 ez-toc-heading-level-3'><a class=\"ez-toc-link ez-toc-heading-31\" href=\"https:\/\/a1magic.cool\/lv\/emuars\/publiskais-kb\/liela-burvju-lietosanas-pamaciba\/#id-31\" >10.2 Garantijas noteikumi un nosac\u012bjumi<\/a><\/li><li class='ez-toc-page-1 ez-toc-heading-level-3'><a class=\"ez-toc-link ez-toc-heading-32\" href=\"https:\/\/a1magic.cool\/lv\/emuars\/publiskais-kb\/liela-burvju-lietosanas-pamaciba\/#id-32\" >10.3 Garantijas izbeig\u0161ana<\/a><\/li><\/ul><\/li><li class='ez-toc-page-1 ez-toc-heading-level-2'><a class=\"ez-toc-link ez-toc-heading-33\" href=\"https:\/\/a1magic.cool\/lv\/emuars\/publiskais-kb\/liela-burvju-lietosanas-pamaciba\/#id-33\" >11. K\u013c\u016bdas<\/a><\/li><\/ul><\/nav><\/div>","protected":false},"excerpt":{"rendered":"","protected":false},"author":1,"featured_media":0,"parent":0,"menu_order":0,"comment_status":"closed","ping_status":"closed","template":"","meta":{"_acf_changed":false,"_breakdance_hide_in_design_set":false,"_breakdance_tags":"","footnotes":""},"class_list":["post-492","page","type-page","status-publish","hentry"],"acf":[],"_links":{"self":[{"href":"https:\/\/a1magic.cool\/lv\/wp-json\/wp\/v2\/pages\/492","targetHints":{"allow":["GET"]}}],"collection":[{"href":"https:\/\/a1magic.cool\/lv\/wp-json\/wp\/v2\/pages"}],"about":[{"href":"https:\/\/a1magic.cool\/lv\/wp-json\/wp\/v2\/types\/page"}],"author":[{"embeddable":true,"href":"https:\/\/a1magic.cool\/lv\/wp-json\/wp\/v2\/users\/1"}],"replies":[{"embeddable":true,"href":"https:\/\/a1magic.cool\/lv\/wp-json\/wp\/v2\/comments?post=492"}],"version-history":[{"count":10,"href":"https:\/\/a1magic.cool\/lv\/wp-json\/wp\/v2\/pages\/492\/revisions"}],"predecessor-version":[{"id":888,"href":"https:\/\/a1magic.cool\/lv\/wp-json\/wp\/v2\/pages\/492\/revisions\/888"}],"wp:attachment":[{"href":"https:\/\/a1magic.cool\/lv\/wp-json\/wp\/v2\/media?parent=492"}],"curies":[{"name":"wp","href":"https:\/\/api.w.org\/{rel}","templated":true}]}}