{"id":427,"date":"2025-07-30T13:00:37","date_gmt":"2025-07-30T13:00:37","guid":{"rendered":"https:\/\/a1magic.cool\/?page_id=427"},"modified":"2025-08-08T20:05:02","modified_gmt":"2025-08-08T20:05:02","slug":"ieksejais-kb","status":"publish","type":"page","link":"https:\/\/a1magic.cool\/lv\/ieksejais-kb\/","title":{"rendered":"Iek\u0161\u0113jais KB"},"content":{"rendered":"<div class='breakdance'><section class=\"bde-section-427-105 bde-section\">\n  \n  \n\t\n\n\n\n<div class=\"section-container\"><h2 class=\"bde-heading-427-108 bde-heading\">\nDokument\u0101cija partneriem\n<\/h2><div class=\"bde-text-427-111 bde-text\">\n\u0160eit atrad\u012bsiet uzst\u0101d\u012b\u0161anas rokasgr\u0101matas un citu tehnisko dokument\u0101ciju. \n<\/div><\/div>\n<\/section><section class=\"bde-section-427-100 bde-section\">\n  \n  \n\t\n\n\n\n<div class=\"section-container\"><div class=\"bde-div-427-131 bde-div\">\n  \n  \n\t\n\n\n\n\n<\/div><div class=\"bde-div-427-104 bde-div\">\n  \n  \n\t\n\n\n\n\n<\/div><\/div>\n<\/section><\/div>","protected":false},"excerpt":{"rendered":"<p>Partneru dokument\u0101cija \u0160eit atrad\u012bsiet uzst\u0101d\u012b\u0161anas rokasgr\u0101matas un citu tehnisko dokument\u0101ciju.<\/p>","protected":false},"author":1,"featured_media":0,"parent":0,"menu_order":0,"comment_status":"closed","ping_status":"closed","template":"","meta":{"_acf_changed":false,"_breakdance_hide_in_design_set":false,"_breakdance_tags":"","footnotes":""},"class_list":["post-427","page","type-page","status-publish","hentry"],"acf":[],"_links":{"self":[{"href":"https:\/\/a1magic.cool\/lv\/wp-json\/wp\/v2\/pages\/427","targetHints":{"allow":["GET"]}}],"collection":[{"href":"https:\/\/a1magic.cool\/lv\/wp-json\/wp\/v2\/pages"}],"about":[{"href":"https:\/\/a1magic.cool\/lv\/wp-json\/wp\/v2\/types\/page"}],"author":[{"embeddable":true,"href":"https:\/\/a1magic.cool\/lv\/wp-json\/wp\/v2\/users\/1"}],"replies":[{"embeddable":true,"href":"https:\/\/a1magic.cool\/lv\/wp-json\/wp\/v2\/comments?post=427"}],"version-history":[{"count":10,"href":"https:\/\/a1magic.cool\/lv\/wp-json\/wp\/v2\/pages\/427\/revisions"}],"predecessor-version":[{"id":870,"href":"https:\/\/a1magic.cool\/lv\/wp-json\/wp\/v2\/pages\/427\/revisions\/870"}],"wp:attachment":[{"href":"https:\/\/a1magic.cool\/lv\/wp-json\/wp\/v2\/media?parent=427"}],"curies":[{"name":"wp","href":"https:\/\/api.w.org\/{rel}","templated":true}]}}