{"id":38,"date":"2025-07-04T07:39:04","date_gmt":"2025-07-04T07:39:04","guid":{"rendered":"https:\/\/a1magic.cool\/?page_id=38"},"modified":"2025-07-13T18:40:27","modified_gmt":"2025-07-13T18:40:27","slug":"par-mums","status":"publish","type":"page","link":"https:\/\/a1magic.cool\/lv\/par-mums\/","title":{"rendered":"Par mums"},"content":{"rendered":"<div class='breakdance'><section class=\"bde-section-38-100 bde-section\">\n  \n  \n\t\n\n\n\n<div class=\"section-container\"><div class=\"bde-columns-38-101 bde-columns\"><div class=\"bde-column-38-102 bde-column\">\n  \n  \n\t\n\n\n\n<h2 class=\"bde-heading-38-105 bde-heading\">\nDz\u012bvojamo \u0113ku ventil\u0101cijas pionieri kop\u0161 2007. gada\n<\/h2>\n<\/div><div class=\"bde-column-38-104 bde-column\">\n  \n  \n\t\n\n\n\n<div class=\"bde-rich-text-38-106 bde-rich-text breakdance-rich-text-styles\">\n<p>M\u0113s esam zema ener\u0123ijas pat\u0113ri\u0146a entuziastu komanda ar ilggad\u0113ju pieredzi apkures, dzes\u0113\u0161anas un apkures jom\u0101.<\/p>\n<p>Da\u017ei no mums \u0161aj\u0101 nozar\u0113 str\u0101d\u0101 jau gandr\u012bz divdesmit gadus.<\/p>\n<p>Uzziniet vair\u0101k par to, ko m\u016bsu partneri ir sasniegu\u0161i pag\u0101tn\u0113.<\/p>\n<\/div>\n<\/div><\/div><\/div>\n<\/section><section class=\"bde-section-38-108 bde-section\">\n  \n  \n\t\n\n\n\n<div class=\"section-container\"><div class=\"de-timeline-38-110 de-timeline\">\n\n\n\n\n\n\t\t<div class=\"de-cols\">\n  \t\t <div class=\"de-col de-date\">\n            \t    <\/div>\n \t\t <div class=\"de-line\">\n          \t<div class=\"de-dot\">\n                       \t<div class=\"de-timeline-icon\">\n            \t<svg xmlns=\"http:\/\/www.w3.org\/2000\/svg\" viewbox=\"0 0 512 512\"><!--! Font Awesome Free 6.5.1 by @fontawesome - https:\/\/fontawesome.com License - https:\/\/fontawesome.com\/license\/free (Icons: CC BY 4.0, Fonts: SIL OFL 1.1, Code: MIT License) Copyright 2023 Fonticons, Inc. --><path d=\"M464 256A208 208 0 1 0 48 256a208 208 0 1 0 416 0zM0 256a256 256 0 1 1 512 0A256 256 0 1 1 0 256zm256-96a96 96 0 1 1 0 192 96 96 0 1 1 0-192z\"\/><\/svg>\n            <\/div>\n                       <\/div>\n          <\/div>\n       <div class=\"de-col de-content\">\n                     <img loading=\"lazy\" decoding=\"async\" class=\"breakdance-image-object\" src=\"https:\/\/a1magic.cool\/wp-content\/uploads\/2025\/07\/rozhovor_roman.jpg\" width=\"690\" height=\"434\" srcset=\"https:\/\/a1magic.cool\/wp-content\/uploads\/2025\/07\/rozhovor_roman.jpg 690w, https:\/\/a1magic.cool\/wp-content\/uploads\/2025\/07\/rozhovor_roman-300x189.jpg 300w, https:\/\/a1magic.cool\/wp-content\/uploads\/2025\/07\/rozhovor_roman-18x12.jpg 18w\" sizes=\"auto, (max-width: 690px) 100vw, 690px\">\n                            <div class=\"de-text-content\">\n                       <h4 class=\"de-heading\">2007<\/h4>\n                                 <p>M\u016bsu komandas kodols s\u0101k uz\u0146\u0113m\u0113jdarb\u012bbu HVAC nozar\u0113. To darot, t\u0101 uzsver, ka pieg\u0101d\u0101 tikai augstas kvalit\u0101tes gaisa kondicion\u0113\u0161anas iek\u0101rtas.\u00a0<\/p>\n                    <\/div>\n          \t    <\/div>\n         <\/div>\n\t\t<div class=\"de-cols\">\n  \t\t <div class=\"de-col de-date\">\n            \t    <\/div>\n \t\t <div class=\"de-line\">\n          \t<div class=\"de-dot\">\n                       \t<div class=\"de-timeline-icon\">\n            \t<svg xmlns=\"http:\/\/www.w3.org\/2000\/svg\" viewbox=\"0 0 512 512\"><!--! Font Awesome Free 6.5.1 by @fontawesome - https:\/\/fontawesome.com License - https:\/\/fontawesome.com\/license\/free (Icons: CC BY 4.0, Fonts: SIL OFL 1.1, Code: MIT License) Copyright 2023 Fonticons, Inc. --><path d=\"M464 256A208 208 0 1 0 48 256a208 208 0 1 0 416 0zM0 256a256 256 0 1 1 512 0A256 256 0 1 1 0 256zm256-96a96 96 0 1 1 0 192 96 96 0 1 1 0-192z\"\/><\/svg>\n            <\/div>\n                       <\/div>\n          <\/div>\n       <div class=\"de-col de-content\">\n                           <div class=\"de-text-content\">\n                       <h4 class=\"de-heading\">2008<\/h4>\n                                 <p>Galven\u0101 uzman\u012bba tiek piev\u0113rsta rekuper\u0101cijas ventil\u0101cijas nozarei - Kan\u0101das Lifebreath rekuper\u0101cijas ventil\u0101cijas iek\u0101rtu uzst\u0101d\u012b\u0161anai.Laik\u0101, kad \u0161\u012b tehnolo\u0123ija v\u0113l ir gandr\u012bz nezin\u0101ma, vi\u0146i izgl\u012bto savus kol\u0113\u0123us par tirgu un t\u0101d\u0113j\u0101di ir vieni no \u0161\u012bs jomas pionieriem valst\u012b.<\/p>\n                    <\/div>\n          \t    <\/div>\n         <\/div>\n\t\t<div class=\"de-cols\">\n  \t\t <div class=\"de-col de-date\">\n            \t    <\/div>\n \t\t <div class=\"de-line\">\n          \t<div class=\"de-dot\">\n                       \t<div class=\"de-timeline-icon\">\n            \t<svg xmlns=\"http:\/\/www.w3.org\/2000\/svg\" viewbox=\"0 0 512 512\"><!--! Font Awesome Free 6.5.1 by @fontawesome - https:\/\/fontawesome.com License - https:\/\/fontawesome.com\/license\/free (Icons: CC BY 4.0, Fonts: SIL OFL 1.1, Code: MIT License) Copyright 2023 Fonticons, Inc. --><path d=\"M464 256A208 208 0 1 0 48 256a208 208 0 1 0 416 0zM0 256a256 256 0 1 1 512 0A256 256 0 1 1 0 256zm256-96a96 96 0 1 1 0 192 96 96 0 1 1 0-192z\"\/><\/svg>\n            <\/div>\n                       <\/div>\n          <\/div>\n       <div class=\"de-col de-content\">\n                     <img loading=\"lazy\" decoding=\"async\" class=\"breakdance-image-object\" src=\"https:\/\/a1magic.cool\/wp-content\/uploads\/2025\/07\/ultima_komplet.jpg\" width=\"580\" height=\"562\" srcset=\"https:\/\/a1magic.cool\/wp-content\/uploads\/2025\/07\/ultima_komplet.jpg 580w, https:\/\/a1magic.cool\/wp-content\/uploads\/2025\/07\/ultima_komplet-300x291.jpg 300w, https:\/\/a1magic.cool\/wp-content\/uploads\/2025\/07\/ultima_komplet-12x12.jpg 12w\" sizes=\"auto, (max-width: 580px) 100vw, 580px\">\n                            <div class=\"de-text-content\">\n                       <h4 class=\"de-heading\">2009<\/h4>\n                                 <p>Vizovices darbn\u012bc\u0101 tiek b\u016bv\u0113ts pirmais jaun\u0101s Ultima vien\u012bbas prototips. Meh\u0101nisk\u0101s konstrukcijas izstr\u0101d\u0113 piedal\u012bj\u0101s dizainers, kur\u0161 joproj\u0101m str\u0101d\u0101 kop\u0101 ar mums.<\/p>\n                    <\/div>\n          \t    <\/div>\n         <\/div>\n\t\t<div class=\"de-cols\">\n  \t\t <div class=\"de-col de-date\">\n            \t    <\/div>\n \t\t <div class=\"de-line\">\n          \t<div class=\"de-dot\">\n                       \t<div class=\"de-timeline-icon\">\n            \t<svg xmlns=\"http:\/\/www.w3.org\/2000\/svg\" viewbox=\"0 0 512 512\"><!--! Font Awesome Free 6.5.1 by @fontawesome - https:\/\/fontawesome.com License - https:\/\/fontawesome.com\/license\/free (Icons: CC BY 4.0, Fonts: SIL OFL 1.1, Code: MIT License) Copyright 2023 Fonticons, Inc. --><path d=\"M464 256A208 208 0 1 0 48 256a208 208 0 1 0 416 0zM0 256a256 256 0 1 1 512 0A256 256 0 1 1 0 256zm256-96a96 96 0 1 1 0 192 96 96 0 1 1 0-192z\"\/><\/svg>\n            <\/div>\n                       <\/div>\n          <\/div>\n       <div class=\"de-col de-content\">\n                     <img loading=\"lazy\" decoding=\"async\" class=\"breakdance-image-object\" src=\"https:\/\/a1magic.cool\/wp-content\/uploads\/2025\/07\/ultima_front_1-1.jpg\" width=\"981\" height=\"442\" srcset=\"https:\/\/a1magic.cool\/wp-content\/uploads\/2025\/07\/ultima_front_1-1.jpg 981w, https:\/\/a1magic.cool\/wp-content\/uploads\/2025\/07\/ultima_front_1-1-300x135.jpg 300w, https:\/\/a1magic.cool\/wp-content\/uploads\/2025\/07\/ultima_front_1-1-768x346.jpg 768w, https:\/\/a1magic.cool\/wp-content\/uploads\/2025\/07\/ultima_front_1-1-18x8.jpg 18w\" sizes=\"auto, (max-width: 981px) 100vw, 981px\">\n                            <div class=\"de-text-content\">\n                       <h4 class=\"de-heading\">2010<\/h4>\n                                 <p>Ultima ventil\u0101cijas iek\u0101rta tiek veiksm\u012bgi ra\u017eota kop\u0161 2010. gada.Izstr\u0101d\u0101jum\u0101 izmantots 50 cm augsts Recair siltummainis ar siltuma efektivit\u0101ti virs 90 % un nemain\u012bgas gaisa pl\u016bsmas motori. Visu vada sava elektronika ar savam laikam \u013coti progres\u012bv\u0101m funkcij\u0101m.<\/p>\n                    <\/div>\n          \t    <\/div>\n         <\/div>\n\t\t<div class=\"de-cols\">\n  \t\t <div class=\"de-col de-date\">\n            \t    <\/div>\n \t\t <div class=\"de-line\">\n          \t<div class=\"de-dot\">\n                       \t<div class=\"de-timeline-icon\">\n            \t<svg xmlns=\"http:\/\/www.w3.org\/2000\/svg\" viewbox=\"0 0 512 512\"><!--! Font Awesome Free 6.5.1 by @fontawesome - https:\/\/fontawesome.com License - https:\/\/fontawesome.com\/license\/free (Icons: CC BY 4.0, Fonts: SIL OFL 1.1, Code: MIT License) Copyright 2023 Fonticons, Inc. --><path d=\"M464 256A208 208 0 1 0 48 256a208 208 0 1 0 416 0zM0 256a256 256 0 1 1 512 0A256 256 0 1 1 0 256zm256-96a96 96 0 1 1 0 192 96 96 0 1 1 0-192z\"\/><\/svg>\n            <\/div>\n                       <\/div>\n          <\/div>\n       <div class=\"de-col de-content\">\n                     <img loading=\"lazy\" decoding=\"async\" class=\"breakdance-image-object\" src=\"https:\/\/a1magic.cool\/wp-content\/uploads\/2025\/07\/ultima_ierv_1.jpg\" width=\"1076\" height=\"562\" srcset=\"https:\/\/a1magic.cool\/wp-content\/uploads\/2025\/07\/ultima_ierv_1.jpg 1076w, https:\/\/a1magic.cool\/wp-content\/uploads\/2025\/07\/ultima_ierv_1-300x157.jpg 300w, https:\/\/a1magic.cool\/wp-content\/uploads\/2025\/07\/ultima_ierv_1-1024x535.jpg 1024w, https:\/\/a1magic.cool\/wp-content\/uploads\/2025\/07\/ultima_ierv_1-768x401.jpg 768w, https:\/\/a1magic.cool\/wp-content\/uploads\/2025\/07\/ultima_ierv_1-18x9.jpg 18w\" sizes=\"auto, (max-width: 1076px) 100vw, 1076px\">\n                            <div class=\"de-text-content\">\n                       <h4 class=\"de-heading\">2013<\/h4>\n                                 <p>Ultima i-ERV ir izstr\u0101d\u0101ju\u0161i tie pa\u0161i dizaineri. Ier\u012bc\u0113 izmantota piln\u012bgi revolucion\u0101ra entalpisk\u0101 siltummai\u0146a koncepcija un \u013coti moderna patent\u0113ta vad\u012bbas sist\u0113ma.<\/p>\n                    <\/div>\n          \t    <\/div>\n         <\/div>\n\t\t<div class=\"de-cols\">\n  \t\t <div class=\"de-col de-date\">\n            \t    <\/div>\n \t\t <div class=\"de-line\">\n          \t<div class=\"de-dot\">\n                       \t<div class=\"de-timeline-icon\">\n            \t<svg xmlns=\"http:\/\/www.w3.org\/2000\/svg\" viewbox=\"0 0 512 512\"><!--! Font Awesome Free 6.5.1 by @fontawesome - https:\/\/fontawesome.com License - https:\/\/fontawesome.com\/license\/free (Icons: CC BY 4.0, Fonts: SIL OFL 1.1, Code: MIT License) Copyright 2023 Fonticons, Inc. --><path d=\"M464 256A208 208 0 1 0 48 256a208 208 0 1 0 416 0zM0 256a256 256 0 1 1 512 0A256 256 0 1 1 0 256zm256-96a96 96 0 1 1 0 192 96 96 0 1 1 0-192z\"\/><\/svg>\n            <\/div>\n                       <\/div>\n          <\/div>\n       <div class=\"de-col de-content\">\n                     <img loading=\"lazy\" decoding=\"async\" class=\"breakdance-image-object\" src=\"https:\/\/a1magic.cool\/wp-content\/uploads\/2025\/07\/Rectangle-137.jpg\" width=\"536\" height=\"492\" srcset=\"https:\/\/a1magic.cool\/wp-content\/uploads\/2025\/07\/Rectangle-137.jpg 536w, https:\/\/a1magic.cool\/wp-content\/uploads\/2025\/07\/Rectangle-137-300x275.jpg 300w, https:\/\/a1magic.cool\/wp-content\/uploads\/2025\/07\/Rectangle-137-13x12.jpg 13w\" sizes=\"auto, (max-width: 536px) 100vw, 536px\">\n                            <div class=\"de-text-content\">\n                       <h4 class=\"de-heading\">2015<\/h4>\n                                 <p>M\u016bsu cilv\u0113ki ir iesaist\u012bti piln\u012bgi jauna produktu portfe\u013ca izveid\u0113, ko vada bezlaika siltuma atg\u016b\u0161anas vien\u012bba, kas atrodas k\u0101da liela \u010cehijas uz\u0146\u0113muma pasp\u0101rn\u0113.\u0160\u012b sadarb\u012bba beigsies 2023. gada ruden\u012b.<\/p>\n                    <\/div>\n          \t    <\/div>\n         <\/div>\n\t\t<div class=\"de-cols\">\n  \t\t <div class=\"de-col de-date\">\n            \t    <\/div>\n \t\t <div class=\"de-line\">\n          \t<div class=\"de-dot\">\n                       \t<div class=\"de-timeline-icon\">\n            \t<svg xmlns=\"http:\/\/www.w3.org\/2000\/svg\" viewbox=\"0 0 512 512\"><!--! Font Awesome Free 6.5.1 by @fontawesome - https:\/\/fontawesome.com License - https:\/\/fontawesome.com\/license\/free (Icons: CC BY 4.0, Fonts: SIL OFL 1.1, Code: MIT License) Copyright 2023 Fonticons, Inc. --><path d=\"M464 256A208 208 0 1 0 48 256a208 208 0 1 0 416 0zM0 256a256 256 0 1 1 512 0A256 256 0 1 1 0 256zm256-96a96 96 0 1 1 0 192 96 96 0 1 1 0-192z\"\/><\/svg>\n            <\/div>\n                       <\/div>\n          <\/div>\n       <div class=\"de-col de-content\">\n                           <div class=\"de-text-content\">\n                       <h4 class=\"de-heading\">2024<\/h4>\n                                 <p>BIG MAGIC un rodas jaunas paaudzes ventil\u0101cijas iek\u0101rtas ar integr\u0113tu dzes\u0113\u0161anas, apkures un zon\u0101l\u0101s ventil\u0101cijas vad\u012bbu. M\u0113s prezent\u0113jam darbojo\u0161os prototipu izst\u0101d\u0113 For Arch Pr\u0101g\u0101.\u00a0<\/p>\n                    <\/div>\n          \t    <\/div>\n         <\/div>\n\t\t<div class=\"de-cols\">\n  \t\t <div class=\"de-col de-date\">\n            \t    <\/div>\n \t\t <div class=\"de-line\">\n          \t<div class=\"de-dot\">\n                       \t<div class=\"de-timeline-icon\">\n            \t<svg xmlns=\"http:\/\/www.w3.org\/2000\/svg\" viewbox=\"0 0 512 512\"><!--! Font Awesome Free 6.5.1 by @fontawesome - https:\/\/fontawesome.com License - https:\/\/fontawesome.com\/license\/free (Icons: CC BY 4.0, Fonts: SIL OFL 1.1, Code: MIT License) Copyright 2023 Fonticons, Inc. --><path d=\"M464 256A208 208 0 1 0 48 256a208 208 0 1 0 416 0zM0 256a256 256 0 1 1 512 0A256 256 0 1 1 0 256zm256-96a96 96 0 1 1 0 192 96 96 0 1 1 0-192z\"\/><\/svg>\n            <\/div>\n                       <\/div>\n          <\/div>\n       <div class=\"de-col de-content\">\n                     <img loading=\"lazy\" decoding=\"async\" class=\"breakdance-image-object\" src=\"https:\/\/a1magic.cool\/wp-content\/uploads\/2025\/07\/2025.jpg\" width=\"884\" height=\"442\" srcset=\"https:\/\/a1magic.cool\/wp-content\/uploads\/2025\/07\/2025.jpg 884w, https:\/\/a1magic.cool\/wp-content\/uploads\/2025\/07\/2025-300x150.jpg 300w, https:\/\/a1magic.cool\/wp-content\/uploads\/2025\/07\/2025-768x384.jpg 768w, https:\/\/a1magic.cool\/wp-content\/uploads\/2025\/07\/2025-18x9.jpg 18w\" sizes=\"auto, (max-width: 884px) 100vw, 884px\">\n                            <div class=\"de-text-content\">\n                       <h4 class=\"de-heading\">2025<\/h4>\n                                 <p>M\u0113s piedal\u0101mies noz\u012bm\u012bgaj\u0101 starptautiskaj\u0101 izst\u0101d\u0113 ISH Frankfurt\u0113. M\u016bsu stends piesaista partneru interesi no daudz\u0101m Eiropas un cit\u0101m valst\u012bm.<\/p>\n                    <\/div>\n          \t    <\/div>\n         <\/div>\n<\/div><div class=\"bde-video-38-112 bde-video\">\n<div class=\"ee-video-container\">\n                                                                        \n                <lite-youtube\n                        videoid=\"dNMX_o6BjAk\"\n                                                style=\"background-image: url(https:\/\/i.ytimg.com\/vi\/dNMX_o6BjAk\/maxresdefault.jpg); \"\n                        class=\"ee-video\"\n                        title=\"\"\n                        params=\"&playsinline=0&rel=0&enablejsapi=1\"\n                >\n                <\/lite-youtube>\n                    \n        \n            \n    <\/div>\n\n<\/div><\/div>\n<\/section><\/div>","protected":false},"excerpt":{"rendered":"<p>Dz\u012bvojamo \u0113ku ventil\u0101cijas pionieri kop\u0161 2007. gada M\u0113s esam zema ener\u0123ijas pat\u0113ri\u0146a entuziastu komanda ar ilggad\u0113ju pieredzi apkures, dzes\u0113\u0161anas un apkures jom\u0101. Da\u017ei no mums \u0161aj\u0101 nozar\u0113 str\u0101d\u0101 jau gandr\u012bz divdesmit gadus. Uzziniet vair\u0101k par to, ko m\u016bsu darbinieki ir paveiku\u0161i pag\u0101tn\u0113. 2007. gads M\u016bsu komandas kodols uzs\u0101k HVAC biznesu. Tas liek [...]<\/p>","protected":false},"author":1,"featured_media":0,"parent":0,"menu_order":0,"comment_status":"closed","ping_status":"closed","template":"","meta":{"_acf_changed":false,"_breakdance_hide_in_design_set":false,"_breakdance_tags":"","footnotes":""},"class_list":["post-38","page","type-page","status-publish","hentry"],"acf":[],"_links":{"self":[{"href":"https:\/\/a1magic.cool\/lv\/wp-json\/wp\/v2\/pages\/38","targetHints":{"allow":["GET"]}}],"collection":[{"href":"https:\/\/a1magic.cool\/lv\/wp-json\/wp\/v2\/pages"}],"about":[{"href":"https:\/\/a1magic.cool\/lv\/wp-json\/wp\/v2\/types\/page"}],"author":[{"embeddable":true,"href":"https:\/\/a1magic.cool\/lv\/wp-json\/wp\/v2\/users\/1"}],"replies":[{"embeddable":true,"href":"https:\/\/a1magic.cool\/lv\/wp-json\/wp\/v2\/comments?post=38"}],"version-history":[{"count":6,"href":"https:\/\/a1magic.cool\/lv\/wp-json\/wp\/v2\/pages\/38\/revisions"}],"predecessor-version":[{"id":369,"href":"https:\/\/a1magic.cool\/lv\/wp-json\/wp\/v2\/pages\/38\/revisions\/369"}],"wp:attachment":[{"href":"https:\/\/a1magic.cool\/lv\/wp-json\/wp\/v2\/media?parent=38"}],"curies":[{"name":"wp","href":"https:\/\/api.w.org\/{rel}","templated":true}]}}