{"id":30,"date":"2025-07-04T07:37:11","date_gmt":"2025-07-04T07:37:11","guid":{"rendered":"https:\/\/a1magic.cool\/?page_id=30"},"modified":"2025-08-05T17:32:16","modified_gmt":"2025-08-05T17:32:16","slug":"totalmagic","status":"publish","type":"page","link":"https:\/\/a1magic.cool\/lv\/totalmagic\/","title":{"rendered":"Total Magic"},"content":{"rendered":"<div class='breakdance'><section class=\"bde-section-30-100 bde-section\">\n  \n  \n\t\n\n\n\n<div class=\"section-container\"><div class=\"bde-columns-30-101 bde-columns\"><div class=\"bde-column-30-102 bde-column\">\n  \n  \n\t\n\n\n\n<img decoding=\"async\" class=\"bde-image2-30-103 bde-image2\" src=\"https:\/\/a1magic.cool\/wp-content\/uploads\/2025\/07\/a3.png\" loading=\"lazy\" srcset=\"https:\/\/a1magic.cool\/wp-content\/uploads\/2025\/07\/a3.png 448w, https:\/\/a1magic.cool\/wp-content\/uploads\/2025\/07\/a3-279x300.png 279w\" sizes=\"(max-width: 448px) 100vw, 448px\" data-entrance=\"zoomIn\">\n<\/div><div class=\"bde-column-30-104 bde-column\">\n  \n  \n\t\n\n\n\n<h2 class=\"bde-heading-30-105 bde-heading\">\nTotal Magic\n<\/h2><div class=\"bde-grid-30-106 bde-grid\">\n  \n  \n\t\n\n\n\n<div class=\"bde-icon-box-30-107 bde-icon-box\" data-entrance=\"zoomIn\">\n\n    \n            <div class=\"ee-iconbox-icon breakdance-icon-atom\" >\n    \n                    <svg xmlns=\"http:\/\/www.w3.org\/2000\/svg\" width=\"84\" height=\"68\" viewbox=\"0 0 84 68\" fill=\"none\"><g clip-path=\"url(#clip0_4493_117)\"><path d=\"M69.6286 32.416C68.6116 29.3191 66.3381 27.1822 63.4066 26.6247C58.6205 25.6956 53.3258 29.0713 50.6037 31.1463L49.8259 31.7347L47.6124 29.4429V28.9165C47.7021 27.2441 48.0311 24.7046 49.0183 22.1961C50.843 17.6745 56.0778 15.6615 56.2872 15.5996C56.6163 15.4757 56.8556 15.197 56.9453 14.8253C57.0052 14.4847 56.8855 14.113 56.6462 13.8653C52.1592 9.74632 46.2064 8.16687 41.51 9.87019C38.5187 10.9232 36.4547 13.2768 35.9162 16.3119C35.0188 21.267 38.2794 26.7486 40.2836 29.5668L40.8519 30.372L38.6383 32.6638H38.1298C36.5145 32.5709 34.0915 32.2302 31.6386 31.2082C27.2114 29.3191 25.2671 23.7136 25.2371 23.6826C25.1175 23.3419 24.8483 23.0942 24.4893 23.0013C24.1603 22.9393 23.8013 23.0632 23.562 23.3419C19.5835 27.9874 18.0579 34.1193 19.7032 39.0125C20.7501 42.1095 22.9936 44.2464 25.9252 44.8038C26.4636 44.8967 27.032 44.9587 27.6302 44.9587C31.7583 44.9587 35.9761 42.3882 38.7879 40.2203L39.5657 39.6319L41.7493 41.8927V42.4192C41.6596 44.1225 41.3605 46.662 40.3135 49.2325C38.4888 53.754 33.2539 55.767 33.0445 55.8599C32.7155 55.9838 32.4762 56.2626 32.3864 56.6342C32.3266 56.9748 32.4463 57.3465 32.6856 57.5942C35.9162 60.5673 39.9844 62.2706 43.8732 62.2706C45.2791 62.2706 46.5953 62.0539 47.8218 61.6203C50.8131 60.5363 52.8771 58.2136 53.4156 55.1786C54.313 50.1925 51.0225 44.6799 48.9884 41.8617L48.42 41.0565L50.5738 38.8267H51.0823C52.7275 38.9196 55.1804 39.2293 57.6633 40.3132C62.1203 42.2333 64.0348 47.8079 64.0647 47.8388C64.1844 48.1795 64.4536 48.4273 64.8126 48.4892C65.1715 48.5511 65.5006 48.4273 65.7399 48.1795C69.7183 43.5341 71.2439 37.4021 69.5987 32.5089L69.6286 32.416ZM38.3691 38.0215L37.9204 38.3622C35.7667 40.0655 31.5788 42.9147 27.69 42.9147C27.2114 42.9147 26.7328 42.8837 26.2841 42.7908C23.4124 42.2334 22.1561 40.0655 21.5578 38.3622C20.7501 35.9156 20.6903 31.8276 23.0236 27.6157L23.9509 25.9434L24.938 27.5848C26.0747 29.412 27.9892 31.8895 30.8609 33.1283C32.8052 33.9645 34.9889 34.491 37.2922 34.6768L38.3392 34.7697V38.0525L38.3691 38.0215ZM37.8606 16.6835C38.399 13.7104 40.493 12.4097 42.1382 11.7903C43.1254 11.4496 44.2321 11.2638 45.4287 11.2638C47.0739 11.2638 49.6465 11.6045 52.5182 13.3078L54.1335 14.2679L52.5481 15.2899C50.7832 16.4667 48.3901 18.4797 47.1936 21.4218C46.3859 23.4348 45.8774 25.6646 45.6979 28.0493L45.6082 29.1332H42.3775L42.0485 28.6687C40.134 26.0673 37.023 21.0192 37.8307 16.6835H37.8606ZM51.531 54.7141C50.9926 57.6871 48.8986 58.9879 47.2534 59.6073C46.2962 59.9479 45.1595 60.1337 43.9629 60.1337C42.3177 60.1337 39.7451 59.7931 36.9034 58.0897L35.288 57.1297L36.8735 56.1077C38.6383 54.9309 41.0314 52.9488 42.198 49.9757C43.0057 47.9317 43.5142 45.7019 43.6937 43.2553L43.7834 42.1714H46.9244L47.2534 42.636C49.1978 45.2684 52.3387 50.3474 51.5609 54.7141H51.531ZM49.0183 37.526L46.4757 40.1584H42.886L40.3434 37.526V33.8096L42.886 31.1772H46.4757L49.0183 33.8096V37.526ZM66.3082 43.8128L65.3809 45.4851L64.3938 43.8438C63.2571 42.0166 61.3426 39.539 58.4709 38.3002C56.5266 37.464 54.3429 36.9376 52.0395 36.7517L50.9926 36.6588V33.3761L51.4413 33.0354C53.9839 31.0224 58.8598 27.8015 63.0776 28.6068C65.9493 29.1642 67.2056 31.3321 67.8039 33.0354C68.6116 35.482 68.6714 39.57 66.3381 43.7818L66.3082 43.8128Z\" fill=\"#7186A3\"\/><path d=\"M73.5472 52.5462L81.3845 58.6162L73.5472 64.7172V60.846H71.8122C64.7527 60.846 61.8511 57.2536 60.7742 53.4133C64.1245 56.0767 67.8338 56.5103 69.9875 56.5103C71.214 56.5103 72.0216 56.3554 72.1114 56.3554L73.5472 56.0767V52.5152M72.5601 49.728C72.1413 49.728 71.8122 50.0686 71.8122 50.5022V54.5902C71.8122 54.5902 71.1242 54.7141 69.9875 54.7141C67.5645 54.7141 63.2271 54.0947 59.9366 50.0996C59.7871 49.9138 59.5478 49.7899 59.3084 49.7899C59.3084 49.7899 59.2785 49.7899 59.2486 49.7899C58.8298 49.8209 58.5008 50.2235 58.5307 50.6571C58.8597 54.8379 60.9238 62.6423 71.8122 62.6423V66.7302C71.8122 66.9161 71.8721 67.1019 71.9618 67.2258C72.1114 67.4116 72.3208 67.5354 72.5601 67.5354C72.7396 67.5354 72.8891 67.4735 73.0387 67.3806L82.9998 59.6382C82.9998 59.6382 83.1793 59.4834 83.2391 59.3905C83.628 58.833 83.5383 58.0588 82.9998 57.6252L73.0088 49.8828C73.0088 49.8828 72.7096 49.728 72.5601 49.728Z\" fill=\"#7186A3\"\/><path d=\"M71.7227 10.9231L76.808 14.8872L71.7227 18.8513V16.5286L70.2869 16.2499C70.2869 16.2499 69.5689 16.126 68.5519 16.126C67.0263 16.126 64.5435 16.4047 62.1205 17.9223C63.1675 15.5376 65.3811 13.5246 69.9578 13.5246H71.6928V10.9231M70.586 7.9191C70.4065 7.9191 70.227 8.01201 70.1074 8.16685C70.0176 8.29073 69.9877 8.41461 69.9877 8.56946V11.7593C61.4923 11.7593 59.9069 17.8603 59.6377 21.1121C59.6377 21.4528 59.8471 21.7625 60.2061 21.7934C60.2061 21.7934 60.236 21.7934 60.2659 21.7934C60.4454 21.7934 60.6248 21.7005 60.7445 21.5457C63.317 18.4487 66.7272 17.9532 68.6117 17.9532C69.4792 17.9532 70.0176 18.0461 70.0176 18.0461V21.236C70.0176 21.5767 70.2869 21.8554 70.6159 21.8554C70.6159 21.8554 70.8851 21.8244 70.9749 21.7315L78.7823 15.6924C79.201 15.3518 79.2908 14.7634 78.9617 14.3298C78.9019 14.2679 78.8421 14.1749 78.7823 14.144L71.0048 8.10492C71.0048 8.10492 70.7655 7.98104 70.6458 7.98104L70.586 7.9191Z\" fill=\"#7186A3\"\/><path d=\"M13.9302 3.21173V8.60043H15.6652C25.8657 8.60043 29.4253 14.2988 30.5022 19.8733C26.105 15.7544 20.8701 15.0731 17.9685 15.0731C16.4429 15.0731 15.4558 15.2589 15.3661 15.2589L13.9302 15.5376V20.6166L2.68278 11.9451L13.9302 3.21173ZM14.708 0.610291C14.4986 0.610291 14.2892 0.67223 14.1097 0.827077L1.42642 10.6754C1.42642 10.6754 1.21703 10.8612 1.12729 10.9851C0.618761 11.6974 0.738415 12.6884 1.42642 13.2149L14.1396 23.0632C14.3191 23.1871 14.4986 23.28 14.708 23.28C15.2464 23.28 15.6652 22.8154 15.6652 22.289V17.0861C15.6652 17.0861 16.5626 16.9312 17.9685 16.9312C21.0496 16.9312 26.5836 17.7364 30.7715 22.7845C30.9509 23.0322 31.2501 23.1871 31.5492 23.1871C31.5492 23.1871 31.609 23.1871 31.6389 23.1871C32.1774 23.1251 32.5962 22.6296 32.5363 22.0722C32.1176 16.7454 29.4852 6.8042 15.6652 6.8042V1.63228C15.6652 1.4155 15.6054 1.16774 15.4558 0.981925C15.2763 0.734169 15.0071 0.610291 14.708 0.610291Z\" fill=\"#7186A3\"\/><\/g><defs><clippath id=\"clip0_4493_117\"><rect width=\"82.7105\" height=\"66.9561\" fill=\"white\" transform=\"translate(0.797852 0.610291)\"\/><\/clippath><\/defs><\/svg>\n        \n        \n        \n            <\/div>\n    \n\n<div class=\"ee-iconbox-content\">\n      <h5 class=\"ee-iconbox-title bde-h3\" >Vied\u0101s zonas vad\u012bba<\/h5>\n      <\/div>\n\n<\/div>\n<\/div>\n<\/div><\/div><\/div>\n<\/section><section class=\"bde-section-30-108 bde-section\">\n  \n  \n\t\n\n\n\n<div class=\"section-container\"><div class=\"bde-columns-30-109 bde-columns\"><div class=\"bde-column-30-110 bde-column\">\n  \n  \n\t\n\n\n\n<img decoding=\"async\" class=\"bde-image2-30-116 bde-image2\" src=\"https:\/\/a1magic.cool\/wp-content\/uploads\/2025\/07\/TOTAL_MAGIC_box.webp\" loading=\"lazy\" srcset=\"https:\/\/a1magic.cool\/wp-content\/uploads\/2025\/07\/TOTAL_MAGIC_box.webp 700w, https:\/\/a1magic.cool\/wp-content\/uploads\/2025\/07\/TOTAL_MAGIC_box-300x240.webp 300w\" sizes=\"(max-width: 700px) 100vw, 700px\" data-entrance=\"zoomIn\">\n<\/div><div class=\"bde-column-30-113 bde-column\">\n  \n  \n\t\n\n\n\n<h2 class=\"bde-heading-30-111 bde-heading\">\nInteli\u0123ent\u0101 brauk\u0161ana Total Magic\n<\/h2><div class=\"bde-rich-text-30-115 bde-rich-text breakdance-rich-text-styles\">\n<p>Vai visi m\u0101jsaimniec\u012bbas locek\u013ci vienlaic\u012bgi atrodas vis\u0101s m\u0101jas telp\u0101s?<\/p><ul><li><p>N\u0113.<\/p><\/li><\/ul><p>K\u0101p\u0113c telp\u0101, kur\u0101 neviens neatrodas, b\u016btu j\u0101pl\u016bst nepamatoti lielam gaisa daudzumam?<\/p><ul><li><p>Galu gal\u0101 iek\u0101rta pat\u0113r\u0113 vair\u0101k ener\u0123ijas, \u0101tr\u0101k aizs\u0113r\u0113 filtri un ziem\u0101 nevajadz\u012bgi at\u0146em m\u0101jai v\u0113rt\u012bgo mitrumu.<\/p><\/li><\/ul><p>Vai Total Magic patie\u0161\u0101m tik \u013coti at\u0161\u0137iras no jebkura konkurenta?<\/p><ul><li><p>100% j\u0101. Total Magic m\u0113ra gaisa daudzumu, ko tas ielai\u017e telp\u0101s.<\/p><\/li><li><p>Nav fiks\u0113tu iestat\u012bjumu vai tikai primit\u012bvas gaisa pl\u016bsmas starp \u201edienas\u201c un \u201enakts\u201c zon\u0101m bez piel\u0101go\u0161anas re\u0101laj\u0101m vajadz\u012bb\u0101m.<\/p><\/li><\/ul><p>Sast\u0101vs\u00a0<strong><a href=\"https:\/\/a1magic.cool\/lv\/bigmagic\/\">Big Magic<\/a><\/strong>\u00a0un Total Magic gudri v\u0113dina m\u0101ju, izmantojot uz pusi maz\u0101k ener\u0123ijas nek\u0101 citas ier\u012bces.<\/p>\n<\/div>\n<\/div><\/div><\/div>\n<\/section><section class=\"bde-section-30-117 bde-section\">\n  \n  \n\t\n\n\n\n<div class=\"section-container\"><div class=\"bde-columns-30-118 bde-columns\"><div class=\"bde-column-30-121 bde-column\">\n  \n  \n\t\n\n\n\n<h2 class=\"bde-heading-30-122 bde-heading\">\nDzes\u0113\u0161anas jauda tur, kur t\u0101 ir visvair\u0101k nepiecie\u0161ama\n<\/h2><div class=\"bde-rich-text-30-123 bde-rich-text breakdance-rich-text-styles\">\n<p>Zonu kontrolei ir v\u0113l liel\u0101ka j\u0113ga, ja to apvieno ar dzes\u0113\u0161anu.\u00a0<strong><a href=\"https:\/\/a1magic.cool\/lv\/coolmagic\/\">Cool Magic<\/a><\/strong>.<\/p>\n<p>Katra telpa ir vair\u0101k vai maz\u0101k pak\u013cauta siltuma iedarb\u012bbai atkar\u012bb\u0101 no orient\u0101cijas un stiklojuma. Total Magic rea\u0123\u0113 uz temperat\u016bru katr\u0101 telp\u0101 un var atv\u0113sin\u0101t, kur vien ir nepiecie\u0161ama dzes\u0113\u0161ana.<\/p>\n<p>M\u016bsdienu jaunaj\u0101s \u0113k\u0101s ir ierasts, ka dz\u012bvojam\u0101 istaba ir v\u0113rsta uz dienvidiem, bet gu\u013camistaba - uz zieme\u013ciem. Praks\u0113 tas noz\u012bm\u0113, ka, piem\u0113ram, gu\u013camistab\u0101 ir vajadz\u012bgie 23 \u00b0C, bet dz\u012bvojam\u0101 istab\u0101 - 26 \u00b0C. Ier\u012bce bez zonu vad\u012bbas pieg\u0101d\u0101tu atdzes\u0113tu gaisu vis\u0101s telp\u0101s, tostarp gu\u013camistab\u0101, kur tiek sasniegta v\u0113lam\u0101 temperat\u016bra. Total Magic novirza dzes\u0113\u0161anas jaudu uz dz\u012bvojamo istabu un samazina padevi gu\u013camistabai.<\/p>\n<\/div>\n<\/div><div class=\"bde-column-30-119 bde-column\">\n  \n  \n\t\n\n\n\n<img decoding=\"async\" class=\"bde-image2-30-120 bde-image2\" src=\"https:\/\/a1magic.cool\/wp-content\/uploads\/2025\/07\/TOTAL_MAGIC_direct.webp\" loading=\"lazy\" srcset=\"https:\/\/a1magic.cool\/wp-content\/uploads\/2025\/07\/TOTAL_MAGIC_direct.webp 700w, https:\/\/a1magic.cool\/wp-content\/uploads\/2025\/07\/TOTAL_MAGIC_direct-300x240.webp 300w\" sizes=\"(max-width: 700px) 100vw, 700px\" data-entrance=\"zoomIn\">\n<\/div><\/div><\/div>\n<\/section><section class=\"bde-section-30-124 bde-section\">\n  \n  \n\t\n\n\n\n<div class=\"section-container\"><div class=\"bde-columns-30-125 bde-columns\"><div class=\"bde-column-30-126 bde-column\">\n  \n  \n\t\n\n\n\n<img decoding=\"async\" class=\"bde-image2-30-127 bde-image2\" src=\"https:\/\/a1magic.cool\/wp-content\/uploads\/2025\/07\/Sdruzene-ovladani-kopie.webp\" loading=\"lazy\" srcset=\"https:\/\/a1magic.cool\/wp-content\/uploads\/2025\/07\/Sdruzene-ovladani-kopie.webp 570w, https:\/\/a1magic.cool\/wp-content\/uploads\/2025\/07\/Sdruzene-ovladani-kopie-300x224.webp 300w\" sizes=\"(max-width: 570px) 100vw, 570px\" data-entrance=\"zoomIn\">\n<\/div><div class=\"bde-column-30-128 bde-column\">\n  \n  \n\t\n\n\n\n<h2 class=\"bde-heading-30-129 bde-heading\">\n\u201eTas noteikti izmaks\u0101s d\u0101rgi.\u201c\n<\/h2><div class=\"bde-rich-text-30-130 bde-rich-text breakdance-rich-text-styles\">\n<p>Ak, n\u0113. Uzst\u0101dot Total Magic zonu vad\u012bbu, sist\u0113mas cena palielin\u0101sies vid\u0113ji par 20 %. Ieskaitot kontrol\u0113tos v\u0101rstus, CO2 sensorus un uzst\u0101d\u012b\u0161anu, kas ir \u013coti vienk\u0101r\u0161a un \u0101tra.<\/p>\n<p>Vai jums ir m\u0101ja ar lab\u0101ku sist\u0113mu un t\u0101d\u0113\u013c v\u0113laties izmantot cita ra\u017eot\u0101ja sensorus? Nek\u0101du probl\u0113mu, pietiek, ja pamatsist\u0113ma var sazin\u0101ties, izmantojot Modbus TCP.<\/p>\n<p>Nos\u016btiet mums m\u0101jas pl\u0101nojumu, un m\u0113s sagatavosim jums bezmaksas un nesaisto\u0161u pied\u0101v\u0101jumu.<\/p>\n<\/div><div class=\"bde-button-30-131 bde-button\">\n    \n                        \n                        \n    \n    \n    \n    \n            \n                    \n            \n            \n\n    \n    \n    \n    \n    \n    <a class=\"breakdance-link button-atom button-atom--secondary bde-button__button\" href=\"\/lv\/#kontakt\" target=\"_self\" data-type=\"url\"  >\n\n    \n        <span class=\"button-atom__text\">Sazinieties ar<\/span>\n\n        \n        \n                <\/a>\n\n    \n\n\n<\/div>\n<\/div><\/div><\/div>\n<\/section><\/div>","protected":false},"excerpt":{"rendered":"<p>Total Magic Smart Zone Control Total Magic Smart Zone Control Vai visi m\u0101jsaimniec\u012bbas locek\u013ci vienlaic\u012bgi atrodas vis\u0101s m\u0101jas telp\u0101s?N\u0113.K\u0101p\u0113c telp\u0101s, kur\u0101s neviena nav, b\u016btu j\u0101pl\u016bst bezj\u0113dz\u012bgam gaisa daudzumam?Vien\u012bba pat\u0113r\u0113 vair\u0101k ener\u0123ijas, \u0101tr\u0101k aizs\u0113r\u0113 filtrus un ziem\u0101 nevajadz\u012bgi at\u0146em m\u0101jai v\u0113rt\u012bgu mitrumu.Vai Total Magic patie\u0161\u0101m tik \u013coti at\u0161\u0137iras no konkurentiem?100% [...]<\/p>","protected":false},"author":1,"featured_media":0,"parent":0,"menu_order":0,"comment_status":"closed","ping_status":"closed","template":"","meta":{"_acf_changed":false,"_breakdance_hide_in_design_set":false,"_breakdance_tags":"","footnotes":""},"class_list":["post-30","page","type-page","status-publish","hentry"],"acf":[],"_links":{"self":[{"href":"https:\/\/a1magic.cool\/lv\/wp-json\/wp\/v2\/pages\/30","targetHints":{"allow":["GET"]}}],"collection":[{"href":"https:\/\/a1magic.cool\/lv\/wp-json\/wp\/v2\/pages"}],"about":[{"href":"https:\/\/a1magic.cool\/lv\/wp-json\/wp\/v2\/types\/page"}],"author":[{"embeddable":true,"href":"https:\/\/a1magic.cool\/lv\/wp-json\/wp\/v2\/users\/1"}],"replies":[{"embeddable":true,"href":"https:\/\/a1magic.cool\/lv\/wp-json\/wp\/v2\/comments?post=30"}],"version-history":[{"count":6,"href":"https:\/\/a1magic.cool\/lv\/wp-json\/wp\/v2\/pages\/30\/revisions"}],"predecessor-version":[{"id":683,"href":"https:\/\/a1magic.cool\/lv\/wp-json\/wp\/v2\/pages\/30\/revisions\/683"}],"wp:attachment":[{"href":"https:\/\/a1magic.cool\/lv\/wp-json\/wp\/v2\/media?parent=30"}],"curies":[{"name":"wp","href":"https:\/\/api.w.org\/{rel}","templated":true}]}}