{"id":23,"date":"2025-07-04T07:34:40","date_gmt":"2025-07-04T07:34:40","guid":{"rendered":"https:\/\/a1magic.cool\/?page_id=23"},"modified":"2025-07-10T14:24:48","modified_gmt":"2025-07-10T14:24:48","slug":"produkti","status":"publish","type":"page","link":"https:\/\/a1magic.cool\/lv\/produkti\/","title":{"rendered":"Produkti"},"content":{"rendered":"<div class='breakdance'><section class=\"bde-section-23-100 bde-section\">\n  \n  \n\t\n\n\n\n<div class=\"section-container\"><div class=\"bde-columns-23-101 bde-columns\"><div class=\"bde-column-23-102 bde-column\">\n  \n  \n\t\n\n\n\n<img decoding=\"async\" class=\"bde-image2-23-103 bde-image2\" src=\"https:\/\/a1magic.cool\/wp-content\/uploads\/2025\/07\/a1.png\" loading=\"lazy\" data-entrance=\"zoomIn\">\n<\/div><div class=\"bde-column-23-104 bde-column\">\n  \n  \n\t\n\n\n\n<h2 class=\"bde-heading-23-105 bde-heading\">\nVentil\u0101cijas iek\u0101rta<br>Big Magic\n<\/h2><div class=\"bde-button-23-107 bde-button\">\n    \n                        \n                        \n    \n    \n    \n    \n            \n                    \n            \n            \n\n    \n    \n    \n    \n    \n    <a class=\"breakdance-link button-atom button-atom--secondary bde-button__button\" href=\"\/lv\/bigmagic\/\" target=\"_self\" data-type=\"url\"  >\n\n    \n        <span class=\"button-atom__text\">Las\u012bt vair\u0101k<\/span>\n\n        \n        \n                <\/a>\n\n    \n\n\n<\/div>\n<\/div><\/div><\/div>\n<\/section><section class=\"bde-section-23-108 bde-section\">\n  \n  \n\t\n\n\n\n<div class=\"section-container\"><div class=\"bde-columns-23-109 bde-columns\"><div class=\"bde-column-23-112 bde-column\">\n  \n  \n\t\n\n\n\n<h2 class=\"bde-heading-23-113 bde-heading\">\nIntegr\u0113ts<br>Augsta veiktsp\u0113ja<br>dzes\u0113\u0161ana un apkure<br>Cool Magic\n<\/h2><div class=\"bde-button-23-114 bde-button\">\n    \n                        \n                        \n    \n    \n    \n    \n            \n                    \n            \n            \n\n    \n    \n    \n    \n    \n    <a class=\"breakdance-link button-atom button-atom--secondary bde-button__button\" href=\"\/lv\/coolmagic\/\" target=\"_self\" data-type=\"url\"  >\n\n    \n        <span class=\"button-atom__text\">Las\u012bt vair\u0101k<\/span>\n\n        \n        \n                <\/a>\n\n    \n\n\n<\/div>\n<\/div><div class=\"bde-column-23-110 bde-column\">\n  \n  \n\t\n\n\n\n<img decoding=\"async\" class=\"bde-image2-23-111 bde-image2\" src=\"https:\/\/a1magic.cool\/wp-content\/uploads\/2025\/07\/a2.png\" loading=\"lazy\" data-entrance=\"zoomIn\">\n<\/div><\/div><\/div>\n<\/section><section class=\"bde-section-23-115 bde-section\">\n  \n  \n\t\n\n\n\n<div class=\"section-container\"><div class=\"bde-columns-23-116 bde-columns\"><div class=\"bde-column-23-117 bde-column\">\n  \n  \n\t\n\n\n\n<img decoding=\"async\" class=\"bde-image2-23-118 bde-image2\" src=\"https:\/\/a1magic.cool\/wp-content\/uploads\/2025\/07\/a3.png\" loading=\"lazy\" data-entrance=\"zoomIn\">\n<\/div><div class=\"bde-column-23-119 bde-column\">\n  \n  \n\t\n\n\n\n<h2 class=\"bde-heading-23-120 bde-heading\">\nZonu ventil\u0101cija<br>Total Magic\n<\/h2><div class=\"bde-button-23-121 bde-button\">\n    \n                        \n                        \n    \n    \n    \n    \n            \n                    \n            \n            \n\n    \n    \n    \n    \n    \n    <a class=\"breakdance-link button-atom button-atom--secondary bde-button__button\" href=\"\/lv\/totalmagic\/\" target=\"_self\" data-type=\"url\"  >\n\n    \n        <span class=\"button-atom__text\">Las\u012bt vair\u0101k<\/span>\n\n        \n        \n                <\/a>\n\n    \n\n\n<\/div>\n<\/div><\/div><\/div>\n<\/section><\/div>","protected":false},"excerpt":{"rendered":"<p>Ventil\u0101cijas iek\u0101rtaBig Magic Las\u012bt vair\u0101k Integr\u0113ta augstas veiktsp\u0113jas dzes\u0113\u0161ana un apsildeCool Magic Las\u012bt vair\u0101k Zonu ventil\u0101cijaTotal Magic Las\u012bt vair\u0101k<\/p>","protected":false},"author":1,"featured_media":0,"parent":0,"menu_order":0,"comment_status":"closed","ping_status":"closed","template":"","meta":{"_acf_changed":false,"_breakdance_hide_in_design_set":false,"_breakdance_tags":"","footnotes":""},"class_list":["post-23","page","type-page","status-publish","hentry"],"acf":[],"_links":{"self":[{"href":"https:\/\/a1magic.cool\/lv\/wp-json\/wp\/v2\/pages\/23","targetHints":{"allow":["GET"]}}],"collection":[{"href":"https:\/\/a1magic.cool\/lv\/wp-json\/wp\/v2\/pages"}],"about":[{"href":"https:\/\/a1magic.cool\/lv\/wp-json\/wp\/v2\/types\/page"}],"author":[{"embeddable":true,"href":"https:\/\/a1magic.cool\/lv\/wp-json\/wp\/v2\/users\/1"}],"replies":[{"embeddable":true,"href":"https:\/\/a1magic.cool\/lv\/wp-json\/wp\/v2\/comments?post=23"}],"version-history":[{"count":11,"href":"https:\/\/a1magic.cool\/lv\/wp-json\/wp\/v2\/pages\/23\/revisions"}],"predecessor-version":[{"id":157,"href":"https:\/\/a1magic.cool\/lv\/wp-json\/wp\/v2\/pages\/23\/revisions\/157"}],"wp:attachment":[{"href":"https:\/\/a1magic.cool\/lv\/wp-json\/wp\/v2\/media?parent=23"}],"curies":[{"name":"wp","href":"https:\/\/api.w.org\/{rel}","templated":true}]}}