{"id":171,"date":"2025-07-10T14:48:09","date_gmt":"2025-07-10T14:48:09","guid":{"rendered":"https:\/\/a1magic.cool\/?page_id=171"},"modified":"2025-07-11T06:55:38","modified_gmt":"2025-07-11T06:55:38","slug":"nav-parkarsanas","status":"publish","type":"page","link":"https:\/\/a1magic.cool\/lv\/bigmagic\/nav-parkarsanas\/","title":{"rendered":"Bez priek\u0161sild\u012b\u0161anas"},"content":{"rendered":"<div class='breakdance'><section class=\"bde-section-171-100 bde-section\">\n  \n  \n\t\n\n\n\n<div class=\"section-container\"><div class=\"bde-columns-171-101 bde-columns\"><div class=\"bde-column-171-102 bde-column\">\n  \n  \n\t\n\n\n\n<img decoding=\"async\" class=\"bde-image2-171-103 bde-image2\" src=\"https:\/\/a1magic.cool\/wp-content\/uploads\/2025\/07\/06-web-1-e1752159168345.png\" loading=\"lazy\" srcset=\"https:\/\/a1magic.cool\/wp-content\/uploads\/2025\/07\/06-web-1-e1752159168345.png 430w, https:\/\/a1magic.cool\/wp-content\/uploads\/2025\/07\/06-web-1-e1752159168345-229x300.png 229w\" sizes=\"(max-width: 430px) 100vw, 430px\" data-entrance=\"zoomIn\">\n<\/div><div class=\"bde-column-171-104 bde-column\">\n  \n  \n\t\n\n\n\n<h2 class=\"bde-heading-171-105 bde-heading\">\nBez priek\u0161sild\u012b\u0161anas<br>\n<\/h2><div class=\"bde-grid-171-106 bde-grid\">\n  \n  \n\t\n\n\n\n<div class=\"bde-icon-box-171-107 bde-icon-box\" data-entrance=\"zoomIn\">\n\n    \n            <div class=\"ee-iconbox-icon breakdance-icon-atom\" >\n    \n                    <svg xmlns=\"http:\/\/www.w3.org\/2000\/svg\" width=\"87\" height=\"105\" viewbox=\"0 0 87 105\" fill=\"none\">\r\n  <g clip-path=\"url(#clip0_5_207)\">\r\n    <mask id=\"mask0_5_207\" style=\"mask-type:luminance\" maskunits=\"userSpaceOnUse\" x=\"0\" y=\"0\" width=\"87\" height=\"105\">\r\n      <path d=\"M86.959 0H0V105H86.959V0Z\" fill=\"white\"\/>\r\n    <\/mask>\r\n    <g mask=\"url(#mask0_5_207)\">\r\n      <path d=\"M28.3932 40.9027C21.5157 52.5837 27.16 61.9324 29.0457 64.5173C26.6366 68.7862 25.0422 73.4657 24.3436 78.3174C24.2759 78.8532 24.4238 79.394 24.7548 79.8208C25.0858 80.2476 25.5728 80.5255 26.1087 80.5933C26.1942 80.6052 26.2806 80.6109 26.367 80.6105C26.8625 80.6098 27.3408 80.4285 27.7123 80.1007C28.0839 79.7728 28.3232 79.3208 28.3855 78.8292C30.5859 61.4435 49.7826 46.4218 49.9758 46.2716C50.385 45.9354 50.6473 45.4532 50.7071 44.927C50.7669 44.4008 50.6195 43.872 50.2962 43.4527C49.9728 43.0333 49.4989 42.7563 48.9748 42.6803C48.4507 42.6043 47.9176 42.7354 47.4885 43.0457C41.2521 48.0671 35.8117 54.0035 31.3522 60.6533C29.5766 57.6072 27.1246 51.0865 31.9042 42.9663C34.8804 37.9073 39.5155 37.1028 44.8834 36.1739C48.823 35.4927 53.1912 34.7341 57.1136 32.0841C58.3726 38.1111 60.3022 51.6003 54.5258 59.5407C51.6452 63.5013 47.0704 65.6098 40.9285 65.804C40.3939 65.8204 39.8871 66.0465 39.5177 66.4334C39.1483 66.8203 38.946 67.337 38.9544 67.8719C38.9628 68.4067 39.1813 68.9168 39.5627 69.2919C39.9441 69.667 40.4577 69.877 40.9926 69.8766H41.0577C48.5284 69.6413 54.1641 66.9674 57.8282 61.9295C66.5598 49.9069 60.5557 28.7749 60.2964 27.8795C60.1978 27.5405 60.0127 27.2329 59.7593 26.9871C59.5059 26.7412 59.193 26.5654 58.8512 26.4769C58.5094 26.3884 58.1504 26.3903 57.8096 26.4824C57.4687 26.5745 57.1577 26.7536 56.9069 27.0022C53.2926 30.5783 48.8709 31.3465 44.1831 32.1577C38.356 33.1718 32.3271 34.2175 28.3932 40.9027Z\" fill=\"#5B7BA1\"\/>\r\n      <path d=\"M26.4263 92.5039C26.6735 92.6148 26.9403 92.6753 27.2111 92.6819C27.482 92.6884 27.7514 92.6409 28.0036 92.5421C28.2559 92.4433 28.4859 92.2952 28.6803 92.1064C28.8746 91.9177 29.0293 91.6921 29.1354 91.4428C29.2415 91.1935 29.2969 90.9256 29.2982 90.6546C29.2995 90.3837 29.2468 90.1153 29.1431 89.865C29.0394 89.6147 28.8869 89.3876 28.6944 89.1969C28.5019 89.0063 28.2733 88.8559 28.022 88.7547C19.7436 85.2224 12.9238 78.9626 8.69708 71.0162C4.47033 63.0699 3.09132 53.9161 4.7894 45.0772C6.48749 36.2383 11.1603 28.2471 18.0307 22.4327C24.9011 16.6183 33.555 13.3311 42.553 13.1179L37.5218 17.1695C37.1009 17.5084 36.8318 18.0007 36.7739 18.5381C36.7452 18.8041 36.7692 19.0733 36.8445 19.33C36.9198 19.5868 37.045 19.8263 37.2128 20.0347C37.3806 20.2431 37.5879 20.4165 37.8227 20.5448C38.0576 20.6731 38.3154 20.7539 38.5814 20.7826C39.1188 20.8406 39.6571 20.6827 40.078 20.3437L49.3396 12.8816C49.7601 12.5425 50.0288 12.0505 50.0867 11.5134C50.1446 10.9764 49.9871 10.4383 49.6486 10.0173L42.1894 0.759591C42.0216 0.55123 41.8145 0.377955 41.5797 0.249662C41.345 0.121369 41.0873 0.0405682 40.8213 0.0118743C40.5553 -0.0168196 40.2863 0.00715488 40.0296 0.0824289C39.7729 0.157703 39.5335 0.282802 39.3251 0.450585C39.1168 0.618367 38.9435 0.825546 38.8152 1.06029C38.6869 1.29504 38.6061 1.55276 38.5774 1.81873C38.5487 2.08471 38.5727 2.35373 38.648 2.61044C38.7233 2.86714 38.8484 3.10651 39.0161 3.31487L43.612 9.02145C33.5807 8.99389 23.8484 12.4353 16.0641 18.7625C8.27993 25.0897 2.92259 33.9136 0.899949 43.7389C-1.12269 53.5642 0.313764 63.7866 4.96591 72.674C9.61805 81.5614 17.1997 88.567 26.4263 92.5039Z\" fill=\"#5B7BA1\"\/>\r\n      <path d=\"M58.5639 16.0855C66.913 19.5429 73.8199 25.7652 78.1271 33.7093C82.4342 41.6535 83.8798 50.8367 82.2215 59.7199C80.5632 68.6031 75.9018 76.6463 69.0186 82.5014C62.1354 88.3566 53.4488 91.6678 44.4147 91.8801L49.4449 87.8305C49.8658 87.4915 50.1348 86.9992 50.1928 86.4619C50.2507 85.9246 50.0929 85.3862 49.7539 84.9653C49.4149 84.5444 48.9226 84.2753 48.3852 84.2174C47.8479 84.1594 47.3096 84.3173 46.8886 84.6563L37.6261 92.1184C37.4174 92.2859 37.2438 92.493 37.1152 92.7277C36.9867 92.9625 36.9058 93.2203 36.877 93.4864C36.8483 93.7524 36.8724 94.0216 36.9479 94.2784C37.0234 94.5351 37.1489 94.7745 37.3171 94.9826L44.7792 104.243C45.118 104.664 45.6101 104.933 46.1473 104.991C46.6845 105.049 47.2226 104.891 47.6434 104.552C48.0642 104.213 48.3332 103.721 48.3912 103.184C48.4491 102.647 48.2913 102.109 47.9525 101.688L43.3518 95.9776C43.4063 95.9776 43.4609 95.9776 43.5154 95.9776C53.5714 95.9673 63.313 92.4722 71.0819 86.0872C78.8508 79.7023 84.1667 70.8222 86.1246 60.9586C88.0825 51.095 86.5614 40.8578 81.8203 31.9896C77.0791 23.1214 69.411 16.1704 60.1214 12.3201C59.8732 12.2125 59.6061 12.1554 59.3356 12.1522C59.0652 12.1489 58.7968 12.1995 58.5461 12.301C58.2954 12.4026 58.0674 12.553 57.8755 12.7435C57.6835 12.9341 57.5314 13.1609 57.428 13.4109C57.3246 13.6608 57.272 13.9288 57.2733 14.1993C57.2746 14.4698 57.3297 14.7373 57.4354 14.9863C57.5412 15.2352 57.6954 15.4606 57.8891 15.6494C58.0829 15.8381 58.3123 15.9864 58.5639 16.0855Z\" fill=\"#5B7BA1\"\/>\r\n    <\/g>\r\n  <\/g>\r\n  <defs>\r\n    <clippath id=\"clip0_5_207\">\r\n      <rect width=\"86.959\" height=\"105\" fill=\"white\"\/>\r\n    <\/clippath>\r\n  <\/defs>\r\n<\/svg>\n        \n        \n        \n            <\/div>\n    \n\n<div class=\"ee-iconbox-content\">\n      <h5 class=\"ee-iconbox-title bde-h3\" >0 vatu pat\u0113ri\u0146\u0161 aizsardz\u012bbai pret triecieniem<\/h5>\n      <\/div>\n\n<\/div>\n<\/div>\n<\/div><\/div><\/div>\n<\/section><section class=\"bde-section-171-108 bde-section\">\n  \n  \n\t\n\n\n\n<div class=\"section-container\"><div class=\"bde-text-171-109 bde-text\">\nRekuper\u0101cijas iek\u0101rtu ra\u017eot\u0101ji nev\u0113las daudz run\u0101t par priek\u0161sild\u012b\u0161anu. K\u0101p\u0113c gan ne, ja vid\u0113jais priek\u0161sild\u012b\u0161anas pat\u0113ri\u0146\u0161 ir 1,5 kW stund\u0101. Fakts ir t\u0101ds, ka aukstaj\u0101 laik\u0101 bez t\u0101 tie vienk\u0101r\u0161i nevar str\u0101d\u0101t. Siltummain\u012b veidojo\u0161ais kondens\u0101ts s\u0101k sasalt, un iek\u0101rta praktiski nedarbojas.\n<\/div><\/div>\n<\/section><section class=\"bde-section-171-110 bde-section\">\n  \n  \n\t\n\n\n\n<div class=\"section-container\"><div class=\"bde-video-171-111 bde-video\">\n<div class=\"ee-video-container\">\n                                                                        \n                <lite-youtube\n                        videoid=\"kk1LQXwCXQU\"\n                                                style=\"background-image: url(https:\/\/i.ytimg.com\/vi\/kk1LQXwCXQU\/maxresdefault.jpg); \"\n                        class=\"ee-video\"\n                        title=\"\"\n                        params=\"&playsinline=0&rel=0&enablejsapi=1\"\n                >\n                <\/lite-youtube>\n                    \n        \n            \n    <\/div>\n\n<\/div><\/div>\n<\/section><section class=\"bde-section-171-114 bde-section\">\n  \n  \n\t\n\n\n\n<div class=\"section-container\"><h2 class=\"bde-heading-171-115 bde-heading\">\nK\u0101p\u0113c ziem\u0101 aizsalst ventil\u0101cijas iek\u0101rtas\n<\/h2><div class=\"bde-text-171-116 bde-text\">\nZiem\u0101 izpl\u016bdes gaiss, kas pl\u016bst caur siltummaini, nodod savu siltumu svaigajam gaisam un atdziest. Liel\u0101 aukstum\u0101 izpl\u016bdes gaiss atdziest l\u012bdz punktam, kad siltummain\u012b veidojas kondens\u0101ts (rasas punkts).<br><br>Kam\u0113r svaiga gaisa temperat\u016bra ir virs nulles, kondens\u0101ts vienk\u0101r\u0161i izpl\u016bst no ventil\u0101cijas iek\u0101rtas. Tom\u0113r, tikl\u012bdz svaigais gaiss sasalst, kondens\u0101ta viet\u0101 veidojas sals. Sasalu\u0161ais kondens\u0101ts pak\u0101peniski aizs\u0113r\u0113 siltummaini un, ilgsto\u0161i darbojoties, var to sapl\u0113st.\n<\/div><h3 class=\"bde-heading-171-117 bde-heading\">\nDer\u012bgs:\n<\/h3><ul class=\"bde-basic-list-171-118 bde-basic-list\">\n  <li  >    \n          Ja ventil\u0101cija darbosies aukst\u0101 laik\u0101, tai ir nepiecie\u0161ama aizsardz\u012bba pret salu.\n      <\/li>\n  <li  >    \n          Jo efekt\u012bv\u0101ka ir ventil\u0101cijas iek\u0101rta, jo \u0101tr\u0101k tai nepiecie\u0161ama aizsardz\u012bba pret triecieniem.\n      <\/li>\n<\/ul><\/div>\n<\/section><section class=\"bde-section-171-121 bde-section\">\n  \n  \n\t\n\n\n\n<div class=\"section-container\"><h2 class=\"bde-heading-171-122 bde-heading\">\nK\u0101 darbojas priek\u0161sild\u012b\u0161ana\n<\/h2><div class=\"bde-text-171-123 bde-text\">\nElektrisk\u0101 sild\u012b\u0161anas spole ir visizplat\u012bt\u0101k\u0101 aizsardz\u012bba pret triecienu. T\u0101 ir 100% funkcion\u0101la un viegli lietojama. Galvenais tr\u016bkums ir elektroener\u0123ijas pat\u0113ri\u0146\u0161: m\u0101joklim parast\u0101 priek\u0161sild\u012b\u0161anas jauda ir 1500 W. Nevien\u0101 sal\u012bdzin\u0101\u0161anas tabul\u0101 \u0161is pat\u0113ri\u0146\u0161 nav \u0146emts v\u0113r\u0101!<br><br>Ja neskaita naudu, ko sadedzina priek\u0161sild\u012b\u0161ana, t\u0101s pat\u0113ri\u0146\u0161 b\u016btiski ietekm\u0113 zema ener\u0123ijas pat\u0113ri\u0146a m\u0101jas ener\u0123ijas bilanci. Ja m\u0101j\u0101 tiek izmantota fotoelektrisk\u0101 elektroener\u0123ijas ra\u017eo\u0161ana un akumulatoru kr\u0101tuve, priek\u0161sild\u012b\u0161ana iev\u0113rojami samazina to nakts da\u013cu, kad m\u0101ja ir neatkar\u012bga.\n<\/div><\/div>\n<\/section><section class=\"bde-section-171-126 bde-section\">\n  \n  \n\t\n\n\n\n<div class=\"section-container\"><h2 class=\"bde-heading-171-127 bde-heading\">\nUnik\u0101ls A1 MAGIC risin\u0101jums bez iepriek\u0161\u0113jas uzsild\u012b\u0161anas\n<\/h2><div class=\"bde-text-171-128 bde-text\">\nBig Magic ventil\u0101cijas iek\u0101rta saglab\u0101 pilnu funkcionalit\u0101ti pat pie zemas temperat\u016bras l\u012bdz -20 \u00b0C, bez iepriek\u0161\u0113jas sild\u012b\u0161anas vai citas aizsardz\u012bbas pret salu.<br><br>Unik\u0101li izstr\u0101d\u0101tais klusais meh\u0101nisms acumirkl\u012b maina gaisa pl\u016bsmas virzienu siltummain\u012b. \u0160\u0101di radies sals tiek atkaus\u0113ts ar svaigi piepl\u016bsto\u0161o gaisu, kas tiek ar\u012b samitrin\u0101ts. Taj\u0101 pa\u0161\u0101 laik\u0101 sals veidojas uz pret\u0113jiem sl\u0101\u0146iem. Pl\u016bsmas p\u0101rsl\u0113g\u0161anas cikls atk\u0101rtojas nep\u0101rtraukti ar prec\u012bzi noteiktu laika interv\u0101lu.\n<\/div><\/div>\n<\/section><\/div>","protected":false},"excerpt":{"rendered":"<p>Bez priek\u0161sild\u012b\u0161anas 0 vatu pat\u0113ri\u0146\u0161 aizsardz\u012bbai pret triecieniem Rekuperatoru ra\u017eot\u0101ji par priek\u0161sild\u012b\u0161anu nev\u0113las daudz run\u0101t. K\u0101p\u0113c gan, ja vid\u0113jais priek\u0161sild\u012b\u0161anas pat\u0113ri\u0146\u0161 ir 1,5 kW stund\u0101. Fakts ir t\u0101ds, ka bez t\u0101 tie vienk\u0101r\u0161i nevar darboties aukst\u0101 laik\u0101. Siltummain\u012b veidojo\u0161ais kondens\u0101ts s\u0101k sasalt, un iek\u0101rta praktiski nedarbojas. K\u0101p\u0113c ventil\u0101cijas iek\u0101rtas [...]<\/p>","protected":false},"author":1,"featured_media":0,"parent":25,"menu_order":0,"comment_status":"closed","ping_status":"closed","template":"","meta":{"_acf_changed":false,"_breakdance_hide_in_design_set":false,"_breakdance_tags":"","footnotes":""},"class_list":["post-171","page","type-page","status-publish","hentry"],"acf":[],"_links":{"self":[{"href":"https:\/\/a1magic.cool\/lv\/wp-json\/wp\/v2\/pages\/171","targetHints":{"allow":["GET"]}}],"collection":[{"href":"https:\/\/a1magic.cool\/lv\/wp-json\/wp\/v2\/pages"}],"about":[{"href":"https:\/\/a1magic.cool\/lv\/wp-json\/wp\/v2\/types\/page"}],"author":[{"embeddable":true,"href":"https:\/\/a1magic.cool\/lv\/wp-json\/wp\/v2\/users\/1"}],"replies":[{"embeddable":true,"href":"https:\/\/a1magic.cool\/lv\/wp-json\/wp\/v2\/comments?post=171"}],"version-history":[{"count":5,"href":"https:\/\/a1magic.cool\/lv\/wp-json\/wp\/v2\/pages\/171\/revisions"}],"predecessor-version":[{"id":220,"href":"https:\/\/a1magic.cool\/lv\/wp-json\/wp\/v2\/pages\/171\/revisions\/220"}],"up":[{"embeddable":true,"href":"https:\/\/a1magic.cool\/lv\/wp-json\/wp\/v2\/pages\/25"}],"wp:attachment":[{"href":"https:\/\/a1magic.cool\/lv\/wp-json\/wp\/v2\/media?parent=171"}],"curies":[{"name":"wp","href":"https:\/\/api.w.org\/{rel}","templated":true}]}}