{"id":169,"date":"2025-07-10T14:47:44","date_gmt":"2025-07-10T14:47:44","guid":{"rendered":"https:\/\/a1magic.cool\/?page_id=169"},"modified":"2025-09-10T07:27:30","modified_gmt":"2025-09-10T07:27:30","slug":"filtri","status":"publish","type":"page","link":"https:\/\/a1magic.cool\/lv\/bigmagic\/filtri\/","title":{"rendered":"Filtri"},"content":{"rendered":"<div class='breakdance'><section class=\"bde-section-169-100 bde-section\">\n  \n  \n\t\n\n\n\n<div class=\"section-container\"><div class=\"bde-columns-169-101 bde-columns\"><div class=\"bde-column-169-102 bde-column\">\n  \n  \n\t\n\n\n\n<img decoding=\"async\" class=\"bde-image2-169-103 bde-image2\" src=\"https:\/\/a1magic.cool\/wp-content\/uploads\/2025\/07\/01-Filtry-s-2.webp\" loading=\"lazy\" srcset=\"https:\/\/a1magic.cool\/wp-content\/uploads\/2025\/07\/01-Filtry-s-2.webp 571w, https:\/\/a1magic.cool\/wp-content\/uploads\/2025\/07\/01-Filtry-s-2-300x241.webp 300w\" sizes=\"(max-width: 571px) 100vw, 571px\" data-entrance=\"zoomIn\">\n<\/div><div class=\"bde-column-169-104 bde-column\">\n  \n  \n\t\n\n\n\n<h2 class=\"bde-heading-169-105 bde-heading\">\nFiltri\n<\/h2><div class=\"bde-grid-169-106 bde-grid\">\n  \n  \n\t\n\n\n\n<div class=\"bde-icon-box-169-107 bde-icon-box\" data-entrance=\"zoomIn\">\n\n    \n            <div class=\"ee-iconbox-icon breakdance-icon-atom\" >\n    \n                    <svg xmlns=\"http:\/\/www.w3.org\/2000\/svg\" width=\"86\" height=\"85\" viewbox=\"0 0 86 85\" fill=\"none\"><g clip-path=\"url(#clip0_5_214)\"><mask id=\"mask0_5_214\" style=\"mask-type:luminance\" maskunits=\"userSpaceOnUse\" x=\"0\" y=\"0\" width=\"86\" height=\"85\"><path d=\"M85.218 0H0V84.289H85.218V0Z\" fill=\"white\"\/><\/mask><g mask=\"url(#mask0_5_214)\"><path d=\"M55.833 84.289H28.63C26.6384 84.2866 24.7291 83.4944 23.3209 82.0862C21.9126 80.6779 21.1204 78.7686 21.118 76.777V7.511C21.1204 5.51952 21.9126 3.6103 23.3209 2.2022C24.7292 0.7941 26.6385 0.00211718 28.63 0L55.83 0C57.8215 0.00211718 59.7308 0.7941 61.1391 2.2022C62.5474 3.6103 63.3396 5.51952 63.342 7.511V76.777C63.3396 78.7686 62.5474 80.6779 61.1392 82.0862C59.7309 83.4944 57.8216 84.2866 55.83 84.289M28.63 3.189C27.4847 3.19032 26.3866 3.64589 25.5768 4.45576C24.7669 5.26563 24.3113 6.36367 24.31 7.509V76.777C24.3113 77.9223 24.7669 79.0204 25.5768 79.8302C26.3866 80.6401 27.4847 81.0957 28.63 81.097H55.83C56.9753 81.0957 58.0734 80.6401 58.8833 79.8302C59.6931 79.0204 60.1487 77.9223 60.15 76.777V7.511C60.1487 6.36567 59.6931 5.26763 58.8833 4.45776C58.0734 3.64789 56.9753 3.19232 55.83 3.191L28.63 3.189Z\" fill=\"#5B7BA1\"\/><path d=\"M10.1 32.05C10.1 32.5492 9.95197 33.0372 9.67463 33.4523C9.39729 33.8673 9.0031 34.1908 8.5419 34.3819C8.0807 34.5729 7.5732 34.6229 7.0836 34.5255C6.59399 34.4281 6.14425 34.1877 5.79127 33.8347C5.43828 33.4818 5.19789 33.032 5.1005 32.5424C5.00311 32.0528 5.0531 31.5453 5.24413 31.0841C5.43517 30.6229 5.75867 30.2287 6.17374 29.9514C6.58881 29.674 7.0768 29.526 7.576 29.526C7.90746 29.526 8.23567 29.5913 8.5419 29.7181C8.84812 29.845 9.12637 30.0309 9.36074 30.2653C9.59512 30.4996 9.78103 30.7779 9.90788 31.0841C10.0347 31.3903 10.1 31.7185 10.1 32.05Z\" fill=\"#5B7BA1\"\/><path d=\"M10.1 11.859C10.1 12.358 9.9521 12.8458 9.67498 13.2607C9.39786 13.6757 9.00396 13.9992 8.54305 14.1904C8.08214 14.3816 7.5749 14.4318 7.08543 14.3349C6.59596 14.2379 6.14622 13.998 5.79303 13.6455C5.43985 13.293 5.19907 12.8437 5.10111 12.3545C5.00316 11.8652 5.05243 11.3578 5.2427 10.8966C5.43297 10.4353 5.7557 10.0407 6.17011 9.7628C6.58452 9.48485 7.07202 9.33598 7.571 9.335C7.90288 9.33434 8.23163 9.39914 8.53843 9.52569C8.84523 9.65224 9.12407 9.83805 9.35897 10.0725C9.59388 10.3069 9.78024 10.5854 9.9074 10.8919C10.0346 11.1985 10.1 11.5271 10.1 11.859Z\" fill=\"#5B7BA1\"\/><path d=\"M5.048 42.145C5.048 42.6442 4.89997 43.1322 4.62263 43.5472C4.34529 43.9623 3.95109 44.2858 3.48989 44.4768C3.02869 44.6679 2.5212 44.7179 2.03159 44.6205C1.54199 44.5231 1.09225 44.2827 0.739264 43.9297C0.386276 43.5767 0.145888 43.127 0.0484991 42.6374C-0.04889 42.1478 0.00109361 41.6403 0.192129 41.1791C0.383165 40.7179 0.706672 40.3237 1.12174 40.0463C1.53681 39.769 2.0248 39.621 2.524 39.621C3.19341 39.621 3.8354 39.8869 4.30874 40.3602C4.78208 40.8336 5.048 41.4756 5.048 42.145Z\" fill=\"#5B7BA1\"\/><path d=\"M15.143 42.145C15.143 42.6442 14.995 43.1322 14.7176 43.5472C14.4403 43.9623 14.0461 44.2858 13.5849 44.4768C13.1237 44.6679 12.6162 44.7179 12.1266 44.6205C11.637 44.5231 11.1873 44.2827 10.8343 43.9297C10.4813 43.5767 10.2409 43.127 10.1435 42.6374C10.0461 42.1478 10.0961 41.6403 10.2871 41.1791C10.4782 40.7179 10.8017 40.3237 11.2167 40.0463C11.6318 39.769 12.1198 39.621 12.619 39.621C13.2884 39.621 13.9304 39.8869 14.4037 40.3602C14.8771 40.8336 15.143 41.4756 15.143 42.145Z\" fill=\"#5B7BA1\"\/><path d=\"M5.048 21.954C5.048 22.4532 4.89997 22.9412 4.62263 23.3563C4.34529 23.7713 3.95109 24.0948 3.48989 24.2859C3.02869 24.4769 2.5212 24.5269 2.03159 24.4295C1.54199 24.3321 1.09225 24.0917 0.739264 23.7387C0.386276 23.3857 0.145888 22.936 0.0484991 22.4464C-0.04889 21.9568 0.00109361 21.4493 0.192129 20.9881C0.383165 20.5269 0.706672 20.1327 1.12174 19.8554C1.53681 19.578 2.0248 19.43 2.524 19.43C3.19341 19.43 3.8354 19.6959 4.30874 20.1693C4.78208 20.6426 5.048 21.2846 5.048 21.954Z\" fill=\"#5B7BA1\"\/><path d=\"M15.143 21.954C15.143 22.4532 14.995 22.9412 14.7176 23.3563C14.4403 23.7713 14.0461 24.0948 13.5849 24.2859C13.1237 24.4769 12.6162 24.5269 12.1266 24.4295C11.637 24.3321 11.1873 24.0917 10.8343 23.7387C10.4813 23.3857 10.2409 22.936 10.1435 22.4464C10.0461 21.9568 10.0961 21.4493 10.2871 20.9881C10.4782 20.5269 10.8017 20.1327 11.2167 19.8554C11.6318 19.578 12.1198 19.43 12.619 19.43C13.2884 19.43 13.9304 19.6959 14.4037 20.1693C14.8771 20.6426 15.143 21.2846 15.143 21.954Z\" fill=\"#5B7BA1\"\/><path d=\"M10.1 52.24C10.1 52.7392 9.95197 53.2272 9.67463 53.6423C9.39729 54.0573 9.0031 54.3808 8.5419 54.5719C8.0807 54.7629 7.5732 54.8129 7.0836 54.7155C6.59399 54.6181 6.14425 54.3777 5.79127 54.0247C5.43828 53.6718 5.19789 53.222 5.1005 52.7324C5.00311 52.2428 5.0531 51.7353 5.24413 51.2741C5.43517 50.8129 5.75867 50.4187 6.17374 50.1414C6.58881 49.864 7.0768 49.716 7.576 49.716C8.24541 49.716 8.8874 49.9819 9.36074 50.4553C9.83408 50.9286 10.1 51.5706 10.1 52.24Z\" fill=\"#5B7BA1\"\/><path d=\"M10.1 72.43C10.1 72.9292 9.95197 73.4172 9.67463 73.8323C9.39729 74.2473 9.0031 74.5708 8.5419 74.7619C8.0807 74.9529 7.5732 75.0029 7.0836 74.9055C6.59399 74.8081 6.14425 74.5677 5.79127 74.2147C5.43828 73.8618 5.19789 73.412 5.1005 72.9224C5.00311 72.4328 5.0531 71.9253 5.24413 71.4641C5.43517 71.0029 5.75867 70.6087 6.17374 70.3314C6.58881 70.054 7.0768 69.906 7.576 69.906C8.24541 69.906 8.8874 70.1719 9.36074 70.6453C9.83408 71.1186 10.1 71.7606 10.1 72.43Z\" fill=\"#5B7BA1\"\/><path d=\"M5.048 62.335C5.048 62.8342 4.89997 63.3222 4.62263 63.7372C4.34529 64.1523 3.95109 64.4758 3.48989 64.6668C3.02869 64.8579 2.5212 64.9079 2.03159 64.8105C1.54199 64.7131 1.09225 64.4727 0.739264 64.1197C0.386276 63.7667 0.145888 63.317 0.0484991 62.8274C-0.04889 62.3378 0.00109361 61.8303 0.192129 61.3691C0.383165 60.9079 0.706672 60.5137 1.12174 60.2363C1.53681 59.959 2.0248 59.811 2.524 59.811C3.19341 59.811 3.8354 60.0769 4.30874 60.5502C4.78208 61.0236 5.048 61.6656 5.048 62.335Z\" fill=\"#5B7BA1\"\/><path d=\"M15.143 62.335C15.143 62.8342 14.995 63.3222 14.7176 63.7372C14.4403 64.1523 14.0461 64.4758 13.5849 64.6668C13.1237 64.8579 12.6162 64.9079 12.1266 64.8105C11.637 64.7131 11.1873 64.4727 10.8343 64.1197C10.4813 63.7667 10.2409 63.317 10.1435 62.8274C10.0461 62.3378 10.0961 61.8303 10.2871 61.3691C10.4782 60.9079 10.8017 60.5137 11.2167 60.2363C11.6318 59.959 12.1198 59.811 12.619 59.811C13.2884 59.811 13.9304 60.0769 14.4037 60.5502C14.8771 61.0236 15.143 61.6656 15.143 62.335Z\" fill=\"#5B7BA1\"\/><path d=\"M32.762 46.349C32.4102 46.3456 32.0693 46.2263 31.7921 46.0096C31.515 45.7929 31.3169 45.4909 31.2287 45.1504C31.1404 44.8098 31.1669 44.4496 31.304 44.1256C31.4411 43.8016 31.6811 43.5318 31.987 43.358L39.268 39.314C42.0869 37.7117 45.2685 36.8565 48.5109 36.8294C51.7532 36.8022 54.9487 37.6041 57.794 39.159C59.986 40.368 62.4348 41.0369 64.9371 41.1102C67.4394 41.1834 69.923 40.6588 72.182 39.58L79.656 36.094L75.266 34.282C75.0569 34.2134 74.8641 34.1023 74.6998 33.9558C74.5355 33.8093 74.4033 33.6305 74.3112 33.4305C74.2192 33.2306 74.1694 33.0138 74.165 32.7937C74.1606 32.5736 74.2017 32.355 74.2856 32.1515C74.3696 31.948 74.4946 31.764 74.6529 31.6111C74.8112 31.4581 74.9994 31.3395 75.2056 31.2626C75.4119 31.1856 75.6318 31.1521 75.8515 31.164C76.0713 31.176 76.2863 31.2332 76.483 31.332L84.231 34.532C84.5152 34.6517 84.7587 34.851 84.9323 35.1059C85.1059 35.3608 85.2021 35.6604 85.2094 35.9687C85.2167 36.2769 85.1347 36.5808 84.9734 36.8436C84.8121 37.1064 84.5782 37.317 84.3 37.45L73.532 42.473C70.8196 43.7469 67.8458 44.3654 64.8504 44.2786C61.855 44.1917 58.922 43.4019 56.288 41.973C53.9118 40.6746 51.2432 40.0052 48.5355 40.0281C45.8278 40.051 43.1709 40.7656 40.817 42.104L33.535 46.148C33.2986 46.2794 33.0325 46.3493 32.762 46.349Z\" fill=\"#5B7BA1\"\/><path d=\"M80.838 45.5C80.5835 45.4983 80.3331 45.4359 80.1076 45.318C79.882 45.2002 79.6878 45.0302 79.5412 44.8222C79.3945 44.6142 79.2995 44.3742 79.2642 44.1222C79.2289 43.8701 79.2542 43.6133 79.338 43.373L82.122 35.473C82.1798 35.2608 82.2808 35.0629 82.4186 34.8914C82.5563 34.72 82.728 34.5788 82.9227 34.4767C83.1175 34.3746 83.3312 34.3137 83.5506 34.2979C83.7699 34.2821 83.9902 34.3117 84.1976 34.3848C84.405 34.4579 84.5951 34.573 84.7561 34.7228C84.917 34.8727 85.0453 35.0542 85.133 35.2558C85.2207 35.4575 85.2659 35.6751 85.2657 35.895C85.2655 36.115 85.22 36.3325 85.132 36.534L82.348 44.434C82.2375 44.7461 82.033 45.0162 81.7625 45.2071C81.4921 45.3981 81.1691 45.5004 80.838 45.5Z\" fill=\"#5B7BA1\"\/><path d=\"M32.762 26.327C32.4102 26.3236 32.0693 26.2043 31.7921 25.9876C31.515 25.771 31.3169 25.469 31.2287 25.1284C31.1404 24.7878 31.1669 24.4277 31.304 24.1036C31.4411 23.7796 31.6811 23.5098 31.987 23.336L39.268 19.292C42.0869 17.6899 45.2685 16.8346 48.5107 16.8073C51.753 16.78 54.9485 17.5816 57.794 19.136C59.9859 20.3455 62.4347 21.0147 64.937 21.0879C67.4394 21.1611 69.9232 20.6363 72.182 19.557L79.656 16.071L75.266 14.26C75.0569 14.1914 74.8641 14.0804 74.6998 13.9339C74.5355 13.7873 74.4033 13.6085 74.3112 13.4086C74.2192 13.2086 74.1694 12.9918 74.165 12.7717C74.1606 12.5516 74.2017 12.333 74.2856 12.1295C74.3696 11.926 74.4946 11.7421 74.6529 11.5891C74.8112 11.4361 74.9994 11.3175 75.2056 11.2406C75.4119 11.1637 75.6318 11.1301 75.8515 11.1421C76.0713 11.154 76.2863 11.2112 76.483 11.31L84.231 14.51C84.5159 14.6296 84.7601 14.8292 84.934 15.0845C85.1079 15.3399 85.2042 15.6402 85.2112 15.9491C85.2182 16.258 85.1356 16.5623 84.9733 16.8253C84.8111 17.0883 84.5762 17.2986 84.297 17.431L73.532 22.45C70.8197 23.7243 67.8458 24.3429 64.8504 24.2561C61.8549 24.1692 58.9219 23.3793 56.288 21.95C53.9117 20.6519 51.2431 19.9826 48.5355 20.0056C45.8279 20.0285 43.171 20.7429 40.817 22.081L33.535 26.125C33.2986 26.2565 33.0325 26.3253 32.762 26.325\" fill=\"#5B7BA1\"\/><path d=\"M80.838 25.475C80.5835 25.4733 80.3331 25.4109 80.1076 25.293C79.882 25.1751 79.6878 25.0051 79.5412 24.7972C79.3945 24.5892 79.2995 24.3492 79.2642 24.0972C79.2289 23.8451 79.2542 23.5883 79.338 23.348L82.122 15.448C82.1798 15.2358 82.2808 15.0378 82.4186 14.8664C82.5563 14.695 82.728 14.5538 82.9227 14.4517C83.1175 14.3496 83.3312 14.2887 83.5506 14.2729C83.7699 14.2571 83.9902 14.2866 84.1976 14.3597C84.405 14.4329 84.5951 14.5479 84.7561 14.6978C84.917 14.8477 85.0453 15.0291 85.133 15.2308C85.2207 15.4325 85.2659 15.6501 85.2657 15.87C85.2655 16.0899 85.22 16.3075 85.132 16.509L82.348 24.409C82.2376 24.7201 82.0338 24.9894 81.7643 25.1801C81.4949 25.3707 81.1731 25.4734 80.843 25.474\" fill=\"#5B7BA1\"\/><path d=\"M32.762 66.371C32.4102 66.3676 32.0693 66.2483 31.7921 66.0316C31.515 65.8149 31.3169 65.513 31.2287 65.1724C31.1404 64.8318 31.1669 64.4716 31.304 64.1476C31.4411 63.8236 31.6811 63.5538 31.987 63.38L39.268 59.336C42.0869 57.7337 45.2685 56.8785 48.5109 56.8514C51.7532 56.8242 54.9487 57.6261 57.794 59.181C59.986 60.39 62.4348 61.0589 64.9371 61.1322C67.4394 61.2054 69.923 60.6808 72.182 59.602L79.656 56.116L75.266 54.3C75.0569 54.2314 74.8641 54.1203 74.6998 53.9738C74.5355 53.8273 74.4033 53.6485 74.3112 53.4485C74.2192 53.2486 74.1694 53.0318 74.165 52.8117C74.1606 52.5916 74.2017 52.373 74.2856 52.1695C74.3696 51.966 74.4946 51.782 74.6529 51.6291C74.8112 51.4761 74.9994 51.3575 75.2056 51.2806C75.4119 51.2036 75.6318 51.1701 75.8515 51.182C76.0713 51.194 76.2863 51.2512 76.483 51.35L84.231 54.55C84.5159 54.6696 84.7601 54.8691 84.934 55.1245C85.1079 55.3799 85.2042 55.6802 85.2112 55.9891C85.2182 56.298 85.1356 56.6023 84.9733 56.8653C84.8111 57.1282 84.5762 57.3386 84.297 57.471L73.532 62.495C70.8196 63.7689 67.8458 64.3874 64.8504 64.3006C61.855 64.2137 58.922 63.4239 56.288 61.995C53.9118 60.6966 51.2432 60.0272 48.5355 60.0501C45.8278 60.073 43.1709 60.7876 40.817 62.126L33.535 66.17C33.2986 66.3014 33.0325 66.3713 32.762 66.371Z\" fill=\"#5B7BA1\"\/><path d=\"M80.838 65.519C80.5835 65.5173 80.3331 65.4549 80.1076 65.337C79.882 65.2191 79.6878 65.0491 79.5412 64.8412C79.3945 64.6332 79.2995 64.3932 79.2642 64.1412C79.2289 63.8891 79.2542 63.6323 79.338 63.392L82.122 55.492C82.1798 55.2798 82.2808 55.0818 82.4186 54.9104C82.5563 54.739 82.728 54.5978 82.9227 54.4957C83.1175 54.3936 83.3312 54.3327 83.5506 54.3169C83.7699 54.3011 83.9902 54.3306 84.1976 54.4037C84.405 54.4769 84.5951 54.5919 84.7561 54.7418C84.917 54.8917 85.0453 55.0731 85.133 55.2748C85.2207 55.4765 85.2659 55.6941 85.2657 55.914C85.2655 56.1339 85.22 56.3515 85.132 56.553L82.348 64.453C82.2376 64.7641 82.0338 65.0334 81.7643 65.2241C81.4949 65.4147 81.1731 65.5174 80.843 65.518\" fill=\"#5B7BA1\"\/><path d=\"M10.1 32.05C10.1 32.5492 9.95197 33.0372 9.67463 33.4523C9.39729 33.8673 9.0031 34.1908 8.5419 34.3819C8.0807 34.5729 7.5732 34.6229 7.0836 34.5255C6.59399 34.4281 6.14425 34.1877 5.79127 33.8347C5.43828 33.4818 5.19789 33.032 5.1005 32.5424C5.00311 32.0528 5.0531 31.5453 5.24413 31.0841C5.43517 30.6229 5.75867 30.2287 6.17374 29.9514C6.58881 29.674 7.0768 29.526 7.576 29.526C7.90746 29.526 8.23567 29.5913 8.5419 29.7181C8.84812 29.845 9.12637 30.0309 9.36074 30.2653C9.59512 30.4996 9.78103 30.7779 9.90788 31.0841C10.0347 31.3903 10.1 31.7185 10.1 32.05Z\" fill=\"#5B7BA1\"\/><path d=\"M10.1 11.859C10.1 12.358 9.9521 12.8458 9.67498 13.2607C9.39786 13.6757 9.00396 13.9992 8.54305 14.1904C8.08214 14.3816 7.5749 14.4318 7.08543 14.3349C6.59596 14.2379 6.14622 13.998 5.79303 13.6455C5.43985 13.293 5.19907 12.8437 5.10111 12.3545C5.00316 11.8652 5.05243 11.3578 5.2427 10.8966C5.43297 10.4353 5.7557 10.0407 6.17011 9.7628C6.58452 9.48485 7.07202 9.33598 7.571 9.335C7.90288 9.33434 8.23163 9.39914 8.53843 9.52569C8.84523 9.65224 9.12407 9.83805 9.35897 10.0725C9.59388 10.3069 9.78024 10.5854 9.9074 10.8919C10.0346 11.1985 10.1 11.5271 10.1 11.859Z\" fill=\"#5B7BA1\"\/><path d=\"M5.048 42.145C5.048 42.6442 4.89997 43.1322 4.62263 43.5472C4.34529 43.9623 3.95109 44.2858 3.48989 44.4768C3.02869 44.6679 2.5212 44.7179 2.03159 44.6205C1.54199 44.5231 1.09225 44.2827 0.739264 43.9297C0.386276 43.5767 0.145888 43.127 0.0484991 42.6374C-0.04889 42.1478 0.00109361 41.6403 0.192129 41.1791C0.383165 40.7179 0.706672 40.3237 1.12174 40.0463C1.53681 39.769 2.0248 39.621 2.524 39.621C3.19341 39.621 3.8354 39.8869 4.30874 40.3602C4.78208 40.8336 5.048 41.4756 5.048 42.145Z\" fill=\"#5B7BA1\"\/><path d=\"M15.143 42.145C15.143 42.6442 14.995 43.1322 14.7176 43.5472C14.4403 43.9623 14.0461 44.2858 13.5849 44.4768C13.1237 44.6679 12.6162 44.7179 12.1266 44.6205C11.637 44.5231 11.1873 44.2827 10.8343 43.9297C10.4813 43.5767 10.2409 43.127 10.1435 42.6374C10.0461 42.1478 10.0961 41.6403 10.2871 41.1791C10.4782 40.7179 10.8017 40.3237 11.2167 40.0463C11.6318 39.769 12.1198 39.621 12.619 39.621C13.2884 39.621 13.9304 39.8869 14.4037 40.3602C14.8771 40.8336 15.143 41.4756 15.143 42.145Z\" fill=\"#5B7BA1\"\/><path d=\"M5.048 21.954C5.048 22.4532 4.89997 22.9412 4.62263 23.3563C4.34529 23.7713 3.95109 24.0948 3.48989 24.2859C3.02869 24.4769 2.5212 24.5269 2.03159 24.4295C1.54199 24.3321 1.09225 24.0917 0.739264 23.7387C0.386276 23.3857 0.145888 22.936 0.0484991 22.4464C-0.04889 21.9568 0.00109361 21.4493 0.192129 20.9881C0.383165 20.5269 0.706672 20.1327 1.12174 19.8554C1.53681 19.578 2.0248 19.43 2.524 19.43C3.19341 19.43 3.8354 19.6959 4.30874 20.1693C4.78208 20.6426 5.048 21.2846 5.048 21.954Z\" fill=\"#5B7BA1\"\/><path d=\"M15.143 21.954C15.143 22.4532 14.995 22.9412 14.7176 23.3563C14.4403 23.7713 14.0461 24.0948 13.5849 24.2859C13.1237 24.4769 12.6162 24.5269 12.1266 24.4295C11.637 24.3321 11.1873 24.0917 10.8343 23.7387C10.4813 23.3857 10.2409 22.936 10.1435 22.4464C10.0461 21.9568 10.0961 21.4493 10.2871 20.9881C10.4782 20.5269 10.8017 20.1327 11.2167 19.8554C11.6318 19.578 12.1198 19.43 12.619 19.43C13.2884 19.43 13.9304 19.6959 14.4037 20.1693C14.8771 20.6426 15.143 21.2846 15.143 21.954Z\" fill=\"#5B7BA1\"\/><path d=\"M10.1 52.24C10.1 52.7392 9.95197 53.2272 9.67463 53.6423C9.39729 54.0573 9.0031 54.3808 8.5419 54.5719C8.0807 54.7629 7.5732 54.8129 7.0836 54.7155C6.59399 54.6181 6.14425 54.3777 5.79127 54.0247C5.43828 53.6718 5.19789 53.222 5.1005 52.7324C5.00311 52.2428 5.0531 51.7353 5.24413 51.2741C5.43517 50.8129 5.75867 50.4187 6.17374 50.1414C6.58881 49.864 7.0768 49.716 7.576 49.716C8.24541 49.716 8.8874 49.9819 9.36074 50.4553C9.83408 50.9286 10.1 51.5706 10.1 52.24Z\" fill=\"#5B7BA1\"\/><path d=\"M10.1 72.43C10.1 72.9292 9.95197 73.4172 9.67463 73.8323C9.39729 74.2473 9.0031 74.5708 8.5419 74.7619C8.0807 74.9529 7.5732 75.0029 7.0836 74.9055C6.59399 74.8081 6.14425 74.5677 5.79127 74.2147C5.43828 73.8618 5.19789 73.412 5.1005 72.9224C5.00311 72.4328 5.0531 71.9253 5.24413 71.4641C5.43517 71.0029 5.75867 70.6087 6.17374 70.3314C6.58881 70.054 7.0768 69.906 7.576 69.906C8.24541 69.906 8.8874 70.1719 9.36074 70.6453C9.83408 71.1186 10.1 71.7606 10.1 72.43Z\" fill=\"#5B7BA1\"\/><path d=\"M5.048 62.335C5.048 62.8342 4.89997 63.3222 4.62263 63.7372C4.34529 64.1523 3.95109 64.4758 3.48989 64.6668C3.02869 64.8579 2.5212 64.9079 2.03159 64.8105C1.54199 64.7131 1.09225 64.4727 0.739264 64.1197C0.386276 63.7667 0.145888 63.317 0.0484991 62.8274C-0.04889 62.3378 0.00109361 61.8303 0.192129 61.3691C0.383165 60.9079 0.706672 60.5137 1.12174 60.2363C1.53681 59.959 2.0248 59.811 2.524 59.811C3.19341 59.811 3.8354 60.0769 4.30874 60.5502C4.78208 61.0236 5.048 61.6656 5.048 62.335Z\" fill=\"#5B7BA1\"\/><path d=\"M15.143 62.335C15.143 62.8342 14.995 63.3222 14.7176 63.7372C14.4403 64.1523 14.0461 64.4758 13.5849 64.6668C13.1237 64.8579 12.6162 64.9079 12.1266 64.8105C11.637 64.7131 11.1873 64.4727 10.8343 64.1197C10.4813 63.7667 10.2409 63.317 10.1435 62.8274C10.0461 62.3378 10.0961 61.8303 10.2871 61.3691C10.4782 60.9079 10.8017 60.5137 11.2167 60.2363C11.6318 59.959 12.1198 59.811 12.619 59.811C13.2884 59.811 13.9304 60.0769 14.4037 60.5502C14.8771 61.0236 15.143 61.6656 15.143 62.335Z\" fill=\"#5B7BA1\"\/><\/g><\/g><defs><clippath id=\"clip0_5_214\"><rect width=\"85.218\" height=\"84.289\" fill=\"white\"\/><\/clippath><\/defs><\/svg>\n        \n        \n        \n            <\/div>\n    \n\n<div class=\"ee-iconbox-content\">\n      <h5 class=\"ee-iconbox-title bde-h3\" >Atbr\u012bvojums no putek\u013ciem un alerg\u0113niem<\/h5>\n      <\/div>\n\n<\/div>\n<\/div>\n<\/div><\/div><\/div>\n<\/section><section class=\"bde-section-169-109 bde-section\">\n  \n  \n\t\n\n\n\n<div class=\"section-container\"><div class=\"bde-text-169-111 bde-text\">\nBez p\u0101rsp\u012bl\u0113juma var teikt, ka filtra kvalit\u0101te \u013coti labi raksturo visas ventil\u0101cijas iek\u0101rtas kvalit\u0101ti.<br><br>Big Magic ier\u012bce tiek pieg\u0101d\u0101ta tikai ar F7 klases filtriem. Sal\u012bdzinot ar G4 klases filtriem, \u0161iem filtriem ir smalk\u0101ka strukt\u016bra un tie aiztur iev\u0113rojami vair\u0101k net\u012brumu.<br><br>M\u0113s izmantojam ar\u012b F7 klases filtru izvad\u012b\u0161anai no m\u0101jas. No pirm\u0101 acu uzmetiena, mainot filtrus, var \u0161\u0137ist, ka nos\u016bces filtrs nav tik \u013coti aizs\u0113r\u0113jis k\u0101 m\u0101jas svaiga gaisa iepl\u016bdes filtrs. Paties\u012bb\u0101 tie\u0161i izpl\u016bdes filtrs ir vair\u0101k pies\u0101r\u0146ots ar smalkiem putek\u013ciem, kas zin\u0101m\u0101 m\u0113r\u0101 ir m\u016bsu m\u0101j\u0101s neatkar\u012bgi no t\u0101, cik daudz m\u0113s t\u012bram.\n<\/div><\/div>\n<\/section><section class=\"bde-section-169-116 bde-section\">\n  \n  \n\t\n\n\n\n<div class=\"section-container\"><div class=\"bde-video-169-118 bde-video\">\n<div class=\"ee-video-container\">\n                                                                        \n                <lite-youtube\n                        videoid=\"5GCMXp-Hr7E\"\n                                                style=\"background-image: url(https:\/\/i.ytimg.com\/vi\/5GCMXp-Hr7E\/maxresdefault.jpg); \"\n                        class=\"ee-video\"\n                        title=\"\"\n                        params=\"&playsinline=0&rel=0&enablejsapi=1\"\n                >\n                <\/lite-youtube>\n                    \n        \n            \n    <\/div>\n\n<\/div><\/div>\n<\/section><section class=\"bde-section-169-119 bde-section\">\n  \n  \n\t\n\n\n\n<div class=\"section-container\"><div class=\"bde-code-block-169-121 bde-code-block\">\n\n  <div class=\"table-container\">\n    <table class=\"spec-table\">\n        <tr class=\"header\">\n            <td><span><strong>EFEKTIVIT\u0100TE<\/strong><\/span><\/td>\n            <td><span><strong>Da\u013ci\u0146u izm\u0113rs (\u03bcm)<\/strong><\/span><\/td>\n        <\/tr>\n        <tr>\n            <td><span>ePM10<\/span><\/td>\n            <td><span>0,3 \u2264 X \u2264 10<\/span><\/td>\n        <\/tr>\n        <tr>\n            <td><span>ePM2.5<\/span><\/td>\n            <td><span>0,3 \u2264 X \u2264 2,5<\/span><\/td>\n        <\/tr>\n        <tr>\n            <td><span>ePM1<\/span><\/td>\n            <td><span>0,3 \u2264 X \u2264 1<\/span><\/td>\n        <\/tr>\n        <tr>\n            <td colspan=\"2\" class=\"note\"><span>PM noz\u012bm\u0113 da\u013ci\u0146as - \u201eputek\u013cu da\u013ci\u0146as\".\"<\/span><\/td>\n        <\/tr>\n    <\/table>\n<\/div>\n\n\n<\/div><\/div>\n<\/section><section class=\"bde-section-169-122 bde-section\">\n  \n  \n\t\n\n\n\n<div class=\"section-container\"><div class=\"bde-text-169-124 bde-text\">\nLai atbilstu \u0161ai klasei, filtram j\u0101aiztur vismaz 50 % da\u013ci\u0146as.<br><br>S\u0101kotn\u0113jie Big Magic F7 filtri atbilst ePM1 klasei pat tad, ja uztver vair\u0101k nek\u0101 60 % attiec\u012bgo da\u013ci\u0146u. T\u0101p\u0113c tie ir daudz piem\u0113rot\u0101ki ventil\u0101cijas iek\u0101rt\u0101m un ar\u012b j\u016bsu vesel\u012bbai.<br><br>Ori\u0123in\u0101lie Big Magic filtri ir apr\u012bkoti ar\u012b ar apkakli, kas nodro\u0161ina perfektu bl\u012bv\u0113jumu pat tad, ja pirms nepiecie\u0161am\u0101s nomai\u0146as filtrs ir deform\u0113jies trieciena aizs\u0113r\u0113\u0161anas d\u0113\u013c. T\u0101d\u0113j\u0101di jums nav j\u0101uztraucas par putek\u013cu, ziedputek\u0161\u0146u un citu pies\u0101r\u0146ot\u0101ju iek\u013c\u016b\u0161anu siltummain\u012b.\n<\/div><\/div>\n<\/section><\/div>","protected":false},"excerpt":{"rendered":"<p>Filtri Atbr\u012bvojums no putek\u013ciem un alerg\u0113niem Bez p\u0101rsp\u012bl\u0113juma var teikt, ka filtra kvalit\u0101te ir \u013coti labs visa ventil\u0101cijas iek\u0101rtas kvalit\u0101tes r\u0101d\u012bt\u0101js.M\u0113s pieg\u0101d\u0101jam Big Magic iek\u0101rtu tikai ar F7 klases filtriem. Sal\u012bdzinot ar G4 klases filtriem, tiem ir smalk\u0101ka strukt\u016bra un tie aiztur iev\u0113rojami vair\u0101k net\u012brumu. m\u0113s izmantojam F7 klases filtrus ar\u012b m\u0101jas izpl\u016bdes sist\u0113mai. S\u0101kum\u0101 [...]<\/p>","protected":false},"author":1,"featured_media":0,"parent":25,"menu_order":0,"comment_status":"closed","ping_status":"closed","template":"","meta":{"_acf_changed":false,"_breakdance_hide_in_design_set":false,"_breakdance_tags":"","footnotes":""},"class_list":["post-169","page","type-page","status-publish","hentry"],"acf":[],"_links":{"self":[{"href":"https:\/\/a1magic.cool\/lv\/wp-json\/wp\/v2\/pages\/169","targetHints":{"allow":["GET"]}}],"collection":[{"href":"https:\/\/a1magic.cool\/lv\/wp-json\/wp\/v2\/pages"}],"about":[{"href":"https:\/\/a1magic.cool\/lv\/wp-json\/wp\/v2\/types\/page"}],"author":[{"embeddable":true,"href":"https:\/\/a1magic.cool\/lv\/wp-json\/wp\/v2\/users\/1"}],"replies":[{"embeddable":true,"href":"https:\/\/a1magic.cool\/lv\/wp-json\/wp\/v2\/comments?post=169"}],"version-history":[{"count":6,"href":"https:\/\/a1magic.cool\/lv\/wp-json\/wp\/v2\/pages\/169\/revisions"}],"predecessor-version":[{"id":1005,"href":"https:\/\/a1magic.cool\/lv\/wp-json\/wp\/v2\/pages\/169\/revisions\/1005"}],"up":[{"embeddable":true,"href":"https:\/\/a1magic.cool\/lv\/wp-json\/wp\/v2\/pages\/25"}],"wp:attachment":[{"href":"https:\/\/a1magic.cool\/lv\/wp-json\/wp\/v2\/media?parent=169"}],"curies":[{"name":"wp","href":"https:\/\/api.w.org\/{rel}","templated":true}]}}