{"id":167,"date":"2025-07-10T14:47:19","date_gmt":"2025-07-10T14:47:19","guid":{"rendered":"https:\/\/a1magic.cool\/?page_id=167"},"modified":"2025-08-05T17:28:39","modified_gmt":"2025-08-05T17:28:39","slug":"entalpie","status":"publish","type":"page","link":"https:\/\/a1magic.cool\/lv\/bigmagic\/entalpie\/","title":{"rendered":"Entalpie"},"content":{"rendered":"<div class='breakdance'><section class=\"bde-section-167-100 bde-section\">\n  \n  \n\t\n\n\n\n<div class=\"section-container\"><div class=\"bde-columns-167-101 bde-columns\"><div class=\"bde-column-167-106 bde-column\">\n  \n  \n\t\n\n\n\n<img decoding=\"async\" class=\"bde-image2-167-107 bde-image2\" src=\"https:\/\/a1magic.cool\/wp-content\/uploads\/2025\/07\/02-rekuperator-velikost-2.webp\" loading=\"lazy\" srcset=\"https:\/\/a1magic.cool\/wp-content\/uploads\/2025\/07\/02-rekuperator-velikost-2.webp 399w, https:\/\/a1magic.cool\/wp-content\/uploads\/2025\/07\/02-rekuperator-velikost-2-300x300.webp 300w, https:\/\/a1magic.cool\/wp-content\/uploads\/2025\/07\/02-rekuperator-velikost-2-150x150.webp 150w\" sizes=\"(max-width: 399px) 100vw, 399px\" data-entrance=\"zoomIn\">\n<\/div><div class=\"bde-column-167-102 bde-column\">\n  \n  \n\t\n\n\n\n<h2 class=\"bde-heading-167-103 bde-heading\">\nEntalpie\n<\/h2><div class=\"bde-grid-167-108 bde-grid\">\n  \n  \n\t\n\n\n\n<div class=\"bde-icon-box-167-111 bde-icon-box\" data-entrance=\"zoomIn\">\n\n    \n            <div class=\"ee-iconbox-icon breakdance-icon-atom\" >\n    \n                    <svg xmlns=\"http:\/\/www.w3.org\/2000\/svg\" xmlns:xlink=\"http:\/\/www.w3.org\/1999\/xlink\" width=\"89.481\" height=\"89.481\" viewbox=\"0 0 89.481 89.481\">\r\n  <defs>\r\n    <clippath id=\"clip-path\">\r\n      <rect id=\"Rectangle_1\" data-name=\"Rectangle 1\" width=\"89.481\" height=\"89.481\" fill=\"#fff\"\/>\r\n    <\/clippath>\r\n  <\/defs>\r\n  <g id=\"air-magic-3_1_\" data-name=\"air-magic-3 (1)\" clip-path=\"url(#clip-path)\">\r\n    <g id=\"Group_1\" data-name=\"Group 1\">\r\n      <path id=\"Path_1\" data-name=\"Path 1\" d=\"M1.907,33.9,44.741,1.907,87.575,33.9\" fill=\"none\" stroke=\"#5b7ba1\" stroke-linecap=\"round\" stroke-linejoin=\"round\" stroke-width=\"3.813\"\/>\r\n      <path id=\"Path_2\" data-name=\"Path 2\" d=\"M7.239,29.9V87.575\" fill=\"none\" stroke=\"#5b7ba1\" stroke-linecap=\"round\" stroke-linejoin=\"round\" stroke-width=\"3.813\"\/>\r\n      <path id=\"Path_3\" data-name=\"Path 3\" d=\"M82.242,29.9V87.575\" fill=\"none\" stroke=\"#5b7ba1\" stroke-linecap=\"round\" stroke-linejoin=\"round\" stroke-width=\"3.813\"\/>\r\n      <path id=\"Path_4\" data-name=\"Path 4\" d=\"M1.907,87.574H87.575\" fill=\"none\" stroke=\"#5b7ba1\" stroke-linecap=\"round\" stroke-linejoin=\"round\" stroke-width=\"3.813\"\/>\r\n      <path id=\"Path_5\" data-name=\"Path 5\" d=\"M59.7,34.695A21.336,21.336,0,0,1,39.393,70.547\" fill=\"none\" stroke=\"#5b7ba1\" stroke-linecap=\"round\" stroke-linejoin=\"round\" stroke-width=\"3.813\"\/>\r\n      <path id=\"Path_6\" data-name=\"Path 6\" d=\"M29.75,65.066A21.336,21.336,0,0,1,50.074,29.239\" fill=\"none\" stroke=\"#5b7ba1\" stroke-linecap=\"round\" stroke-linejoin=\"round\" stroke-width=\"3.813\"\/>\r\n      <path id=\"Path_7\" data-name=\"Path 7\" d=\"M44.741,23.235l5.332,6.01-5.332,5.332\" fill=\"none\" stroke=\"#5b7ba1\" stroke-linecap=\"round\" stroke-linejoin=\"round\" stroke-width=\"3.813\"\/>\r\n      <path id=\"Path_8\" data-name=\"Path 8\" d=\"M44.741,65.156l-5.332,5.332,5.332,6.067\" fill=\"none\" stroke=\"#5b7ba1\" stroke-linecap=\"round\" stroke-linejoin=\"round\" stroke-width=\"3.813\"\/>\r\n    <\/g>\r\n  <\/g>\r\n<\/svg>\n        \n        \n        \n            <\/div>\n    \n\n<div class=\"ee-iconbox-content\">\n      <h5 class=\"ee-iconbox-title bde-h3\" >Ide\u0101la iek\u0161telpu temperat\u016bra un mitrums<\/h5>\n      <\/div>\n\n<\/div><div class=\"bde-icon-box-167-112 bde-icon-box\" data-entrance=\"zoomIn\">\n\n    \n            <div class=\"ee-iconbox-icon breakdance-icon-atom\" >\n    \n                    <svg xmlns=\"http:\/\/www.w3.org\/2000\/svg\" width=\"68\" height=\"51\" viewbox=\"0 0 68 51\" fill=\"none\"><g id=\"Vrstva_1\" clip-path=\"url(#clip0_4447_225)\"><path id=\"Vector\" d=\"M42.9237 29.7928C42.9237 27.0124 41.5615 24.4194 39.8356 21.1381C38.3673 18.477 37.0982 15.711 36.0378 12.8626C35.7193 11.9609 34.8617 11.3633 33.9063 11.3753C32.9509 11.3633 32.0933 11.9609 31.7737 12.8615C30.7133 15.7098 29.4454 18.4758 27.9771 21.1381C25.7705 25.3366 24.0326 28.6525 25.3375 32.4443C26.4778 35.6564 29.3381 37.9465 32.7219 38.3544C33.1096 38.4021 33.4996 38.4248 33.8908 38.426C36.1487 38.4379 38.3339 37.6233 40.0324 36.1347C41.8585 34.5316 42.9105 32.2236 42.9225 29.7939L42.9237 29.7928ZM38.5379 34.4457C37.0147 35.7709 34.9965 36.378 32.9951 36.1144C30.4748 35.7936 28.3445 34.0939 27.4726 31.7083C26.4802 28.8374 27.8721 26.1906 29.9762 22.1865C31.4958 19.43 32.8138 16.5674 33.9207 13.6201C35.0156 16.5686 36.3277 19.4324 37.846 22.1865C39.4241 25.1946 40.6753 27.5694 40.6753 29.7939C40.6717 31.5807 39.8928 33.2792 38.5379 34.4457Z\" fill=\"#7186A3\"\/><path id=\"Vector_2\" d=\"M5.96902 34.9896C6.25886 35.0254 6.55109 35.0445 6.84212 35.0445C8.51915 35.0517 10.1413 34.4445 11.4009 33.3377C12.8048 32.1043 13.6123 30.3271 13.617 28.458C13.617 26.3647 12.5805 24.3561 11.3782 22.0338C10.3357 20.1087 9.434 18.1096 8.68256 16.0533C8.32473 15.043 7.21546 14.5158 6.20638 14.8736C5.65532 15.0693 5.22235 15.5022 5.02673 16.0533C4.27529 18.1096 3.37356 20.1087 2.33108 22.0338C0.723235 25.1445 -0.54706 27.6052 0.431007 30.481C1.26714 32.9166 3.41531 34.664 5.97021 34.9884L5.96902 34.9896ZM4.33493 23.062C5.28198 21.2979 6.12408 19.4789 6.85524 17.6146C7.58641 19.4789 8.4285 21.2979 9.37556 23.0632C10.4872 25.2137 11.3639 26.9134 11.3639 28.4592C11.3663 29.683 10.8343 30.8484 9.90872 31.6487C8.90084 32.523 7.56852 32.925 6.24574 32.7532C4.5544 32.5242 3.13262 31.3684 2.56367 29.7582C1.89692 27.7877 2.86544 25.9151 4.33493 23.062Z\" fill=\"#7186A3\"\/><path id=\"Vector_3\" d=\"M12.829 46.2613C13.6651 48.6981 15.8144 50.4467 18.3694 50.7699C18.6592 50.8057 18.9514 50.8236 19.2425 50.8236C20.9195 50.8307 22.5416 50.2236 23.8012 49.1167C25.2051 47.8834 26.0102 46.1062 26.015 44.2371C26.015 42.1438 24.9785 40.1352 23.7762 37.8129C22.7337 35.8878 21.832 33.8887 21.0805 31.8324C20.7227 30.8221 19.6134 30.2949 18.6043 30.6527C18.0533 30.8483 17.6203 31.2813 17.4247 31.8324C16.6732 33.8887 15.7715 35.8878 14.729 37.8129C13.1212 40.9236 11.8509 43.3843 12.829 46.2601V46.2613ZM16.7365 38.8411C17.6823 37.077 18.5232 35.258 19.2544 33.3937C19.9855 35.258 20.8276 37.077 21.7747 38.8423C22.8864 40.9928 23.763 42.6925 23.763 44.2383C23.7654 45.4621 23.2335 46.6274 22.3079 47.4278C21.3 48.3021 19.9677 48.704 18.6449 48.5323C16.9535 48.3033 15.5318 47.1475 14.9628 45.5372C14.2961 43.5668 15.2646 41.6942 16.7341 38.8411H16.7365Z\" fill=\"#7186A3\"\/><path id=\"Vector_4\" d=\"M62.7856 16.0485C62.4278 15.0383 61.3185 14.5111 60.3094 14.8689C59.7584 15.0645 59.3254 15.4975 59.1298 16.0485C58.3783 18.1049 57.4766 20.1039 56.4341 22.0291C55.233 24.3573 54.1953 26.366 54.1953 28.4593C54.2001 30.3283 55.0076 32.1043 56.4115 33.3377C57.6722 34.4446 59.2932 35.0517 60.9702 35.0457C61.2625 35.0457 61.5547 35.0278 61.8445 34.992C64.3994 34.6688 66.5488 32.9202 67.3837 30.4834C68.3594 27.6064 67.0879 25.1469 65.4813 22.0302C64.4376 20.1051 63.5371 18.1061 62.7856 16.0497V16.0485ZM65.2499 29.7582C64.6809 31.3672 63.2591 32.5242 61.5678 32.7532C60.245 32.925 58.9115 32.523 57.9048 31.6487C56.9792 30.8484 56.4473 29.683 56.4496 28.4593C56.4496 26.9134 57.3263 25.2137 58.438 23.0632C59.385 21.2991 60.2271 19.4789 60.9583 17.6146C61.6895 19.4789 62.5316 21.2979 63.4786 23.062C64.9481 25.9151 65.9178 27.7877 65.2499 29.7582Z\" fill=\"#7186A3\"\/><path id=\"Vector_5\" d=\"M50.3867 31.8276C50.0289 30.8173 48.9196 30.2901 47.9105 30.648C47.3594 30.8436 46.9265 31.2766 46.7309 31.8276C45.9794 33.8839 45.0777 35.883 44.0352 37.8081C42.8341 40.1364 41.7964 42.145 41.7964 44.2383C41.8012 46.1074 42.6087 47.8834 44.0125 49.1167C45.2733 50.2236 46.8943 50.8307 48.5713 50.8248C48.8635 50.8248 49.1557 50.8069 49.4456 50.7711C52.0005 50.4479 54.1499 48.6993 54.9848 46.2625C55.9605 43.3855 54.689 40.926 53.0823 37.8093C52.0387 35.8842 51.1381 33.8851 50.3867 31.8288V31.8276ZM52.8509 45.5385C52.282 47.1475 50.8602 48.3045 49.1689 48.5335C47.8461 48.7041 46.5138 48.3021 45.5059 47.429C44.5803 46.6286 44.0483 45.4633 44.0507 44.2395C44.0507 42.6937 44.9274 40.994 46.0391 38.8435C46.9861 37.0794 47.8282 35.2592 48.5594 33.3949C49.2905 35.2592 50.1326 37.0782 51.0797 38.8423C52.5492 41.6954 53.5189 43.568 52.8509 45.5385Z\" fill=\"#7186A3\"\/><path id=\"Vector_6\" d=\"M13.9559 15.8291C14.792 18.2659 16.9414 20.0145 19.4963 20.3377C19.7861 20.3735 20.0784 20.3914 20.3694 20.3914C22.0464 20.3985 23.6686 19.7914 24.9282 18.6845C26.332 17.4512 27.1372 15.674 27.1419 13.8049C27.1419 11.7116 26.1054 9.70302 24.9031 7.38071C23.8606 5.45559 22.9589 3.45651 22.2075 1.40018C21.8496 0.389911 20.7404 -0.137291 19.7313 0.220539C19.1802 0.416152 18.7472 0.849126 18.5516 1.40018C17.8002 3.45651 16.8985 5.45559 15.856 7.38071C14.2481 10.4914 12.9778 12.9521 13.9559 15.8279V15.8291ZM17.8634 8.41007C18.8093 6.64597 19.6502 4.827 20.3813 2.96271C21.1125 4.827 21.9546 6.64597 22.9016 8.41126C24.0133 10.5618 24.89 12.2615 24.89 13.8073C24.8924 15.0311 24.3604 16.1964 23.4348 16.9968C22.4269 17.8711 21.0946 18.273 19.7718 18.1013C18.0805 17.8723 16.6587 16.7165 16.0898 15.1062C15.423 13.1358 16.3915 11.2632 17.861 8.41007H17.8634Z\" fill=\"#7186A3\"\/><path id=\"Vector_7\" d=\"M51.9564 7.37592C50.9127 5.4508 50.0121 3.45172 49.2607 1.39539C48.9029 0.38512 47.7936 -0.142082 46.7845 0.215748C46.2335 0.411361 45.8005 0.844335 45.6049 1.39539C44.8534 3.45172 43.9517 5.4508 42.9092 7.37592C41.7081 9.7042 40.6704 11.7128 40.6704 13.8061C40.6752 15.6752 41.4827 17.4512 42.8866 18.6845C44.1473 19.7914 45.7683 20.3985 47.4453 20.3926C47.7375 20.3926 48.0298 20.3747 48.3196 20.3389C50.8745 20.0157 53.0239 18.2671 53.8588 15.8302C54.8345 12.9533 53.563 10.4938 51.9564 7.37711V7.37592ZM51.7238 15.1062C51.1548 16.7153 49.733 17.8723 48.0417 18.1013C46.7189 18.273 45.3854 17.8711 44.3787 16.9968C43.4531 16.1964 42.9212 15.0311 42.9235 13.8073C42.9235 12.2615 43.8002 10.5618 44.9119 8.41124C45.8589 6.64714 46.701 4.82698 47.4322 2.96269C48.1634 4.82698 49.0055 6.64595 49.9525 8.41005C51.422 11.2631 52.3917 13.1358 51.7238 15.1062Z\" fill=\"#7186A3\"\/><\/g><defs><clippath id=\"clip0_4447_225\"><rect width=\"67.6358\" height=\"50.72\" fill=\"white\" transform=\"translate(0.0888672 0.103638)\"\/><\/clippath><\/defs><\/svg>\n        \n        \n        \n            <\/div>\n    \n\n<div class=\"ee-iconbox-content\">\n      <h5 class=\"ee-iconbox-title bde-h3\" >Standarta Entalpic siltummainis<\/h5>\n      <\/div>\n\n<\/div>\n<\/div>\n<\/div><\/div><\/div>\n<\/section><section class=\"bde-section-167-115 bde-section\">\n  \n  \n\t\n\n\n\n<div class=\"section-container\"><h2 class=\"bde-heading-167-116 bde-heading\">\nEntalpiskais siltummainis sist\u0113m\u0101 Big Magic\n<\/h2><div class=\"bde-text-167-117 bde-text\">\nM\u0113s v\u0113lamies saviem klientiem pied\u0101v\u0101t visaugst\u0101ko komforta standartu. T\u0101p\u0113c Big Magic ventil\u0101cijas vien\u012bbai standarta apr\u012bkojum\u0101 ir entalpijas siltummainis.<br><br>M\u016bsu entalpijas siltummai\u0146a princips ir balst\u012bts uz tagad br\u012bvi pieejamo patentu Nr. EP 1 485 657. Pamats ir pietiekami liela pl\u0101k\u0161\u0146u serde ar milz\u012bgu termisko efektivit\u0101ti. Lai sasniegtu entalpiju, m\u0113s izmantojam to, ka pl\u0101k\u0161\u0146u serd\u0113 kondens\u0101ts nogulsn\u0113jas vien\u0101 pus\u0113 sl\u0101\u0146u.<br><br>Pl\u0101k\u0161\u0146u serde\u0146am esam izstr\u0101d\u0101ju\u0161i meh\u0101nismu, kas sp\u0113j vien\u0101 mirkl\u012b main\u012bt pl\u016bsmas virzienu katr\u0101 sl\u0101n\u012b. Mainoties pl\u016bsmai, nos\u0113din\u0101tais t\u012brais \u016bdens iztvaiko svaig\u0101 gais\u0101. Tikm\u0113r pret\u0113jos sl\u0101\u0146os veidojas kondens\u0101ts. Pl\u016bsmas mai\u0146a tiek pan\u0101kta bez izm\u0113r\u0101mas ietekmes uz svaiga gaisa pies\u0101r\u0146ojumu ar izpl\u016bdes gaisu.\n<\/div><h3 class=\"bde-heading-167-118 bde-heading\">\nApmain\u012bt\u0101jam Big Magic ir unik\u0101la funkciju kombin\u0101cija:\n<\/h3><ul class=\"bde-basic-list-167-119 bde-basic-list\">\n  <li  >    \n          Augsta siltuma atg\u016b\u0161anas efektivit\u0101te\n      <\/li>\n  <li  >    \n          Augsta mitruma atg\u016b\u0161anas efektivit\u0101te\n      <\/li>\n  <li  >    \n          Augst\u0101k\u0101s kvalit\u0101tes bl\u012bv\u0113jums, kas atbilst visstingr\u0101kajiem krit\u0113rijiem.\n      <\/li>\n  <li  >    \n          100% higi\u0113nas risin\u0101jums\n      <\/li>\n  <li  >    \n          Klusa darb\u012bba\n      <\/li>\n  <li  >    \n          Iztur\u012bba pret salu l\u012bdz -20 \u00b0C bez aizsardz\u012bbas pret salu\n      <\/li>\n<\/ul><h2 class=\"bde-heading-167-120 bde-heading\">\nEntalpija vai akt\u012bva mitrin\u0101\u0161ana?\n<\/h2><div class=\"bde-text-167-121 bde-text\">\nIesp\u0113jams, j\u016bs dom\u0101jat, vai mitruma atg\u016b\u0161anas viet\u0101 neb\u016btu lab\u0101k akt\u012bvi mitrin\u0101t gaisu.<br><br>Ta\u010du gaisa mitrin\u0101\u0161anai ir k\u0101ds \u0101\u0137is.<br><br>Pirmk\u0101rt, finansi\u0101l\u0101 intensit\u0101te. Gan gaisa mitrin\u0101t\u0101ja ieg\u0101de, gan \u016bdens pat\u0113ri\u0146\u0161 ir iev\u0113rojamas bud\u017eeta poz\u012bcijas.<br><br>Otrk\u0101rt, higi\u0113na. Gaisa cauru\u013cvadi vienm\u0113r ir veidoti t\u0101, lai tajos neb\u016btu mitruma. Ja gaisa iepl\u016bdei tiek pievienots mitrin\u0101t\u0101js, tas ir elements, kas past\u0101v\u012bgi ir mitrs un past\u0101v\u012bgi atrodas silt\u0101 vid\u0113 (istabas temperat\u016br\u0101). \u0160\u0101da elementa uztur\u0113\u0161ana vesel\u012bg\u0101 st\u0101vokl\u012b ir problem\u0101tiska, un pa\u0161i \u0161o mitrin\u0101t\u0101ju pieg\u0101d\u0101t\u0101ji pieprasa regul\u0101ri main\u012bt mitrin\u0101t\u0101ja iek\u0161\u0113j\u0101s kasetnes.<br><br>Entalpijas siltummainis nav visvarens. Tas atgrie\u017e mitrumu t\u0101d\u0101 apjom\u0101, k\u0101ds tas rodas m\u0101jokl\u012b. Entalpijas siltummainis ir pamats komfortablai dz\u012bvo\u0161anai, kas ir bezgala pat\u012bkam\u0101ka nek\u0101 ventil\u0101cija ar standarta siltummaini.<br><br>Ja jums ir nepiecie\u0161ams augst\u0101ks komforta l\u012bmenis, varat apsv\u0113rt ar\u012b iesp\u0113ju uzst\u0101d\u012bt gaisa mitrin\u0101t\u0101ju kop\u0101 ar Big Magic ventil\u0101cijas iek\u0101rtu.\n<\/div><\/div>\n<\/section><\/div>","protected":false},"excerpt":{"rendered":"<p>Entalpie Ide\u0101la iek\u0161telpu temperat\u016bra un mitrums Standarta Entalpic siltummainis Entalpic siltummainis Big Magic M\u0113s v\u0113lamies saviem klientiem pied\u0101v\u0101t visaugst\u0101ko komforta standartu. T\u0101p\u0113c Big Magic ventil\u0101cijas iek\u0101rtai standarta apr\u012bkojum\u0101 ir entalpiskais siltummainis.M\u016bsu entalpisk\u0101 siltummai\u0146a principa pamat\u0101 ir tagad br\u012bvi pieejamais patents Nr. EP 1 485 657. T\u0101 pamat\u0101 ir pietiekami liela pl\u0101k\u0161\u0146u serde ar milz\u012bgu [...]<\/p>","protected":false},"author":1,"featured_media":0,"parent":25,"menu_order":0,"comment_status":"closed","ping_status":"closed","template":"","meta":{"_acf_changed":false,"_breakdance_hide_in_design_set":false,"_breakdance_tags":"","footnotes":""},"class_list":["post-167","page","type-page","status-publish","hentry"],"acf":[],"_links":{"self":[{"href":"https:\/\/a1magic.cool\/lv\/wp-json\/wp\/v2\/pages\/167","targetHints":{"allow":["GET"]}}],"collection":[{"href":"https:\/\/a1magic.cool\/lv\/wp-json\/wp\/v2\/pages"}],"about":[{"href":"https:\/\/a1magic.cool\/lv\/wp-json\/wp\/v2\/types\/page"}],"author":[{"embeddable":true,"href":"https:\/\/a1magic.cool\/lv\/wp-json\/wp\/v2\/users\/1"}],"replies":[{"embeddable":true,"href":"https:\/\/a1magic.cool\/lv\/wp-json\/wp\/v2\/comments?post=167"}],"version-history":[{"count":7,"href":"https:\/\/a1magic.cool\/lv\/wp-json\/wp\/v2\/pages\/167\/revisions"}],"predecessor-version":[{"id":682,"href":"https:\/\/a1magic.cool\/lv\/wp-json\/wp\/v2\/pages\/167\/revisions\/682"}],"up":[{"embeddable":true,"href":"https:\/\/a1magic.cool\/lv\/wp-json\/wp\/v2\/pages\/25"}],"wp:attachment":[{"href":"https:\/\/a1magic.cool\/lv\/wp-json\/wp\/v2\/media?parent=167"}],"curies":[{"name":"wp","href":"https:\/\/api.w.org\/{rel}","templated":true}]}}