{"id":938,"date":"2025-08-26T10:36:19","date_gmt":"2025-08-26T10:36:19","guid":{"rendered":"https:\/\/a1magic.cool\/?page_id=938"},"modified":"2025-09-10T06:20:44","modified_gmt":"2025-09-10T06:20:44","slug":"shadows","status":"publish","type":"page","link":"https:\/\/a1magic.cool\/en\/technologie\/stineni\/","title":{"rendered":"Integrated shielding control"},"content":{"rendered":"<section class=\"bde-section-938-100 bde-section\">\n  \n  \n\t\n\n\n\n<div class=\"section-container\"><div class=\"bde-columns-938-101 bde-columns\"><div class=\"bde-column-938-102 bde-column\">\n  \n  \n\t\n\n\n\n<img decoding=\"async\" class=\"bde-image2-938-103 bde-image2\" src=\"https:\/\/a1magic.cool\/wp-content\/uploads\/2025\/07\/modern-minimalist-bedroom-with-home-office.webp\" loading=\"lazy\" srcset=\"https:\/\/a1magic.cool\/wp-content\/uploads\/2025\/07\/modern-minimalist-bedroom-with-home-office.webp 500w, https:\/\/a1magic.cool\/wp-content\/uploads\/2025\/07\/modern-minimalist-bedroom-with-home-office-300x266.webp 300w\" sizes=\"(max-width: 500px) 100vw, 500px\" data-entrance=\"zoomIn\">\n<\/div><div class=\"bde-column-938-104 bde-column\">\n  \n  \n\t\n\n\n\n<h2 class=\"bde-heading-938-105 bde-heading\">\nIntegrated shielding control \n<\/h2><div class=\"bde-grid-938-106 bde-grid\">\n  \n  \n\t\n\n\n\n<div class=\"bde-icon-box-938-107 bde-icon-box\" data-entrance=\"zoomIn\">\n\n    \n            <div class=\"ee-iconbox-icon breakdance-icon-atom\" >\n    \n                    <svg xmlns=\"http:\/\/www.w3.org\/2000\/svg\" id=\"Vrstva_1\" version=\"1.1\" viewbox=\"0 0 30 30\">\r\n  <!-- Generator: Adobe Illustrator 29.7.1, SVG Export Plug-In . SVG Version: 2.1.1 Build 8)  -->\r\n  <defs>\r\n    <style>\r\n      .st0 {\r\n        fill: #7185a2;\r\n      }\r\n    <\/style>\r\n  <\/defs>\r\n  <path class=\"st0\" d=\"M28.52,14.13h-6.51c-.32,0-.57.26-.57.57s.26.57.57.57h6.51c.32,0,.57-.26.57-.57s-.26-.57-.57-.57Z\"\/>\r\n  <path class=\"st0\" d=\"M16.8,14.13H1.48c-.32,0-.57.26-.57.57s.26.57.57.57h15.32c.32,0,.57-.26.57-.57s-.26-.57-.57-.57Z\"\/>\r\n  <path class=\"st0\" d=\"M28.52,19.14h-6.51c-.32,0-.57.26-.57.57s.26.57.57.57h6.51c.32,0,.57-.26.57-.57s-.26-.57-.57-.57Z\"\/>\r\n  <path class=\"st0\" d=\"M16.8,19.14H1.48c-.32,0-.57.26-.57.57s.26.57.57.57h15.32c.32,0,.57-.26.57-.57s-.26-.57-.57-.57Z\"\/>\r\n  <path class=\"st0\" d=\"M28.52,9.12h-6.51c-.32,0-.57.26-.57.57s.26.57.57.57h6.51c.32,0,.57-.26.57-.57s-.26-.57-.57-.57Z\"\/>\r\n  <path class=\"st0\" d=\"M16.8,9.12H1.48c-.32,0-.57.26-.57.57s.26.57.57.57h15.32c.32,0,.57-.26.57-.57s-.26-.57-.57-.57Z\"\/>\r\n  <path class=\"st0\" d=\"M28.52,4.1h-6.51c-.32,0-.57.26-.57.57s.26.57.57.57h6.51c.32,0,.57-.26.57-.57s-.26-.57-.57-.57Z\"\/>\r\n  <path class=\"st0\" d=\"M16.8,4.1H1.48c-.32,0-.57.26-.57.57s.26.57.57.57h15.32c.32,0,.57-.26.57-.57s-.26-.57-.57-.57Z\"\/>\r\n  <path class=\"st0\" d=\"M20.03,24.41V3.16c0-.32-.26-.57-.57-.57s-.57.26-.57.57v21.25c-.36.2-.61.59-.61,1.03,0,.65.53,1.18,1.18,1.18s1.18-.53,1.18-1.18c0-.44-.25-.83-.61-1.03Z\"\/>\r\n<\/svg>\n        \n        \n        \n            <\/div>\n    \n\n<div class=\"ee-iconbox-content\">\n      <\/div>\n\n<\/div>\n<\/div>\n<\/div><\/div><\/div>\n<\/section><section class=\"bde-section-938-109 bde-section\">\n  \n  \n\t\n\n\n\n<div class=\"section-container\"><div class=\"bde-columns-938-110 bde-columns\"><div class=\"bde-column-938-111 bde-column\">\n  \n  \n\t\n\n\n\n<img decoding=\"async\" class=\"bde-image2-938-112 bde-image2\" src=\"https:\/\/a1magic.cool\/wp-content\/uploads\/2025\/08\/house-with-blinds.webp\" loading=\"lazy\" srcset=\"https:\/\/a1magic.cool\/wp-content\/uploads\/2025\/08\/house-with-blinds.webp 750w, https:\/\/a1magic.cool\/wp-content\/uploads\/2025\/08\/house-with-blinds-400x267.webp 400w, https:\/\/a1magic.cool\/wp-content\/uploads\/2025\/08\/house-with-blinds-700x467.webp 700w, https:\/\/a1magic.cool\/wp-content\/uploads\/2025\/08\/house-with-blinds-18x12.webp 18w\" sizes=\"(max-width: 750px) 100vw, 750px\" data-entrance=\"zoomIn\">\n<\/div><div class=\"bde-column-938-113 bde-column\">\n  \n  \n\t\n\n\n\n<h2 class=\"bde-heading-938-114 bde-heading\">\nBlinds are a common feature of modern buildings. Not only for shading, but also for your privacy.\n<\/h2><div class=\"bde-rich-text-938-115 bde-rich-text breakdance-rich-text-styles\">\n<p>Shading is now as much a part of new buildings as the windows themselves. In insulated houses, glazed surfaces are a direct source of heat. In winter, it is certainly useful to get \"free\" warmth, but in summer we want to limit the penetration of sunlight through the windows. Why not control everything in the house with one remote control and one app?<\/p>\n<\/div>\n<\/div><\/div><\/div>\n<\/section><section class=\"bde-section-938-116 bde-section\">\n  \n  \n\t\n\n\n\n<div class=\"section-container\"><div class=\"bde-columns-938-117 bde-columns\"><div class=\"bde-column-938-118 bde-column\">\n  \n  \n\t\n\n\n\n<h2 class=\"bde-heading-938-119 bde-heading\">\nThere is power in simplicity. You don't need any more controllers, no more control panels. \n<\/h2><div class=\"bde-rich-text-938-120 bde-rich-text breakdance-rich-text-styles\">\n<p>A phone, an A1MCP controller and a good old fashioned rocker switch at the same time. We will adapt the design to your preferences. The selection of the blind motors is important. The simpler the motor itself, the easier our system can control it. We will of course be happy to help you with your selection.<\/p>\n<\/div>\n<\/div><div class=\"bde-column-938-121 bde-column\">\n  \n  \n\t\n\n\n\n<img decoding=\"async\" class=\"bde-image2-938-122 bde-image2\" src=\"https:\/\/a1magic.cool\/wp-content\/uploads\/2025\/08\/a1mcp_zaluzie.webp\" loading=\"lazy\" srcset=\"https:\/\/a1magic.cool\/wp-content\/uploads\/2025\/08\/a1mcp_zaluzie.webp 800w, https:\/\/a1magic.cool\/wp-content\/uploads\/2025\/08\/a1mcp_zaluzie-400x350.webp 400w, https:\/\/a1magic.cool\/wp-content\/uploads\/2025\/08\/a1mcp_zaluzie-700x613.webp 700w, https:\/\/a1magic.cool\/wp-content\/uploads\/2025\/08\/a1mcp_zaluzie-768x672.webp 768w, https:\/\/a1magic.cool\/wp-content\/uploads\/2025\/08\/a1mcp_zaluzie-14x12.webp 14w\" sizes=\"(max-width: 800px) 100vw, 800px\" data-entrance=\"zoomIn\">\n<\/div><\/div><\/div>\n<\/section><section class=\"bde-section-938-123 bde-section\">\n  \n  \n\t\n\n\n\n<div class=\"section-container\"><div class=\"bde-columns-938-124 bde-columns\"><div class=\"bde-column-938-125 bde-column\">\n  \n  \n\t\n\n\n\n<img decoding=\"async\" class=\"bde-image2-938-126 bde-image2\" src=\"https:\/\/a1magic.cool\/wp-content\/uploads\/2025\/08\/a1m_blinds_module.png\" loading=\"lazy\" srcset=\"https:\/\/a1magic.cool\/wp-content\/uploads\/2025\/08\/a1m_blinds_module.png 646w, https:\/\/a1magic.cool\/wp-content\/uploads\/2025\/08\/a1m_blinds_module-369x400.png 369w, https:\/\/a1magic.cool\/wp-content\/uploads\/2025\/08\/a1m_blinds_module-11x12.png 11w\" sizes=\"(max-width: 646px) 100vw, 646px\" data-entrance=\"zoomIn\">\n<\/div><div class=\"bde-column-938-127 bde-column\">\n  \n  \n\t\n\n\n\n<h2 class=\"bde-heading-938-131 bde-heading\">\nSmart control. Made in the Czech Republic.\n<\/h2><div class=\"bde-rich-text-938-129 bde-rich-text breakdance-rich-text-styles\">\n<p>You must be wondering whether we manufacture the smart electronics ourselves or, like many other suppliers, just buy them in Asia and resell them with our label.<\/p><p>Neither is true. We use the products of a Czech company <a href=\"https:\/\/amitomation.cz\/\" target=\"_blank\" rel=\"noopener\">AMiT Automation<\/a> with more than 30 years of history in the field of automation. Their controllers and relay modules are not only robust and proven. They also allow us to proudly declare that A1 Magic smart automation is manufactured in the Czech Republic.\u00a0<\/p>\n<\/div><div class=\"bde-button-938-130 bde-button\">\n        \n    \n    \n    \n    \n            \n                    \n            \n            \n\n    \n    \n    \n    \n    \n    <a class=\"breakdance-link button-atom button-atom--secondary bde-button__button\" href=\"\/en\/#kontakt\" target=\"_self\" data-type=\"url\"  >\n\n    \n        <span class=\"button-atom__text\">Contact<\/span>\n\n        \n        \n                <\/a>\n\n    \n\n\n<\/div>\n<\/div><\/div><\/div>\n<\/section>","protected":false},"excerpt":{"rendered":"<p>Integrovan\u00e9 ovl\u00e1d\u00e1n\u00ed st\u00edn\u011bn\u00ed \u017daluzie jsou b\u011b\u017en\u00fdm prvkem modern\u00edch staveb. Nejen pro st\u00edn\u011bn\u00ed, ale tak\u00e9 pro va\u0161e soukrom\u00ed. St\u00edn\u011bn\u00ed u\u017e dnes pat\u0159\u00ed k&nbsp;novostavb\u00e1m snad stejn\u011b, jako samotn\u00e1 okna. V&nbsp;izolovan\u00fdch domech jsou prosklen\u00e9 plochy p\u0159\u00edm\u00fdm zdrojem tepla. V&nbsp;zim\u011b jist\u011b p\u0159ijde vhod si \u201ezadarmo\u201c p\u0159itopit, v&nbsp;l\u00e9t\u011b ale naopak chceme prostup slune\u010dn\u00edch paprsk\u016f p\u0159es okna omezit. Pro\u010d neovl\u00e1dat v\u0161e [&hellip;]<\/p>\n","protected":false},"author":1,"featured_media":0,"parent":21,"menu_order":0,"comment_status":"closed","ping_status":"closed","template":"","meta":{"_acf_changed":false,"_breakdance_hide_in_design_set":false,"_breakdance_tags":"","footnotes":""},"class_list":["post-938","page","type-page","status-publish","hentry"],"acf":[],"_links":{"self":[{"href":"https:\/\/a1magic.cool\/en\/wp-json\/wp\/v2\/pages\/938","targetHints":{"allow":["GET"]}}],"collection":[{"href":"https:\/\/a1magic.cool\/en\/wp-json\/wp\/v2\/pages"}],"about":[{"href":"https:\/\/a1magic.cool\/en\/wp-json\/wp\/v2\/types\/page"}],"author":[{"embeddable":true,"href":"https:\/\/a1magic.cool\/en\/wp-json\/wp\/v2\/users\/1"}],"replies":[{"embeddable":true,"href":"https:\/\/a1magic.cool\/en\/wp-json\/wp\/v2\/comments?post=938"}],"version-history":[{"count":10,"href":"https:\/\/a1magic.cool\/en\/wp-json\/wp\/v2\/pages\/938\/revisions"}],"predecessor-version":[{"id":953,"href":"https:\/\/a1magic.cool\/en\/wp-json\/wp\/v2\/pages\/938\/revisions\/953"}],"up":[{"embeddable":true,"href":"https:\/\/a1magic.cool\/en\/wp-json\/wp\/v2\/pages\/21"}],"wp:attachment":[{"href":"https:\/\/a1magic.cool\/en\/wp-json\/wp\/v2\/media?parent=938"}],"curies":[{"name":"wp","href":"https:\/\/api.w.org\/{rel}","templated":true}]}}