{"id":38,"date":"2025-07-04T07:39:04","date_gmt":"2025-07-04T07:39:04","guid":{"rendered":"https:\/\/a1magic.cool\/?page_id=38"},"modified":"2025-07-13T18:40:27","modified_gmt":"2025-07-13T18:40:27","slug":"uber-uns","status":"publish","type":"page","link":"https:\/\/a1magic.cool\/de\/o-nas\/","title":{"rendered":"\u00dcber uns"},"content":{"rendered":"<section class=\"bde-section-38-100 bde-section\">\n  \n  \n\t\n\n\n\n<div class=\"section-container\"><div class=\"bde-columns-38-101 bde-columns\"><div class=\"bde-column-38-102 bde-column\">\n  \n  \n\t\n\n\n\n<h2 class=\"bde-heading-38-105 bde-heading\">\nPioniere der Wohnungsl\u00fcftung seit 2007\n<\/h2>\n<\/div><div class=\"bde-column-38-104 bde-column\">\n  \n  \n\t\n\n\n\n<div class=\"bde-rich-text-38-106 bde-rich-text breakdance-rich-text-styles\">\n<p>Wir sind ein Team von Enthusiasten des Niedrigenergiehauses, mit langj\u00e4hriger Erfahrung in den Bereichen HVAC, K\u00e4ltetechnik und Heizung.<\/p>\n<p>Einige von uns sind schon seit fast zwanzig Jahren in der Branche t\u00e4tig.<\/p>\n<p>Lesen Sie mehr dar\u00fcber, was unsere Mitarbeiter in der Vergangenheit erreicht haben.<\/p>\n<\/div>\n<\/div><\/div><\/div>\n<\/section><section class=\"bde-section-38-108 bde-section\">\n  \n  \n\t\n\n\n\n<div class=\"section-container\"><div class=\"de-timeline-38-110 de-timeline\">\n\n\n\n\n\n\t\t<div class=\"de-cols\">\n  \t\t <div class=\"de-col de-date\">\n            \t    <\/div>\n \t\t <div class=\"de-line\">\n          \t<div class=\"de-dot\">\n                       \t<div class=\"de-timeline-icon\">\n            \t<svg xmlns=\"http:\/\/www.w3.org\/2000\/svg\" viewbox=\"0 0 512 512\"><!--! Font Awesome Free 6.5.1 by @fontawesome - https:\/\/fontawesome.com License - https:\/\/fontawesome.com\/license\/free (Icons: CC BY 4.0, Fonts: SIL OFL 1.1, Code: MIT License) Copyright 2023 Fonticons, Inc. --><path d=\"M464 256A208 208 0 1 0 48 256a208 208 0 1 0 416 0zM0 256a256 256 0 1 1 512 0A256 256 0 1 1 0 256zm256-96a96 96 0 1 1 0 192 96 96 0 1 1 0-192z\"\/><\/svg>\n            <\/div>\n                       <\/div>\n          <\/div>\n       <div class=\"de-col de-content\">\n                     <img loading=\"lazy\" decoding=\"async\" class=\"breakdance-image-object\" src=\"https:\/\/a1magic.cool\/wp-content\/uploads\/2025\/07\/rozhovor_roman.jpg\" width=\"690\" height=\"434\" srcset=\"https:\/\/a1magic.cool\/wp-content\/uploads\/2025\/07\/rozhovor_roman.jpg 690w, https:\/\/a1magic.cool\/wp-content\/uploads\/2025\/07\/rozhovor_roman-300x189.jpg 300w, https:\/\/a1magic.cool\/wp-content\/uploads\/2025\/07\/rozhovor_roman-18x12.jpg 18w\" sizes=\"auto, (max-width: 690px) 100vw, 690px\">\n                            <div class=\"de-text-content\">\n                       <h4 class=\"de-heading\">2007<\/h4>\n                                 <p>Der Kern unseres Teams gr\u00fcndet ein Unternehmen in der Klimaanlagenbranche und Klimaanlagen. Dabei legt sie Wert darauf, nur qualitativ hochwertige Klimager\u00e4te zu liefern.\u00a0<\/p>\n                    <\/div>\n          \t    <\/div>\n         <\/div>\n\t\t<div class=\"de-cols\">\n  \t\t <div class=\"de-col de-date\">\n            \t    <\/div>\n \t\t <div class=\"de-line\">\n          \t<div class=\"de-dot\">\n                       \t<div class=\"de-timeline-icon\">\n            \t<svg xmlns=\"http:\/\/www.w3.org\/2000\/svg\" viewbox=\"0 0 512 512\"><!--! Font Awesome Free 6.5.1 by @fontawesome - https:\/\/fontawesome.com License - https:\/\/fontawesome.com\/license\/free (Icons: CC BY 4.0, Fonts: SIL OFL 1.1, Code: MIT License) Copyright 2023 Fonticons, Inc. --><path d=\"M464 256A208 208 0 1 0 48 256a208 208 0 1 0 416 0zM0 256a256 256 0 1 1 512 0A256 256 0 1 1 0 256zm256-96a96 96 0 1 1 0 192 96 96 0 1 1 0-192z\"\/><\/svg>\n            <\/div>\n                       <\/div>\n          <\/div>\n       <div class=\"de-col de-content\">\n                           <div class=\"de-text-content\">\n                       <h4 class=\"de-heading\">2008<\/h4>\n                                 <p>Der Schwerpunkt liegt vor allem auf dem Bereich der L\u00fcftung mit W\u00e4rmer\u00fcckgewinnung - der Installation von kanadischen Lifebreath-L\u00fcftungsger\u00e4ten mit W\u00e4rmer\u00fcckgewinnung. In einer Zeit, in der diese Technologie noch nahezu unbekannt ist, kl\u00e4ren sie ihre Kollegen \u00fcber den Markt auf und geh\u00f6ren damit zu den Pionieren auf diesem Gebiet in Tschechien.<\/p>\n                    <\/div>\n          \t    <\/div>\n         <\/div>\n\t\t<div class=\"de-cols\">\n  \t\t <div class=\"de-col de-date\">\n            \t    <\/div>\n \t\t <div class=\"de-line\">\n          \t<div class=\"de-dot\">\n                       \t<div class=\"de-timeline-icon\">\n            \t<svg xmlns=\"http:\/\/www.w3.org\/2000\/svg\" viewbox=\"0 0 512 512\"><!--! Font Awesome Free 6.5.1 by @fontawesome - https:\/\/fontawesome.com License - https:\/\/fontawesome.com\/license\/free (Icons: CC BY 4.0, Fonts: SIL OFL 1.1, Code: MIT License) Copyright 2023 Fonticons, Inc. --><path d=\"M464 256A208 208 0 1 0 48 256a208 208 0 1 0 416 0zM0 256a256 256 0 1 1 512 0A256 256 0 1 1 0 256zm256-96a96 96 0 1 1 0 192 96 96 0 1 1 0-192z\"\/><\/svg>\n            <\/div>\n                       <\/div>\n          <\/div>\n       <div class=\"de-col de-content\">\n                     <img loading=\"lazy\" decoding=\"async\" class=\"breakdance-image-object\" src=\"https:\/\/a1magic.cool\/wp-content\/uploads\/2025\/07\/ultima_komplet.jpg\" width=\"580\" height=\"562\" srcset=\"https:\/\/a1magic.cool\/wp-content\/uploads\/2025\/07\/ultima_komplet.jpg 580w, https:\/\/a1magic.cool\/wp-content\/uploads\/2025\/07\/ultima_komplet-300x291.jpg 300w, https:\/\/a1magic.cool\/wp-content\/uploads\/2025\/07\/ultima_komplet-12x12.jpg 12w\" sizes=\"auto, (max-width: 580px) 100vw, 580px\">\n                            <div class=\"de-text-content\">\n                       <h4 class=\"de-heading\">2009<\/h4>\n                                 <p>Der erste Prototyp des neuen Ultima-Ger\u00e4ts wird in der Werkstatt in Vizovice gebaut. Ein Konstrukteur, der auch heute noch mit uns zusammenarbeitet, war an der Entwicklung der eigenen mechanischen Konstruktion beteiligt.<\/p>\n                    <\/div>\n          \t    <\/div>\n         <\/div>\n\t\t<div class=\"de-cols\">\n  \t\t <div class=\"de-col de-date\">\n            \t    <\/div>\n \t\t <div class=\"de-line\">\n          \t<div class=\"de-dot\">\n                       \t<div class=\"de-timeline-icon\">\n            \t<svg xmlns=\"http:\/\/www.w3.org\/2000\/svg\" viewbox=\"0 0 512 512\"><!--! Font Awesome Free 6.5.1 by @fontawesome - https:\/\/fontawesome.com License - https:\/\/fontawesome.com\/license\/free (Icons: CC BY 4.0, Fonts: SIL OFL 1.1, Code: MIT License) Copyright 2023 Fonticons, Inc. --><path d=\"M464 256A208 208 0 1 0 48 256a208 208 0 1 0 416 0zM0 256a256 256 0 1 1 512 0A256 256 0 1 1 0 256zm256-96a96 96 0 1 1 0 192 96 96 0 1 1 0-192z\"\/><\/svg>\n            <\/div>\n                       <\/div>\n          <\/div>\n       <div class=\"de-col de-content\">\n                     <img loading=\"lazy\" decoding=\"async\" class=\"breakdance-image-object\" src=\"https:\/\/a1magic.cool\/wp-content\/uploads\/2025\/07\/ultima_front_1-1.jpg\" width=\"981\" height=\"442\" srcset=\"https:\/\/a1magic.cool\/wp-content\/uploads\/2025\/07\/ultima_front_1-1.jpg 981w, https:\/\/a1magic.cool\/wp-content\/uploads\/2025\/07\/ultima_front_1-1-300x135.jpg 300w, https:\/\/a1magic.cool\/wp-content\/uploads\/2025\/07\/ultima_front_1-1-768x346.jpg 768w, https:\/\/a1magic.cool\/wp-content\/uploads\/2025\/07\/ultima_front_1-1-18x8.jpg 18w\" sizes=\"auto, (max-width: 981px) 100vw, 981px\">\n                            <div class=\"de-text-content\">\n                       <h4 class=\"de-heading\">2010<\/h4>\n                                 <p>Das Ultima-L\u00fcftungsger\u00e4t wird seit 2010 erfolgreich hergestellt.Das Produkt verwendet einen 50 cm hohen Recair-W\u00e4rmetauscher mit einem thermischen Wirkungsgrad von \u00fcber 90 % und Motoren mit konstantem Luftstrom. Alles wird durch eine eigene Elektronik mit f\u00fcr die damalige Zeit sehr fortschrittlichen Funktionen gesteuert.<\/p>\n                    <\/div>\n          \t    <\/div>\n         <\/div>\n\t\t<div class=\"de-cols\">\n  \t\t <div class=\"de-col de-date\">\n            \t    <\/div>\n \t\t <div class=\"de-line\">\n          \t<div class=\"de-dot\">\n                       \t<div class=\"de-timeline-icon\">\n            \t<svg xmlns=\"http:\/\/www.w3.org\/2000\/svg\" viewbox=\"0 0 512 512\"><!--! Font Awesome Free 6.5.1 by @fontawesome - https:\/\/fontawesome.com License - https:\/\/fontawesome.com\/license\/free (Icons: CC BY 4.0, Fonts: SIL OFL 1.1, Code: MIT License) Copyright 2023 Fonticons, Inc. --><path d=\"M464 256A208 208 0 1 0 48 256a208 208 0 1 0 416 0zM0 256a256 256 0 1 1 512 0A256 256 0 1 1 0 256zm256-96a96 96 0 1 1 0 192 96 96 0 1 1 0-192z\"\/><\/svg>\n            <\/div>\n                       <\/div>\n          <\/div>\n       <div class=\"de-col de-content\">\n                     <img loading=\"lazy\" decoding=\"async\" class=\"breakdance-image-object\" src=\"https:\/\/a1magic.cool\/wp-content\/uploads\/2025\/07\/ultima_ierv_1.jpg\" width=\"1076\" height=\"562\" srcset=\"https:\/\/a1magic.cool\/wp-content\/uploads\/2025\/07\/ultima_ierv_1.jpg 1076w, https:\/\/a1magic.cool\/wp-content\/uploads\/2025\/07\/ultima_ierv_1-300x157.jpg 300w, https:\/\/a1magic.cool\/wp-content\/uploads\/2025\/07\/ultima_ierv_1-1024x535.jpg 1024w, https:\/\/a1magic.cool\/wp-content\/uploads\/2025\/07\/ultima_ierv_1-768x401.jpg 768w, https:\/\/a1magic.cool\/wp-content\/uploads\/2025\/07\/ultima_ierv_1-18x9.jpg 18w\" sizes=\"auto, (max-width: 1076px) 100vw, 1076px\">\n                            <div class=\"de-text-content\">\n                       <h4 class=\"de-heading\">2013<\/h4>\n                                 <p>Das Ultima i-ERV wird von denselben Entwicklern auf den Markt gebracht. Das Ger\u00e4t verwendet ein revolution\u00e4res Enthalpietauscherkonzept und ein sehr fortschrittliches propriet\u00e4res Steuerungssystem.<\/p>\n                    <\/div>\n          \t    <\/div>\n         <\/div>\n\t\t<div class=\"de-cols\">\n  \t\t <div class=\"de-col de-date\">\n            \t    <\/div>\n \t\t <div class=\"de-line\">\n          \t<div class=\"de-dot\">\n                       \t<div class=\"de-timeline-icon\">\n            \t<svg xmlns=\"http:\/\/www.w3.org\/2000\/svg\" viewbox=\"0 0 512 512\"><!--! Font Awesome Free 6.5.1 by @fontawesome - https:\/\/fontawesome.com License - https:\/\/fontawesome.com\/license\/free (Icons: CC BY 4.0, Fonts: SIL OFL 1.1, Code: MIT License) Copyright 2023 Fonticons, Inc. --><path d=\"M464 256A208 208 0 1 0 48 256a208 208 0 1 0 416 0zM0 256a256 256 0 1 1 512 0A256 256 0 1 1 0 256zm256-96a96 96 0 1 1 0 192 96 96 0 1 1 0-192z\"\/><\/svg>\n            <\/div>\n                       <\/div>\n          <\/div>\n       <div class=\"de-col de-content\">\n                     <img loading=\"lazy\" decoding=\"async\" class=\"breakdance-image-object\" src=\"https:\/\/a1magic.cool\/wp-content\/uploads\/2025\/07\/Rectangle-137.jpg\" width=\"536\" height=\"492\" srcset=\"https:\/\/a1magic.cool\/wp-content\/uploads\/2025\/07\/Rectangle-137.jpg 536w, https:\/\/a1magic.cool\/wp-content\/uploads\/2025\/07\/Rectangle-137-300x275.jpg 300w, https:\/\/a1magic.cool\/wp-content\/uploads\/2025\/07\/Rectangle-137-13x12.jpg 13w\" sizes=\"auto, (max-width: 536px) 100vw, 536px\">\n                            <div class=\"de-text-content\">\n                       <h4 class=\"de-heading\">2015<\/h4>\n                                 <p>Unter dem Dach eines gro\u00dfen tschechischen Unternehmens sind unsere Mitarbeiter an der Entwicklung eines v\u00f6llig neuen Produktportfolios beteiligt, das von einer zeitlosen W\u00e4rmer\u00fcckgewinnungsanlage angef\u00fchrt wird.Diese Zusammenarbeit endet im Herbst 2023.<\/p>\n                    <\/div>\n          \t    <\/div>\n         <\/div>\n\t\t<div class=\"de-cols\">\n  \t\t <div class=\"de-col de-date\">\n            \t    <\/div>\n \t\t <div class=\"de-line\">\n          \t<div class=\"de-dot\">\n                       \t<div class=\"de-timeline-icon\">\n            \t<svg xmlns=\"http:\/\/www.w3.org\/2000\/svg\" viewbox=\"0 0 512 512\"><!--! Font Awesome Free 6.5.1 by @fontawesome - https:\/\/fontawesome.com License - https:\/\/fontawesome.com\/license\/free (Icons: CC BY 4.0, Fonts: SIL OFL 1.1, Code: MIT License) Copyright 2023 Fonticons, Inc. --><path d=\"M464 256A208 208 0 1 0 48 256a208 208 0 1 0 416 0zM0 256a256 256 0 1 1 512 0A256 256 0 1 1 0 256zm256-96a96 96 0 1 1 0 192 96 96 0 1 1 0-192z\"\/><\/svg>\n            <\/div>\n                       <\/div>\n          <\/div>\n       <div class=\"de-col de-content\">\n                           <div class=\"de-text-content\">\n                       <h4 class=\"de-heading\">2024<\/h4>\n                                 <p>BIG MAGIC und eine neue Generation von L\u00fcftungsger\u00e4ten mit integrierter K\u00fchl-, Heiz- und zonaler L\u00fcftungssteuerung ist geboren. Wir pr\u00e4sentieren einen funktionierenden Prototyp auf der Messe For Arch in Prag.\u00a0<\/p>\n                    <\/div>\n          \t    <\/div>\n         <\/div>\n\t\t<div class=\"de-cols\">\n  \t\t <div class=\"de-col de-date\">\n            \t    <\/div>\n \t\t <div class=\"de-line\">\n          \t<div class=\"de-dot\">\n                       \t<div class=\"de-timeline-icon\">\n            \t<svg xmlns=\"http:\/\/www.w3.org\/2000\/svg\" viewbox=\"0 0 512 512\"><!--! Font Awesome Free 6.5.1 by @fontawesome - https:\/\/fontawesome.com License - https:\/\/fontawesome.com\/license\/free (Icons: CC BY 4.0, Fonts: SIL OFL 1.1, Code: MIT License) Copyright 2023 Fonticons, Inc. --><path d=\"M464 256A208 208 0 1 0 48 256a208 208 0 1 0 416 0zM0 256a256 256 0 1 1 512 0A256 256 0 1 1 0 256zm256-96a96 96 0 1 1 0 192 96 96 0 1 1 0-192z\"\/><\/svg>\n            <\/div>\n                       <\/div>\n          <\/div>\n       <div class=\"de-col de-content\">\n                     <img loading=\"lazy\" decoding=\"async\" class=\"breakdance-image-object\" src=\"https:\/\/a1magic.cool\/wp-content\/uploads\/2025\/07\/2025.jpg\" width=\"884\" height=\"442\" srcset=\"https:\/\/a1magic.cool\/wp-content\/uploads\/2025\/07\/2025.jpg 884w, https:\/\/a1magic.cool\/wp-content\/uploads\/2025\/07\/2025-300x150.jpg 300w, https:\/\/a1magic.cool\/wp-content\/uploads\/2025\/07\/2025-768x384.jpg 768w, https:\/\/a1magic.cool\/wp-content\/uploads\/2025\/07\/2025-18x9.jpg 18w\" sizes=\"auto, (max-width: 884px) 100vw, 884px\">\n                            <div class=\"de-text-content\">\n                       <h4 class=\"de-heading\">2025<\/h4>\n                                 <p>Wir nehmen an der wichtigen internationalen Fachmesse ISH teil in Frankfurt. Unser Stand st\u00f6\u00dft auf das Interesse von Partnern aus vielen L\u00e4ndern in Europa und au\u00dferhalb Europas.<\/p>\n                    <\/div>\n          \t    <\/div>\n         <\/div>\n<\/div><div class=\"bde-video-38-112 bde-video\">\n<div class=\"ee-video-container\">\n                                                                        \n                <lite-youtube\n                        videoid=\"dNMX_o6BjAk\"\n                                                style=\"background-image: url(https:\/\/i.ytimg.com\/vi\/dNMX_o6BjAk\/maxresdefault.jpg); \"\n                        class=\"ee-video\"\n                        title=\"\"\n                        params=\"&playsinline=0&rel=0&enablejsapi=1\"\n                >\n                <\/lite-youtube>\n                    \n        \n            \n    <\/div>\n\n<\/div><\/div>\n<\/section>","protected":false},"excerpt":{"rendered":"<p>Pr\u016fkopn\u00edci reziden\u010dn\u00edho v\u011btr\u00e1n\u00ed u\u017e od roku 2007 Jsme t\u00fdm nad\u0161enc\u016f do n\u00edzkoenergetick\u00e9ho bydlen\u00ed, s mnohalet\u00fdmi zku\u0161enostmi se vzduchotechnikou, chlazen\u00edm a vyt\u00e1p\u011bn\u00edm. N\u011bkte\u0159\u00ed z n\u00e1s p\u016fsob\u00ed v oboru u\u017e t\u00e9m\u011b\u0159 dvacet let. P\u0159e\u010dt\u011bte si v\u00edce o tom, \u010deho na\u0161i spolupracovn\u00edci v minulosti dos\u00e1hli. 2007 J\u00e1dro na\u0161eho t\u00fdmu za\u010d\u00edn\u00e1 podnikat v oboru klimatizace a vzduchotechnika. Klade p\u0159i [&hellip;]<\/p>\n","protected":false},"author":1,"featured_media":0,"parent":0,"menu_order":0,"comment_status":"closed","ping_status":"closed","template":"","meta":{"_acf_changed":false,"_breakdance_hide_in_design_set":false,"_breakdance_tags":"","footnotes":""},"class_list":["post-38","page","type-page","status-publish","hentry"],"acf":[],"_links":{"self":[{"href":"https:\/\/a1magic.cool\/de\/wp-json\/wp\/v2\/pages\/38","targetHints":{"allow":["GET"]}}],"collection":[{"href":"https:\/\/a1magic.cool\/de\/wp-json\/wp\/v2\/pages"}],"about":[{"href":"https:\/\/a1magic.cool\/de\/wp-json\/wp\/v2\/types\/page"}],"author":[{"embeddable":true,"href":"https:\/\/a1magic.cool\/de\/wp-json\/wp\/v2\/users\/1"}],"replies":[{"embeddable":true,"href":"https:\/\/a1magic.cool\/de\/wp-json\/wp\/v2\/comments?post=38"}],"version-history":[{"count":6,"href":"https:\/\/a1magic.cool\/de\/wp-json\/wp\/v2\/pages\/38\/revisions"}],"predecessor-version":[{"id":369,"href":"https:\/\/a1magic.cool\/de\/wp-json\/wp\/v2\/pages\/38\/revisions\/369"}],"wp:attachment":[{"href":"https:\/\/a1magic.cool\/de\/wp-json\/wp\/v2\/media?parent=38"}],"curies":[{"name":"wp","href":"https:\/\/api.w.org\/{rel}","templated":true}]}}