{"id":993,"date":"2025-09-10T06:13:35","date_gmt":"2025-09-10T06:13:35","guid":{"rendered":"https:\/\/a1magic.cool\/?page_id=993"},"modified":"2025-09-10T11:55:08","modified_gmt":"2025-09-10T11:55:08","slug":"controller","status":"publish","type":"page","link":"https:\/\/a1magic.cool\/be\/technologie\/ovladac\/","title":{"rendered":"Gezamenlijke controle over alle technologie\u00ebn"},"content":{"rendered":"<section class=\"bde-section-993-100 bde-section\">\n  \n  \n\t\n\n\n\n<div class=\"section-container\"><div class=\"bde-columns-993-101 bde-columns\"><div class=\"bde-column-993-102 bde-column\">\n  \n  \n\t\n\n\n\n<img decoding=\"async\" class=\"bde-image2-993-103 bde-image2\" src=\"https:\/\/a1magic.cool\/wp-content\/uploads\/2025\/07\/Sdruzene-ovladani-kopie.webp\" loading=\"lazy\" srcset=\"https:\/\/a1magic.cool\/wp-content\/uploads\/2025\/07\/Sdruzene-ovladani-kopie.webp 570w, https:\/\/a1magic.cool\/wp-content\/uploads\/2025\/07\/Sdruzene-ovladani-kopie-300x224.webp 300w\" sizes=\"(max-width: 570px) 100vw, 570px\" data-entrance=\"zoomIn\">\n<\/div><div class=\"bde-column-993-104 bde-column\">\n  \n  \n\t\n\n\n\n<h2 class=\"bde-heading-993-105 bde-heading\">\nGezamenlijke controle over alle technologie\u00ebn\n<\/h2><div class=\"bde-grid-993-106 bde-grid\">\n  \n  \n\t\n\n\n\n<div class=\"bde-icon-box-993-107 bde-icon-box\" data-entrance=\"zoomIn\">\n\n    \n            <div class=\"ee-iconbox-icon breakdance-icon-atom\" >\n    \n                    <svg xmlns=\"http:\/\/www.w3.org\/2000\/svg\" id=\"Vrstva_1\" version=\"1.1\" viewbox=\"0 0 30 30\">\r\n  <!-- Generator: Adobe Illustrator 29.7.1, SVG Export Plug-In . SVG Version: 2.1.1 Build 8)  -->\r\n  <defs>\r\n    <style>\r\n      .st0 {\r\n        fill: #7185a2;\r\n      }\r\n    <\/style>\r\n  <\/defs>\r\n  <path class=\"st0\" d=\"M15,3.43c1.36,0,2.47,1.15,2.47,2.54v12.6c1.15.79,1.9,2.11,1.9,3.61,0,2.42-1.96,4.38-4.38,4.38s-4.38-1.96-4.38-4.38c0-1.5.75-2.82,1.9-3.61V5.98c0-1.4,1.11-2.54,2.47-2.54M15,2.35c-1.96,0-3.56,1.63-3.56,3.63v12.07c-1.2,1.03-1.9,2.54-1.9,4.14,0,3.01,2.45,5.46,5.46,5.46s5.46-2.45,5.46-5.46c0-1.6-.7-3.11-1.9-4.14V5.98c0-2-1.59-3.63-3.56-3.63h0Z\"\/>\r\n  <path class=\"st0\" d=\"M15.68,7.32h-1.37c-.3,0-.54-.24-.54-.54s.24-.54.54-.54h1.37c.3,0,.54.24.54.54s-.24.54-.54.54Z\"\/>\r\n  <path class=\"st0\" d=\"M15.68,10.25h-1.37c-.3,0-.54-.24-.54-.54s.24-.54.54-.54h1.37c.3,0,.54.24.54.54s-.24.54-.54.54Z\"\/>\r\n  <path class=\"st0\" d=\"M15.68,13.18h-1.37c-.3,0-.54-.24-.54-.54s.24-.54.54-.54h1.37c.3,0,.54.24.54.54s-.24.54-.54.54Z\"\/>\r\n  <path class=\"st0\" d=\"M15.68,16.11h-1.37c-.3,0-.54-.24-.54-.54s.24-.54.54-.54h1.37c.3,0,.54.24.54.54s-.24.54-.54.54Z\"\/>\r\n  <path class=\"st0\" d=\"M15.68,19.03h-1.37c-.3,0-.54-.24-.54-.54s.24-.54.54-.54h1.37c.3,0,.54.24.54.54s-.24.54-.54.54Z\"\/>\r\n<\/svg>\n        \n        \n        \n            <\/div>\n    \n\n<div class=\"ee-iconbox-content\">\n      <h5 class=\"ee-iconbox-title bde-h3\" >Regeling van verwarming en koeling<\/h5>\n      <\/div>\n\n<\/div><div class=\"bde-icon-box-993-108 bde-icon-box\" data-entrance=\"zoomIn\">\n\n    \n            <div class=\"ee-iconbox-icon breakdance-icon-atom\" >\n    \n                    <svg xmlns=\"http:\/\/www.w3.org\/2000\/svg\" id=\"Vrstva_1\" version=\"1.1\" viewbox=\"0 0 30 30\">\r\n  <!-- Generator: Adobe Illustrator 29.7.1, SVG Export Plug-In . SVG Version: 2.1.1 Build 8)  -->\r\n  <defs>\r\n    <style>\r\n      .st0 {\r\n        fill: #7185a2;\r\n      }\r\n    <\/style>\r\n  <\/defs>\r\n  <path class=\"st0\" d=\"M27.66,13.39c-.52-1.53-1.67-2.56-3.15-2.84-2.44-.45-5.12,1.2-6.51,2.22l-.4.29-1.12-1.12v-.25c.05-.82.21-2.07.72-3.3.92-2.22,3.58-3.2,3.69-3.24.17-.06.3-.2.33-.38.03-.17-.03-.35-.16-.47-2.28-2.02-5.29-2.79-7.68-1.97-1.53.52-2.56,1.67-2.84,3.15-.45,2.44,1.2,5.12,2.22,6.5l.29.4-1.13,1.13h-.25c-.82-.05-2.05-.21-3.29-.72-2.24-.93-3.23-3.67-3.24-3.7-.06-.17-.2-.29-.38-.33-.17-.03-.35.03-.47.16-2.02,2.27-2.79,5.29-1.97,7.68.52,1.53,1.67,2.56,3.15,2.84.28.05.57.08.87.08,2.1,0,4.24-1.26,5.66-2.32l.4-.29,1.1,1.1v.25c-.05.83-.2,2.08-.72,3.34-.92,2.21-3.58,3.2-3.69,3.24-.17.06-.29.2-.33.38-.03.17.03.35.16.47,1.64,1.45,3.71,2.29,5.68,2.29.71,0,1.39-.11,2.01-.32,1.53-.52,2.56-1.67,2.84-3.15.46-2.45-1.21-5.14-2.24-6.53l-.29-.4,1.1-1.1h.25c.83.05,2.09.2,3.34.72,2.26.94,3.23,3.67,3.24,3.7.06.17.2.29.38.32.18.03.35-.03.47-.16,2.02-2.28,2.79-5.29,1.97-7.68ZM11.8,16.13l-.23.17c-1.09.83-3.22,2.23-5.19,2.23-.24,0-.48-.02-.71-.06-1.45-.27-2.1-1.33-2.39-2.18-.41-1.2-.43-3.21.74-5.26l.47-.83.51.8c.57.9,1.56,2.11,3.01,2.71.99.41,2.09.67,3.27.76l.53.04v1.62ZM11.53,5.67c.27-1.45,1.33-2.1,2.18-2.39.5-.17,1.06-.26,1.67-.26.84,0,2.15.17,3.6,1l.83.47-.8.51c-.9.57-2.11,1.56-2.71,3.01-.41.98-.66,2.07-.76,3.25l-.04.53h-1.63l-.17-.23c-.97-1.28-2.55-3.75-2.15-5.88ZM18.47,24.33c-.27,1.45-1.33,2.1-2.18,2.39-.49.17-1.07.26-1.67.26-.84,0-2.15-.17-3.59-1l-.83-.47.8-.51c.9-.57,2.11-1.56,2.71-3.01.41-1,.67-2.1.76-3.29l.04-.53h1.6l.17.22c.99,1.29,2.59,3.78,2.18,5.93ZM17.2,15.89l-1.29,1.29h-1.82l-1.29-1.29v-1.82l1.29-1.29h1.82l1.29,1.29v1.82ZM25.98,18.97l-.47.83-.51-.8c-.57-.9-1.56-2.11-3.01-2.71-.99-.41-2.09-.67-3.27-.76l-.53-.04v-1.61l.22-.17c1.29-.98,3.76-2.57,5.91-2.17,1.45.27,2.1,1.33,2.39,2.18.41,1.2.43,3.21-.74,5.27Z\"\/>\r\n<\/svg>\n        \n        \n        \n            <\/div>\n    \n\n<div class=\"ee-iconbox-content\">\n      <h5 class=\"ee-iconbox-title bde-h3\" >Ventilatieregeling<\/h5>\n      <\/div>\n\n<\/div><div class=\"bde-icon-box-993-109 bde-icon-box\" data-entrance=\"zoomIn\">\n\n    \n            <div class=\"ee-iconbox-icon breakdance-icon-atom\" >\n    \n                    <svg xmlns=\"http:\/\/www.w3.org\/2000\/svg\" id=\"Vrstva_1\" version=\"1.1\" viewbox=\"0 0 30 30\">\r\n  <!-- Generator: Adobe Illustrator 29.7.1, SVG Export Plug-In . SVG Version: 2.1.1 Build 8)  -->\r\n  <defs>\r\n    <style>\r\n      .st0 {\r\n        fill: #7185a2;\r\n      }\r\n    <\/style>\r\n  <\/defs>\r\n  <path class=\"st0\" d=\"M28.52,14.13h-6.51c-.32,0-.57.26-.57.57s.26.57.57.57h6.51c.32,0,.57-.26.57-.57s-.26-.57-.57-.57Z\"\/>\r\n  <path class=\"st0\" d=\"M16.8,14.13H1.48c-.32,0-.57.26-.57.57s.26.57.57.57h15.32c.32,0,.57-.26.57-.57s-.26-.57-.57-.57Z\"\/>\r\n  <path class=\"st0\" d=\"M28.52,19.14h-6.51c-.32,0-.57.26-.57.57s.26.57.57.57h6.51c.32,0,.57-.26.57-.57s-.26-.57-.57-.57Z\"\/>\r\n  <path class=\"st0\" d=\"M16.8,19.14H1.48c-.32,0-.57.26-.57.57s.26.57.57.57h15.32c.32,0,.57-.26.57-.57s-.26-.57-.57-.57Z\"\/>\r\n  <path class=\"st0\" d=\"M28.52,9.12h-6.51c-.32,0-.57.26-.57.57s.26.57.57.57h6.51c.32,0,.57-.26.57-.57s-.26-.57-.57-.57Z\"\/>\r\n  <path class=\"st0\" d=\"M16.8,9.12H1.48c-.32,0-.57.26-.57.57s.26.57.57.57h15.32c.32,0,.57-.26.57-.57s-.26-.57-.57-.57Z\"\/>\r\n  <path class=\"st0\" d=\"M28.52,4.1h-6.51c-.32,0-.57.26-.57.57s.26.57.57.57h6.51c.32,0,.57-.26.57-.57s-.26-.57-.57-.57Z\"\/>\r\n  <path class=\"st0\" d=\"M16.8,4.1H1.48c-.32,0-.57.26-.57.57s.26.57.57.57h15.32c.32,0,.57-.26.57-.57s-.26-.57-.57-.57Z\"\/>\r\n  <path class=\"st0\" d=\"M20.03,24.41V3.16c0-.32-.26-.57-.57-.57s-.57.26-.57.57v21.25c-.36.2-.61.59-.61,1.03,0,.65.53,1.18,1.18,1.18s1.18-.53,1.18-1.18c0-.44-.25-.83-.61-1.03Z\"\/>\r\n<\/svg>\n        \n        \n        \n            <\/div>\n    \n\n<div class=\"ee-iconbox-content\">\n      <h5 class=\"ee-iconbox-title bde-h3\" >Jaloeziebesturing<\/h5>\n      <\/div>\n\n<\/div><div class=\"bde-icon-box-993-110 bde-icon-box\" data-entrance=\"zoomIn\">\n\n    \n            <div class=\"ee-iconbox-icon breakdance-icon-atom\" >\n    \n                    <svg xmlns=\"http:\/\/www.w3.org\/2000\/svg\" id=\"Vrstva_1\" version=\"1.1\" viewbox=\"0 0 30 30\">\r\n  <!-- Generator: Adobe Illustrator 29.7.1, SVG Export Plug-In . SVG Version: 2.1.1 Build 8)  -->\r\n  <defs>\r\n    <style>\r\n      .st0 {\r\n        fill: #7185a2;\r\n      }\r\n    <\/style>\r\n  <\/defs>\r\n  <circle class=\"st0\" cx=\"20.71\" cy=\"7.26\" r=\"5.32\"\/>\r\n  <g id=\"NewGroupe5\">\r\n    <g id=\"NewGroup0-0\">\r\n      <path class=\"st0\" d=\"M15.5,20.37h-1.45c-.06,0-.11.01-.17.03h-.4c-.05-1.09.07-2.6.79-4.17.04-.09.08-.16.11-.23.08-.15.07-.33-.02-.48-.09-.14-.25-.23-.42-.23h-3.44c-.17,0-.33.09-.42.23-.09.14-.1.32-.02.48.03.07.07.14.11.23.72,1.57.84,3.08.79,4.18h-.3c-.06-.04-.14-.07-.22-.08-.1-.01-.19,0-.27.05h-1.24c-.21-1.93-1-3.76-2.24-5.2-1.11-1.3-1.74-2.95-1.75-4.66-.02-2.02.78-3.91,2.25-5.32,1.47-1.41,3.4-2.13,5.42-2.01,3.85.21,6.87,3.4,6.87,7.26,0,1.71-.6,3.37-1.7,4.67-1.28,1.53-2.07,3.34-2.29,5.26h0ZM12.49,20.37h-.55c.04-1.1-.07-2.56-.69-4.1h1.93c-.62,1.55-.73,3-.69,4.1h0ZM16.64,21.76v.25c0,.12-.06.23-.16.31-.06.05-.14.07-.22.07h-8.09c-.08,0-.16-.03-.22-.07-.1-.07-.16-.18-.16-.31v-.25c0-.21.17-.38.38-.38h8.09c.21,0,.38.17.38.38h0ZM16.13,24.04c0,.21-.17.38-.38.38h-7.05c-.21,0-.38-.17-.38-.38v-.25c0-.11.04-.2.12-.28.07-.07.16-.1.26-.1h7.05c.1,0,.19.04.26.1.08.07.12.17.12.28v.25h0ZM13.36,25.95c0,.63-.51,1.14-1.14,1.14s-1.14-.51-1.14-1.14v-.43h2.28v.43h0ZM20.47,10.44c0-4.38-3.42-8-7.79-8.24-1.16-.06-2.29.11-3.37.52-1.04.4-1.97.99-2.78,1.76-.81.77-1.44,1.68-1.88,2.7-.46,1.06-.69,2.18-.67,3.34.02,1.94.73,3.82,1.99,5.29,1.1,1.28,1.8,2.9,2,4.61-.65.1-1.14.67-1.14,1.34v.25c0,.43.21.84.56,1.1.03.02.07.05.1.07-.09.19-.14.39-.14.61v.25c0,.75.61,1.36,1.36,1.36h1.41v.55c0,1.17.95,2.12,2.12,2.12s2.12-.95,2.12-2.12v-.55h1.41c.75,0,1.36-.61,1.36-1.36v-.25c0-.21-.05-.42-.14-.61.03-.02.07-.04.1-.07.35-.26.56-.67.56-1.1v-.25c0-.68-.5-1.24-1.14-1.34.2-1.71.91-3.32,2.06-4.68,1.24-1.48,1.93-3.37,1.93-5.3h0Z\"\/>\r\n    <\/g>\r\n  <\/g>\r\n<\/svg>\n        \n        \n        \n            <\/div>\n    \n\n<div class=\"ee-iconbox-content\">\n      <h5 class=\"ee-iconbox-title bde-h3\" >De verlichting bedienen<\/h5>\n      <\/div>\n\n<\/div>\n<\/div>\n<\/div><\/div><\/div>\n<\/section><section class=\"bde-section-993-111 bde-section\">\n  \n  \n\t\n\n\n\n<div class=\"section-container\"><div class=\"bde-columns-993-112 bde-columns\"><div class=\"bde-column-993-113 bde-column\">\n  \n  \n\t\n\n\n\n<img decoding=\"async\" class=\"bde-image2-993-114 bde-image2\" src=\"https:\/\/a1magic.cool\/wp-content\/uploads\/2025\/09\/amr-op75-02_14.webp\" loading=\"lazy\" srcset=\"https:\/\/a1magic.cool\/wp-content\/uploads\/2025\/09\/amr-op75-02_14.webp 536w, https:\/\/a1magic.cool\/wp-content\/uploads\/2025\/09\/amr-op75-02_14-336x400.webp 336w, https:\/\/a1magic.cool\/wp-content\/uploads\/2025\/09\/amr-op75-02_14-10x12.webp 10w\" sizes=\"(max-width: 536px) 100vw, 536px\" data-entrance=\"zoomIn\">\n<\/div><div class=\"bde-column-993-115 bde-column\">\n  \n  \n\t\n\n\n\n<h2 class=\"bde-heading-993-116 bde-heading\">\nDrie principes van A1 MAGIC-besturing\n<\/h2><div class=\"bde-rich-text-993-117 bde-rich-text breakdance-rich-text-styles\">\n<p>1. Intu\u00eftief<\/p><p>2. Gerelateerde functies\u00a0<\/p><p>3. Bespaart geld\u00a0<\/p><p>Met \u00e9\u00e9n A1 MAGIC-systeem kunt u het volgende regelen <a href=\"https:\/\/a1magic.cool\/be\/grootmagie\/\">ventilatie<\/a>, verwarming, <a href=\"https:\/\/a1magic.cool\/be\/coolmagic\/\">koeling<\/a>, <a href=\"https:\/\/a1magic.cool\/be\/technologieen\/schaduwen\/\">afscherming<\/a> of lichten. Je vraagt je zeker af wat dit speciaal maakt? Er zijn immers veel van dit soort systemen.\u00a0<\/p><p>Ons unieke kenmerk is dat de slimme elektronica - het brein dat alles bestuurt - al deel uitmaakt van de ventilatie-eenheid. <a href=\"https:\/\/a1magic.cool\/be\/grootmagie\/\">Big Magic<\/a>.<\/p><p>Wat betekent dat voor jou? Alle functies zijn standaard beschikbaar zonder extra kosten. Je hoeft dus niet apart een ventilatie-eenheid, airconditioning, verwarmingsregeling of zonweringsregeling aan te schaffen.<\/p><p>U hoeft niet langer extra te betalen voor dure regeleenheden voor verwarming, jaloezie\u00ebn of verlichting. Big Magic doet het allemaal. Met \u00e9\u00e9n controller en \u00e9\u00e9n app.<\/p>\n<\/div>\n<\/div><\/div><\/div>\n<\/section><section class=\"bde-section-993-118 bde-section\">\n  \n  \n\t\n\n\n\n<div class=\"section-container\"><div class=\"bde-columns-993-119 bde-columns\"><div class=\"bde-column-993-120 bde-column\">\n  \n  \n\t\n\n\n\n<h2 class=\"bde-heading-993-121 bde-heading\">\nSmart home: verwarmingsregeling \n<\/h2><div class=\"bde-rich-text-993-122 bde-rich-text breakdance-rich-text-styles\">\n<p>Heb je elektrische verwarming of warmwaterverwarming? A1 MAGIC kan beide regelen.<\/p><p>In het geval van elektrische verwarming schakelen we individuele circuits met behulp van geschikte vermogensrelais.<\/p><p>Voor warmwaterverwarming schakelen we de individuele circuits met behulp van kleppen met actuators, binair (uit\/aan) of proportioneel.<\/p><p><a href=\"https:\/\/a1magic.cool\/be\/publieke-kb\/grote-magie-gebruiksaanwijzing\/#A1MCP\">A1MCP bestuurder<\/a> maakt rechtstreekse aansluiting van een noodtemperatuursensor op de vloer mogelijk om oververhitting van het circuit te detecteren.<\/p>\n<\/div>\n<\/div><div class=\"bde-column-993-123 bde-column\">\n  \n  \n\t\n\n\n\n<img decoding=\"async\" class=\"bde-image2-993-124 bde-image2\" src=\"https:\/\/a1magic.cool\/wp-content\/uploads\/2025\/09\/coolmagic_temperature_control.png\" loading=\"lazy\" srcset=\"https:\/\/a1magic.cool\/wp-content\/uploads\/2025\/09\/coolmagic_temperature_control.png 320w, https:\/\/a1magic.cool\/wp-content\/uploads\/2025\/09\/coolmagic_temperature_control-267x400.png 267w, https:\/\/a1magic.cool\/wp-content\/uploads\/2025\/09\/coolmagic_temperature_control-8x12.png 8w\" sizes=\"(max-width: 320px) 100vw, 320px\" data-entrance=\"zoomIn\">\n<\/div><\/div><\/div>\n<\/section><section class=\"bde-section-993-125 bde-section\">\n  \n  \n\t\n\n\n\n<div class=\"section-container\"><div class=\"bde-columns-993-126 bde-columns\"><div class=\"bde-column-993-127 bde-column\">\n  \n  \n\t\n\n\n\n<img decoding=\"async\" class=\"bde-image2-993-128 bde-image2\" src=\"https:\/\/a1magic.cool\/wp-content\/uploads\/2025\/09\/amr-op75_08-1.webp\" loading=\"lazy\" srcset=\"https:\/\/a1magic.cool\/wp-content\/uploads\/2025\/09\/amr-op75_08-1.webp 550w, https:\/\/a1magic.cool\/wp-content\/uploads\/2025\/09\/amr-op75_08-1-400x291.webp 400w, https:\/\/a1magic.cool\/wp-content\/uploads\/2025\/09\/amr-op75_08-1-18x12.webp 18w\" sizes=\"(max-width: 550px) 100vw, 550px\" data-entrance=\"zoomIn\">\n<\/div><div class=\"bde-column-993-129 bde-column\">\n  \n  \n\t\n\n\n\n<h2 class=\"bde-heading-993-130 bde-heading\">\nWat het A1MCP-stuurprogramma kan doen\n<\/h2><div class=\"bde-rich-text-993-131 bde-rich-text breakdance-rich-text-styles\">\n<ul><li>Kamertemperatuur meten van -10 \u00b0C tot +50 \u00b0C met een nauwkeurigheid van \u00b10,5 \u00b0C<\/li><li>Meet de relatieve vochtigheid in de ruimte van 20 % tot 80% met een nauwkeurigheid van \u00b13 % (bij rH 20 % tot 60 %)<\/li><li>Meet de concentratie CO<sub>2<\/sub> in het bereik van 400 ppm tot 2000 ppm met een nauwkeurigheid van \u00b1(50 ppm + 5 % van de aflezing)<\/li><li>RTD\/NTC-ingang voor vloertemperatuursensor<\/li><li>Relaisuitgang 0,25 A<\/li><\/ul><p><a href=\"https:\/\/a1magic.cool\/be\/publieke-kb\/grote-magie-gebruiksaanwijzing\/#A1MCP\">Kijk hoe gemakkelijk het te gebruiken is.<\/a><\/p>\n<\/div>\n<\/div><\/div><\/div>\n<\/section>","protected":false},"excerpt":{"rendered":"<p>Sdru\u017een\u00e9 ovl\u00e1d\u00e1n\u00ed v\u0161ech technologi\u00ed Ovl\u00e1d\u00e1n\u00ed topen\u00ed a chlazen\u00ed Ovl\u00e1d\u00e1n\u00ed v\u011btr\u00e1n\u00ed Ovl\u00e1d\u00e1n\u00ed \u017ealuzi\u00ed Ovl\u00e1d\u00e1n\u00ed sv\u011btel T\u0159i principy ovl\u00e1d\u00e1n\u00ed syst\u00e9mu A1 MAGIC 1. Intuitivn\u00ed2. Sdru\u017een\u00e9 funkce\u00a03. Spo\u0159\u00ed pen\u00edze\u00a0S jedn\u00edm syst\u00e9mem A1 MAGIC m\u016f\u017eete ovl\u00e1dat v\u011btr\u00e1n\u00ed, topen\u00ed, chlazen\u00ed, st\u00edn\u011bn\u00ed nebo sv\u011btel. Jist\u011b v\u00e1s zaj\u00edm\u00e1, v \u010dem je tohle v\u00fdjime\u010dn\u00e9? V\u017edy\u0165 takov\u00fdch syst\u00e9m\u016f existuje spousta.\u00a0Na\u0161e jedine\u010dnost je v tom, [&hellip;]<\/p>\n","protected":false},"author":1,"featured_media":0,"parent":21,"menu_order":0,"comment_status":"closed","ping_status":"closed","template":"","meta":{"_acf_changed":false,"_breakdance_hide_in_design_set":false,"_breakdance_tags":"","footnotes":""},"class_list":["post-993","page","type-page","status-publish","hentry"],"acf":[],"_links":{"self":[{"href":"https:\/\/a1magic.cool\/be\/wp-json\/wp\/v2\/pages\/993","targetHints":{"allow":["GET"]}}],"collection":[{"href":"https:\/\/a1magic.cool\/be\/wp-json\/wp\/v2\/pages"}],"about":[{"href":"https:\/\/a1magic.cool\/be\/wp-json\/wp\/v2\/types\/page"}],"author":[{"embeddable":true,"href":"https:\/\/a1magic.cool\/be\/wp-json\/wp\/v2\/users\/1"}],"replies":[{"embeddable":true,"href":"https:\/\/a1magic.cool\/be\/wp-json\/wp\/v2\/comments?post=993"}],"version-history":[{"count":9,"href":"https:\/\/a1magic.cool\/be\/wp-json\/wp\/v2\/pages\/993\/revisions"}],"predecessor-version":[{"id":1008,"href":"https:\/\/a1magic.cool\/be\/wp-json\/wp\/v2\/pages\/993\/revisions\/1008"}],"up":[{"embeddable":true,"href":"https:\/\/a1magic.cool\/be\/wp-json\/wp\/v2\/pages\/21"}],"wp:attachment":[{"href":"https:\/\/a1magic.cool\/be\/wp-json\/wp\/v2\/media?parent=993"}],"curies":[{"name":"wp","href":"https:\/\/api.w.org\/{rel}","templated":true}]}}