{"id":38,"date":"2025-07-04T07:39:04","date_gmt":"2025-07-04T07:39:04","guid":{"rendered":"https:\/\/a1magic.cool\/?page_id=38"},"modified":"2025-07-13T18:40:27","modified_gmt":"2025-07-13T18:40:27","slug":"over-ons","status":"publish","type":"page","link":"https:\/\/a1magic.cool\/be\/o-nas\/","title":{"rendered":"Over ons"},"content":{"rendered":"<section class=\"bde-section-38-100 bde-section\">\n  \n  \n\t\n\n\n\n<div class=\"section-container\"><div class=\"bde-columns-38-101 bde-columns\"><div class=\"bde-column-38-102 bde-column\">\n  \n  \n\t\n\n\n\n<h2 class=\"bde-heading-38-105 bde-heading\">\nPioniers op het gebied van woonhuisventilatie sinds 2007\n<\/h2>\n<\/div><div class=\"bde-column-38-104 bde-column\">\n  \n  \n\t\n\n\n\n<div class=\"bde-rich-text-38-106 bde-rich-text breakdance-rich-text-styles\">\n<p>Wij zijn een team van enthousiastelingen op het gebied van energiezuinig wonen met jarenlange ervaring in HVAC, koeling en verwarming.<\/p>\n<p>Sommigen van ons zitten al bijna twintig jaar in de sector.<\/p>\n<p>Lees meer over wat onze medewerkers in het verleden hebben bereikt.<\/p>\n<\/div>\n<\/div><\/div><\/div>\n<\/section><section class=\"bde-section-38-108 bde-section\">\n  \n  \n\t\n\n\n\n<div class=\"section-container\"><div class=\"de-timeline-38-110 de-timeline\">\n\n\n\n\n\n\t\t<div class=\"de-cols\">\n  \t\t <div class=\"de-col de-date\">\n            \t    <\/div>\n \t\t <div class=\"de-line\">\n          \t<div class=\"de-dot\">\n                       \t<div class=\"de-timeline-icon\">\n            \t<svg xmlns=\"http:\/\/www.w3.org\/2000\/svg\" viewbox=\"0 0 512 512\"><!--! Font Awesome Free 6.5.1 by @fontawesome - https:\/\/fontawesome.com License - https:\/\/fontawesome.com\/license\/free (Icons: CC BY 4.0, Fonts: SIL OFL 1.1, Code: MIT License) Copyright 2023 Fonticons, Inc. --><path d=\"M464 256A208 208 0 1 0 48 256a208 208 0 1 0 416 0zM0 256a256 256 0 1 1 512 0A256 256 0 1 1 0 256zm256-96a96 96 0 1 1 0 192 96 96 0 1 1 0-192z\"\/><\/svg>\n            <\/div>\n                       <\/div>\n          <\/div>\n       <div class=\"de-col de-content\">\n                     <img loading=\"lazy\" decoding=\"async\" class=\"breakdance-image-object\" src=\"https:\/\/a1magic.cool\/wp-content\/uploads\/2025\/07\/rozhovor_roman.jpg\" width=\"690\" height=\"434\" srcset=\"https:\/\/a1magic.cool\/wp-content\/uploads\/2025\/07\/rozhovor_roman.jpg 690w, https:\/\/a1magic.cool\/wp-content\/uploads\/2025\/07\/rozhovor_roman-300x189.jpg 300w, https:\/\/a1magic.cool\/wp-content\/uploads\/2025\/07\/rozhovor_roman-18x12.jpg 18w\" sizes=\"auto, (max-width: 690px) 100vw, 690px\">\n                            <div class=\"de-text-content\">\n                       <h4 class=\"de-heading\">2007<\/h4>\n                                 <p>De kern van ons team is het starten van een bedrijf in de HVAC-industrie. Daarbij wordt de nadruk gelegd op het leveren van uitsluitend hoogwaardige airconditioners.\u00a0<\/p>\n                    <\/div>\n          \t    <\/div>\n         <\/div>\n\t\t<div class=\"de-cols\">\n  \t\t <div class=\"de-col de-date\">\n            \t    <\/div>\n \t\t <div class=\"de-line\">\n          \t<div class=\"de-dot\">\n                       \t<div class=\"de-timeline-icon\">\n            \t<svg xmlns=\"http:\/\/www.w3.org\/2000\/svg\" viewbox=\"0 0 512 512\"><!--! Font Awesome Free 6.5.1 by @fontawesome - https:\/\/fontawesome.com License - https:\/\/fontawesome.com\/license\/free (Icons: CC BY 4.0, Fonts: SIL OFL 1.1, Code: MIT License) Copyright 2023 Fonticons, Inc. --><path d=\"M464 256A208 208 0 1 0 48 256a208 208 0 1 0 416 0zM0 256a256 256 0 1 1 512 0A256 256 0 1 1 0 256zm256-96a96 96 0 1 1 0 192 96 96 0 1 1 0-192z\"\/><\/svg>\n            <\/div>\n                       <\/div>\n          <\/div>\n       <div class=\"de-col de-content\">\n                           <div class=\"de-text-content\">\n                       <h4 class=\"de-heading\">2008<\/h4>\n                                 <p>De focus verschuift vooral naar de sector van ventilatoren met warmteterugwinning - de installatie van Canadese Lifebreath ventilatoren met warmteterugwinning.In een tijd waarin deze technologie nog vrijwel onbekend is, geven ze hun collega's voorlichting over de markt en behoren ze zo tot de pioniers op dit gebied in het land.<\/p>\n                    <\/div>\n          \t    <\/div>\n         <\/div>\n\t\t<div class=\"de-cols\">\n  \t\t <div class=\"de-col de-date\">\n            \t    <\/div>\n \t\t <div class=\"de-line\">\n          \t<div class=\"de-dot\">\n                       \t<div class=\"de-timeline-icon\">\n            \t<svg xmlns=\"http:\/\/www.w3.org\/2000\/svg\" viewbox=\"0 0 512 512\"><!--! Font Awesome Free 6.5.1 by @fontawesome - https:\/\/fontawesome.com License - https:\/\/fontawesome.com\/license\/free (Icons: CC BY 4.0, Fonts: SIL OFL 1.1, Code: MIT License) Copyright 2023 Fonticons, Inc. --><path d=\"M464 256A208 208 0 1 0 48 256a208 208 0 1 0 416 0zM0 256a256 256 0 1 1 512 0A256 256 0 1 1 0 256zm256-96a96 96 0 1 1 0 192 96 96 0 1 1 0-192z\"\/><\/svg>\n            <\/div>\n                       <\/div>\n          <\/div>\n       <div class=\"de-col de-content\">\n                     <img loading=\"lazy\" decoding=\"async\" class=\"breakdance-image-object\" src=\"https:\/\/a1magic.cool\/wp-content\/uploads\/2025\/07\/ultima_komplet.jpg\" width=\"580\" height=\"562\" srcset=\"https:\/\/a1magic.cool\/wp-content\/uploads\/2025\/07\/ultima_komplet.jpg 580w, https:\/\/a1magic.cool\/wp-content\/uploads\/2025\/07\/ultima_komplet-300x291.jpg 300w, https:\/\/a1magic.cool\/wp-content\/uploads\/2025\/07\/ultima_komplet-12x12.jpg 12w\" sizes=\"auto, (max-width: 580px) 100vw, 580px\">\n                            <div class=\"de-text-content\">\n                       <h4 class=\"de-heading\">2009<\/h4>\n                                 <p>Het eerste prototype van het nieuwe Ultima toestel wordt gebouwd in de werkplaats in Vizovice. Een ontwerper die vandaag de dag nog steeds bij ons werkt, werkte mee aan het eigenlijke mechanische ontwerp.<\/p>\n                    <\/div>\n          \t    <\/div>\n         <\/div>\n\t\t<div class=\"de-cols\">\n  \t\t <div class=\"de-col de-date\">\n            \t    <\/div>\n \t\t <div class=\"de-line\">\n          \t<div class=\"de-dot\">\n                       \t<div class=\"de-timeline-icon\">\n            \t<svg xmlns=\"http:\/\/www.w3.org\/2000\/svg\" viewbox=\"0 0 512 512\"><!--! Font Awesome Free 6.5.1 by @fontawesome - https:\/\/fontawesome.com License - https:\/\/fontawesome.com\/license\/free (Icons: CC BY 4.0, Fonts: SIL OFL 1.1, Code: MIT License) Copyright 2023 Fonticons, Inc. --><path d=\"M464 256A208 208 0 1 0 48 256a208 208 0 1 0 416 0zM0 256a256 256 0 1 1 512 0A256 256 0 1 1 0 256zm256-96a96 96 0 1 1 0 192 96 96 0 1 1 0-192z\"\/><\/svg>\n            <\/div>\n                       <\/div>\n          <\/div>\n       <div class=\"de-col de-content\">\n                     <img loading=\"lazy\" decoding=\"async\" class=\"breakdance-image-object\" src=\"https:\/\/a1magic.cool\/wp-content\/uploads\/2025\/07\/ultima_front_1-1.jpg\" width=\"981\" height=\"442\" srcset=\"https:\/\/a1magic.cool\/wp-content\/uploads\/2025\/07\/ultima_front_1-1.jpg 981w, https:\/\/a1magic.cool\/wp-content\/uploads\/2025\/07\/ultima_front_1-1-300x135.jpg 300w, https:\/\/a1magic.cool\/wp-content\/uploads\/2025\/07\/ultima_front_1-1-768x346.jpg 768w, https:\/\/a1magic.cool\/wp-content\/uploads\/2025\/07\/ultima_front_1-1-18x8.jpg 18w\" sizes=\"auto, (max-width: 981px) 100vw, 981px\">\n                            <div class=\"de-text-content\">\n                       <h4 class=\"de-heading\">2010<\/h4>\n                                 <p>De Ultima ventilatie-unit wordt sinds 2010 met succes geproduceerd.Het product maakt gebruik van een 50 cm hoge Recair warmtewisselaar met een thermisch rendement van meer dan 90 % en motoren met constante luchtstroom. Alles wordt geregeld door eigen elektronica met zeer geavanceerde functies voor die tijd.<\/p>\n                    <\/div>\n          \t    <\/div>\n         <\/div>\n\t\t<div class=\"de-cols\">\n  \t\t <div class=\"de-col de-date\">\n            \t    <\/div>\n \t\t <div class=\"de-line\">\n          \t<div class=\"de-dot\">\n                       \t<div class=\"de-timeline-icon\">\n            \t<svg xmlns=\"http:\/\/www.w3.org\/2000\/svg\" viewbox=\"0 0 512 512\"><!--! Font Awesome Free 6.5.1 by @fontawesome - https:\/\/fontawesome.com License - https:\/\/fontawesome.com\/license\/free (Icons: CC BY 4.0, Fonts: SIL OFL 1.1, Code: MIT License) Copyright 2023 Fonticons, Inc. --><path d=\"M464 256A208 208 0 1 0 48 256a208 208 0 1 0 416 0zM0 256a256 256 0 1 1 512 0A256 256 0 1 1 0 256zm256-96a96 96 0 1 1 0 192 96 96 0 1 1 0-192z\"\/><\/svg>\n            <\/div>\n                       <\/div>\n          <\/div>\n       <div class=\"de-col de-content\">\n                     <img loading=\"lazy\" decoding=\"async\" class=\"breakdance-image-object\" src=\"https:\/\/a1magic.cool\/wp-content\/uploads\/2025\/07\/ultima_ierv_1.jpg\" width=\"1076\" height=\"562\" srcset=\"https:\/\/a1magic.cool\/wp-content\/uploads\/2025\/07\/ultima_ierv_1.jpg 1076w, https:\/\/a1magic.cool\/wp-content\/uploads\/2025\/07\/ultima_ierv_1-300x157.jpg 300w, https:\/\/a1magic.cool\/wp-content\/uploads\/2025\/07\/ultima_ierv_1-1024x535.jpg 1024w, https:\/\/a1magic.cool\/wp-content\/uploads\/2025\/07\/ultima_ierv_1-768x401.jpg 768w, https:\/\/a1magic.cool\/wp-content\/uploads\/2025\/07\/ultima_ierv_1-18x9.jpg 18w\" sizes=\"auto, (max-width: 1076px) 100vw, 1076px\">\n                            <div class=\"de-text-content\">\n                       <h4 class=\"de-heading\">2013<\/h4>\n                                 <p>De Ultima i-ERV is gelanceerd door dezelfde ontwerpers. Het apparaat maakt gebruik van een volledig revolutionair enthalpie-wisselaar concept en een zeer geavanceerd eigen regelsysteem.<\/p>\n                    <\/div>\n          \t    <\/div>\n         <\/div>\n\t\t<div class=\"de-cols\">\n  \t\t <div class=\"de-col de-date\">\n            \t    <\/div>\n \t\t <div class=\"de-line\">\n          \t<div class=\"de-dot\">\n                       \t<div class=\"de-timeline-icon\">\n            \t<svg xmlns=\"http:\/\/www.w3.org\/2000\/svg\" viewbox=\"0 0 512 512\"><!--! Font Awesome Free 6.5.1 by @fontawesome - https:\/\/fontawesome.com License - https:\/\/fontawesome.com\/license\/free (Icons: CC BY 4.0, Fonts: SIL OFL 1.1, Code: MIT License) Copyright 2023 Fonticons, Inc. --><path d=\"M464 256A208 208 0 1 0 48 256a208 208 0 1 0 416 0zM0 256a256 256 0 1 1 512 0A256 256 0 1 1 0 256zm256-96a96 96 0 1 1 0 192 96 96 0 1 1 0-192z\"\/><\/svg>\n            <\/div>\n                       <\/div>\n          <\/div>\n       <div class=\"de-col de-content\">\n                     <img loading=\"lazy\" decoding=\"async\" class=\"breakdance-image-object\" src=\"https:\/\/a1magic.cool\/wp-content\/uploads\/2025\/07\/Rectangle-137.jpg\" width=\"536\" height=\"492\" srcset=\"https:\/\/a1magic.cool\/wp-content\/uploads\/2025\/07\/Rectangle-137.jpg 536w, https:\/\/a1magic.cool\/wp-content\/uploads\/2025\/07\/Rectangle-137-300x275.jpg 300w, https:\/\/a1magic.cool\/wp-content\/uploads\/2025\/07\/Rectangle-137-13x12.jpg 13w\" sizes=\"auto, (max-width: 536px) 100vw, 536px\">\n                            <div class=\"de-text-content\">\n                       <h4 class=\"de-heading\">2015<\/h4>\n                                 <p>Onder de paraplu van een groot Tsjechisch bedrijf zijn onze mensen betrokken bij de creatie van een volledig nieuw portfolio van producten geleid door een tijdloze warmteterugwinningseenheid.Deze samenwerking eindigt in de herfst van 2023.<\/p>\n                    <\/div>\n          \t    <\/div>\n         <\/div>\n\t\t<div class=\"de-cols\">\n  \t\t <div class=\"de-col de-date\">\n            \t    <\/div>\n \t\t <div class=\"de-line\">\n          \t<div class=\"de-dot\">\n                       \t<div class=\"de-timeline-icon\">\n            \t<svg xmlns=\"http:\/\/www.w3.org\/2000\/svg\" viewbox=\"0 0 512 512\"><!--! Font Awesome Free 6.5.1 by @fontawesome - https:\/\/fontawesome.com License - https:\/\/fontawesome.com\/license\/free (Icons: CC BY 4.0, Fonts: SIL OFL 1.1, Code: MIT License) Copyright 2023 Fonticons, Inc. --><path d=\"M464 256A208 208 0 1 0 48 256a208 208 0 1 0 416 0zM0 256a256 256 0 1 1 512 0A256 256 0 1 1 0 256zm256-96a96 96 0 1 1 0 192 96 96 0 1 1 0-192z\"\/><\/svg>\n            <\/div>\n                       <\/div>\n          <\/div>\n       <div class=\"de-col de-content\">\n                           <div class=\"de-text-content\">\n                       <h4 class=\"de-heading\">2024<\/h4>\n                                 <p>BIG MAGIC en een nieuwe generatie ventilatie-units met ge\u00efntegreerde koeling, verwarming en zonale ventilatieregeling is geboren. We presenteren een werkend prototype op de For Arch-beurs in Praag.\u00a0<\/p>\n                    <\/div>\n          \t    <\/div>\n         <\/div>\n\t\t<div class=\"de-cols\">\n  \t\t <div class=\"de-col de-date\">\n            \t    <\/div>\n \t\t <div class=\"de-line\">\n          \t<div class=\"de-dot\">\n                       \t<div class=\"de-timeline-icon\">\n            \t<svg xmlns=\"http:\/\/www.w3.org\/2000\/svg\" viewbox=\"0 0 512 512\"><!--! Font Awesome Free 6.5.1 by @fontawesome - https:\/\/fontawesome.com License - https:\/\/fontawesome.com\/license\/free (Icons: CC BY 4.0, Fonts: SIL OFL 1.1, Code: MIT License) Copyright 2023 Fonticons, Inc. --><path d=\"M464 256A208 208 0 1 0 48 256a208 208 0 1 0 416 0zM0 256a256 256 0 1 1 512 0A256 256 0 1 1 0 256zm256-96a96 96 0 1 1 0 192 96 96 0 1 1 0-192z\"\/><\/svg>\n            <\/div>\n                       <\/div>\n          <\/div>\n       <div class=\"de-col de-content\">\n                     <img loading=\"lazy\" decoding=\"async\" class=\"breakdance-image-object\" src=\"https:\/\/a1magic.cool\/wp-content\/uploads\/2025\/07\/2025.jpg\" width=\"884\" height=\"442\" srcset=\"https:\/\/a1magic.cool\/wp-content\/uploads\/2025\/07\/2025.jpg 884w, https:\/\/a1magic.cool\/wp-content\/uploads\/2025\/07\/2025-300x150.jpg 300w, https:\/\/a1magic.cool\/wp-content\/uploads\/2025\/07\/2025-768x384.jpg 768w, https:\/\/a1magic.cool\/wp-content\/uploads\/2025\/07\/2025-18x9.jpg 18w\" sizes=\"auto, (max-width: 884px) 100vw, 884px\">\n                            <div class=\"de-text-content\">\n                       <h4 class=\"de-heading\">2025<\/h4>\n                                 <p>We nemen deel aan de belangrijke internationale handelsbeurs ISH Frankfurt. Onze stand trekt de belangstelling van partners uit vele landen in Europa en daarbuiten.<\/p>\n                    <\/div>\n          \t    <\/div>\n         <\/div>\n<\/div><div class=\"bde-video-38-112 bde-video\">\n<div class=\"ee-video-container\">\n                                                                        \n                <lite-youtube\n                        videoid=\"dNMX_o6BjAk\"\n                                                style=\"background-image: url(https:\/\/i.ytimg.com\/vi\/dNMX_o6BjAk\/maxresdefault.jpg); \"\n                        class=\"ee-video\"\n                        title=\"\"\n                        params=\"&playsinline=0&rel=0&enablejsapi=1\"\n                >\n                <\/lite-youtube>\n                    \n        \n            \n    <\/div>\n\n<\/div><\/div>\n<\/section>","protected":false},"excerpt":{"rendered":"<p>Pr\u016fkopn\u00edci reziden\u010dn\u00edho v\u011btr\u00e1n\u00ed u\u017e od roku 2007 Jsme t\u00fdm nad\u0161enc\u016f do n\u00edzkoenergetick\u00e9ho bydlen\u00ed, s mnohalet\u00fdmi zku\u0161enostmi se vzduchotechnikou, chlazen\u00edm a vyt\u00e1p\u011bn\u00edm. N\u011bkte\u0159\u00ed z n\u00e1s p\u016fsob\u00ed v oboru u\u017e t\u00e9m\u011b\u0159 dvacet let. P\u0159e\u010dt\u011bte si v\u00edce o tom, \u010deho na\u0161i spolupracovn\u00edci v minulosti dos\u00e1hli. 2007 J\u00e1dro na\u0161eho t\u00fdmu za\u010d\u00edn\u00e1 podnikat v oboru klimatizace a vzduchotechnika. Klade p\u0159i [&hellip;]<\/p>\n","protected":false},"author":1,"featured_media":0,"parent":0,"menu_order":0,"comment_status":"closed","ping_status":"closed","template":"","meta":{"_acf_changed":false,"_breakdance_hide_in_design_set":false,"_breakdance_tags":"","footnotes":""},"class_list":["post-38","page","type-page","status-publish","hentry"],"acf":[],"_links":{"self":[{"href":"https:\/\/a1magic.cool\/be\/wp-json\/wp\/v2\/pages\/38","targetHints":{"allow":["GET"]}}],"collection":[{"href":"https:\/\/a1magic.cool\/be\/wp-json\/wp\/v2\/pages"}],"about":[{"href":"https:\/\/a1magic.cool\/be\/wp-json\/wp\/v2\/types\/page"}],"author":[{"embeddable":true,"href":"https:\/\/a1magic.cool\/be\/wp-json\/wp\/v2\/users\/1"}],"replies":[{"embeddable":true,"href":"https:\/\/a1magic.cool\/be\/wp-json\/wp\/v2\/comments?post=38"}],"version-history":[{"count":6,"href":"https:\/\/a1magic.cool\/be\/wp-json\/wp\/v2\/pages\/38\/revisions"}],"predecessor-version":[{"id":369,"href":"https:\/\/a1magic.cool\/be\/wp-json\/wp\/v2\/pages\/38\/revisions\/369"}],"wp:attachment":[{"href":"https:\/\/a1magic.cool\/be\/wp-json\/wp\/v2\/media?parent=38"}],"curies":[{"name":"wp","href":"https:\/\/api.w.org\/{rel}","templated":true}]}}